{"id":641,"date":"2021-12-16T08:15:01","date_gmt":"2021-12-16T08:15:01","guid":{"rendered":"https:\/\/cool-style.md\/?post_type=product&#038;p=641"},"modified":"2026-01-05T19:47:14","modified_gmt":"2026-01-05T19:47:14","slug":"nishman-hair-comb-034","status":"publish","type":"product","link":"https:\/\/cool-style.md\/ro\/product\/nishman-hair-comb-034\/","title":{"rendered":"Pieptene de texturare p\u0103rului Nishman Hair Comb 034"},"content":{"rendered":"<h2><span style=\"font-size: 75%;\">Pieptene pentru aranjarea p\u0103rului Nishman Hair Comb 034<\/span><\/h2>\n<p>Pieptene profesional de texturare <a href=\"https:\/\/nishman.com.tr\/\" target=\"_blank\" rel=\"noopener\">Nishman<\/a> este un <a href=\"https:\/\/cool-style.md\/ro\/accesorii\/\">accesoriu<\/a> de coafur\u0103 indispensabil care poate fi folosit \u00een diverse scopuri. Perfect pentru tuns \u0219i coafat p\u0103rul de orice tip si lungime. Fabricat din plastic durabil, rezistent la c\u0103ldur\u0103 \u0219i antistatic, se potrive\u0219te confortabil \u00een m\u00e2n\u0103. Pieptene combinat, din\u021bii de diferite dimensiuni sunt realiza\u021bi pe trei p\u0103r\u021bi &#8211; mic, mediu \u0219i mare. Folosit \u00een mod obi\u0219nuit de c\u0103tre stilisti \u00een saloane, cu toate acestea, poate fi folosit acas\u0103.<\/p>\n<p><strong>Material:<\/strong> plastic<\/p>\n<p><b>Culoare:\u00a0<\/b>neagr\u0103<\/p>","protected":false},"excerpt":{"rendered":"<p><span style=\"font-size: 100%;\">Nishman Hair Comb 034 este ideal pentru tunderea \u0219i coafarea p\u0103rului.<\/span><span style=\"font-size: 100%;\"><\/span><\/p>\n","protected":false},"featured_media":642,"template":"","meta":[],"product_brand":[],"product_cat":[29,131],"product_tag":[],"class_list":{"0":"post-641","1":"product","2":"type-product","3":"status-publish","4":"has-post-thumbnail","6":"product_cat-accesorii","7":"product_cat-piepteni-si-perii","8":"pa_brand-nishman","9":"pa_felul-produsului-tip-pieptene","10":"pa_producator-turcia","12":"first","13":"instock","14":"shipping-taxable","15":"purchasable","16":"product-type-simple"},"_links":{"self":[{"href":"https:\/\/cool-style.md\/ro\/wp-json\/wp\/v2\/product\/641","targetHints":{"allow":["GET"]}}],"collection":[{"href":"https:\/\/cool-style.md\/ro\/wp-json\/wp\/v2\/product"}],"about":[{"href":"https:\/\/cool-style.md\/ro\/wp-json\/wp\/v2\/types\/product"}],"wp:featuredmedia":[{"embeddable":true,"href":"https:\/\/cool-style.md\/ro\/wp-json\/wp\/v2\/media\/642"}],"wp:attachment":[{"href":"https:\/\/cool-style.md\/ro\/wp-json\/wp\/v2\/media?parent=641"}],"wp:term":[{"taxonomy":"product_brand","embeddable":true,"href":"https:\/\/cool-style.md\/ro\/wp-json\/wp\/v2\/product_brand?post=641"},{"taxonomy":"product_cat","embeddable":true,"href":"https:\/\/cool-style.md\/ro\/wp-json\/wp\/v2\/product_cat?post=641"},{"taxonomy":"product_tag","embeddable":true,"href":"https:\/\/cool-style.md\/ro\/wp-json\/wp\/v2\/product_tag?post=641"}],"curies":[{"name":"wp","href":"https:\/\/api.w.org\/{rel}","templated":true}]}}