{"id":6420,"date":"2025-10-04T08:36:33","date_gmt":"2025-10-04T08:36:33","guid":{"rendered":"https:\/\/cool-style.md\/?post_type=product&#038;p=6420"},"modified":"2025-10-04T08:47:03","modified_gmt":"2025-10-04T08:47:03","slug":"stylance-double-brush-cleaner-professional","status":"publish","type":"product","link":"https:\/\/cool-style.md\/ro\/product\/stylance-double-brush-cleaner-professional\/","title":{"rendered":"Aparat de cura\u021bare pentru perii coafor Stylance Double Brush Cleaner Professional"},"content":{"rendered":"<h2 style=\"text-align: center;\">Aparat de cura\u021bare pentru perii coafor Stylance Double Brush Cleaner Professional<\/h2>\n<p><strong><a href=\"https:\/\/cool-style.md\/wp-content\/uploads\/2025\/10\/Cool-style.md-Aparat-de-curatare-pentru-perii-coafor-Stylance-Double-Brush-Cleaner-Professional-.jpg\"><img decoding=\"async\" class=\" wp-image-6421 alignleft\" src=\"https:\/\/cool-style.md\/wp-content\/uploads\/2025\/10\/Cool-style.md-Aparat-de-curatare-pentru-perii-coafor-Stylance-Double-Brush-Cleaner-Professional--600x400.jpg\" alt=\"Cool-style.md Aparat de cura\u021bare pentru perii coafor Stylance Double Brush Cleaner Professional\" width=\"344\" height=\"229\" srcset=\"https:\/\/cool-style.md\/wp-content\/uploads\/2025\/10\/Cool-style.md-Aparat-de-curatare-pentru-perii-coafor-Stylance-Double-Brush-Cleaner-Professional--600x400.jpg 600w, https:\/\/cool-style.md\/wp-content\/uploads\/2025\/10\/Cool-style.md-Aparat-de-curatare-pentru-perii-coafor-Stylance-Double-Brush-Cleaner-Professional--1200x800.jpg 1200w, https:\/\/cool-style.md\/wp-content\/uploads\/2025\/10\/Cool-style.md-Aparat-de-curatare-pentru-perii-coafor-Stylance-Double-Brush-Cleaner-Professional--768x512.jpg 768w, https:\/\/cool-style.md\/wp-content\/uploads\/2025\/10\/Cool-style.md-Aparat-de-curatare-pentru-perii-coafor-Stylance-Double-Brush-Cleaner-Professional--510x340.jpg 510w, https:\/\/cool-style.md\/wp-content\/uploads\/2025\/10\/Cool-style.md-Aparat-de-curatare-pentru-perii-coafor-Stylance-Double-Brush-Cleaner-Professional-.jpg 1280w\" sizes=\"(max-width: 344px) 100vw, 344px\" \/><\/a><\/strong><strong data-start=\"1178\" data-end=\"1253\"><a href=\"https:\/\/cool-style.md\/ro\/felul-produsului\/curatator\/\">Aparat electric pentru cur\u0103\u021barea<\/a> perii pentru styling <a href=\"https:\/\/stylance.one\/\" target=\"_blank\" rel=\"noopener\">Stylance<\/a> (STY083)<\/strong> \u2014 un instrument indispensabil \u00een arsenalul oric\u0103rui stilist. \u00cendep\u0103rteaz\u0103 cu delicate\u021be praful, firele de p\u0103r \u0219i reziduurile produselor de styling, dezinfecteaz\u0103 periile \u0219i asigur\u0103 un nivel ridicat de igien\u0103 pentru clien\u021bi.<\/p>\n<p>&nbsp;<\/p>\n<ul data-start=\"1479\" data-end=\"2069\">\n<li data-start=\"1479\" data-end=\"1610\">\n<p data-start=\"1481\" data-end=\"1610\">Aburul puternic asigur\u0103 o cur\u0103\u021bare profund\u0103 \u0219i eliminarea bacteriilor, fungilor \u0219i viru\u0219ilor, chiar \u0219i \u00een zone greu accesibile.<\/p>\n<\/li>\n<li data-start=\"1611\" data-end=\"1742\">\n<p data-start=\"1613\" data-end=\"1742\">Din pachet fac parte: perie de rezerv\u0103, p\u00e2lnie pentru ap\u0103, foarfece \u2014 tot ce ave\u021bi nevoie pentru pornirea rapid\u0103 a activit\u0103\u021bii.<\/p>\n<\/li>\n<li data-start=\"1743\" data-end=\"1875\">\n<p data-start=\"1745\" data-end=\"1875\">Specifica\u021bii tehnice fiabile: 1200 W putere, abur la 100 \u00b0C, nivel redus de zgomot (\u2264 83 dB), oprire automat\u0103 la supra\u00eenc\u0103lzire.<\/p>\n<\/li>\n<li data-start=\"1876\" data-end=\"1979\">\n<p data-start=\"1878\" data-end=\"1979\">Dimensiuni compacte (260\u00d7160\u00d7340 mm) \u0219i greutate \u00een jur de 2,8 kg \u2013 u\u0219or de manevrat \u0219i pozi\u021bionat.<\/p>\n<\/li>\n<li data-start=\"1980\" data-end=\"2069\">\n<p data-start=\"1982\" data-end=\"2069\">Cur\u0103\u021bare rapid\u0103: \u00een doar 2\u20133 minute periile sunt preg\u0103tite pentru utilizare ulterioar\u0103.<\/p>\n<\/li>\n<\/ul>\n<div><strong>Pachetul include:<\/strong> dispozitiv, perie suplimentar\u0103, foarfece \u0219i p\u00e2lnie de ap\u0103.<\/div>\n<div><\/div>\n<div><strong>Specifica\u021bii:<\/strong><\/div>\n<ul>\n<li>Tensiune nominal\u0103: 110 V sau 220\u2013240 V ~, 50\/60 Hz;<\/li>\n<li>Putere nominal\u0103: 1200 W;<\/li>\n<li>Abur &#8211; 100\u00b0C<\/li>\n<li>Dimensiuni: 260 x 160 x 340 mm;<\/li>\n<li>Greutate: aproximativ 2,8 kg;<\/li>\n<li>Zgomot de func\u021bionare: \u2264 83 dB;<\/li>\n<li>Lungime cablu de alimentare: 1,8 m.<\/li>\n<\/ul>\n<p data-start=\"2071\" data-end=\"2257\">Acest dispozitiv reprezint\u0103 garan\u021bia cur\u0103\u021beniei, siguran\u021bei \u0219i imaginii profesionale pentru salonul t\u0103u. Cre\u0219te \u00eencrederea clien\u021bilor \u0219i calitatea serviciilor cu aceast\u0103 solu\u021bie modern\u0103!<\/p>","protected":false},"excerpt":{"rendered":"<p><span style=\"font-size: 100%;\">Stylance Double Brush Cleaner Professional reprezint\u0103 garan\u021bia cur\u0103\u021beniei, siguran\u021bei \u0219i imaginii profesionale pentru salonul t\u0103u.<\/span><span style=\"font-size: 100%;\"><\/span><\/p>\n","protected":false},"featured_media":6434,"template":"","meta":[],"product_brand":[],"product_cat":[29,246,132],"product_tag":[],"class_list":{"0":"post-6420","1":"product","2":"type-product","3":"status-publish","4":"has-post-thumbnail","6":"product_cat-accesorii","7":"product_cat-tehnica-de-styling","8":"product_cat-diverse-accesorii","9":"pa_brand-stylance","10":"pa_felul-produsului-curatator","11":"pa_producator-china","13":"first","14":"instock","15":"featured","16":"shipping-taxable","17":"purchasable","18":"product-type-simple"},"_links":{"self":[{"href":"https:\/\/cool-style.md\/ro\/wp-json\/wp\/v2\/product\/6420","targetHints":{"allow":["GET"]}}],"collection":[{"href":"https:\/\/cool-style.md\/ro\/wp-json\/wp\/v2\/product"}],"about":[{"href":"https:\/\/cool-style.md\/ro\/wp-json\/wp\/v2\/types\/product"}],"wp:featuredmedia":[{"embeddable":true,"href":"https:\/\/cool-style.md\/ro\/wp-json\/wp\/v2\/media\/6434"}],"wp:attachment":[{"href":"https:\/\/cool-style.md\/ro\/wp-json\/wp\/v2\/media?parent=6420"}],"wp:term":[{"taxonomy":"product_brand","embeddable":true,"href":"https:\/\/cool-style.md\/ro\/wp-json\/wp\/v2\/product_brand?post=6420"},{"taxonomy":"product_cat","embeddable":true,"href":"https:\/\/cool-style.md\/ro\/wp-json\/wp\/v2\/product_cat?post=6420"},{"taxonomy":"product_tag","embeddable":true,"href":"https:\/\/cool-style.md\/ro\/wp-json\/wp\/v2\/product_tag?post=6420"}],"curies":[{"name":"wp","href":"https:\/\/api.w.org\/{rel}","templated":true}]}}