{"id":649,"date":"2021-12-16T11:01:22","date_gmt":"2021-12-16T11:01:22","guid":{"rendered":"https:\/\/cool-style.md\/?post_type=product&#038;p=649"},"modified":"2026-01-05T17:49:44","modified_gmt":"2026-01-05T17:49:44","slug":"nishman-gift-box","status":"publish","type":"product","link":"https:\/\/cool-style.md\/ro\/product\/nishman-gift-box\/","title":{"rendered":"Set  Cadou Nishman Gift Box (5 unit\u0103\u021bi)"},"content":{"rendered":"<h2><span style=\"font-size: 75%;\">Set Cadou Nishman Gift Box<\/span><\/h2>\n<p>Setul cadou <a href=\"https:\/\/nishman.com.tr\/\" target=\"_blank\" rel=\"noopener\">Nishman<\/a> include cele mai bune <a href=\"https:\/\/cool-style.md\/ro\/cosmetice-barbati\/\">produse cosmetice<\/a> ale m\u0103rcii. Este perfect ca un cadou pentru orice barbat.<\/p>\n<p>Ve\u021bi ob\u021bine asta:<\/p>\n<p><a href=\"https:\/\/cool-style.md\/wp-content\/uploads\/2022\/07\/Cool-style.md-Nishman-Hair-Grooming-Spray-200ml.png\"><img decoding=\"async\" class=\"wp-image-2279 alignleft\" src=\"https:\/\/cool-style.md\/wp-content\/uploads\/2022\/07\/Cool-style.md-Nishman-Hair-Grooming-Spray-200ml-400x400.png\" alt=\"Cool-style.md Nishman Hair Grooming Spray 200ml\" width=\"157\" height=\"157\" srcset=\"https:\/\/cool-style.md\/wp-content\/uploads\/2022\/07\/Cool-style.md-Nishman-Hair-Grooming-Spray-200ml-400x400.png 400w, https:\/\/cool-style.md\/wp-content\/uploads\/2022\/07\/Cool-style.md-Nishman-Hair-Grooming-Spray-200ml-300x300.png 300w, https:\/\/cool-style.md\/wp-content\/uploads\/2022\/07\/Cool-style.md-Nishman-Hair-Grooming-Spray-200ml-100x100.png 100w, https:\/\/cool-style.md\/wp-content\/uploads\/2022\/07\/Cool-style.md-Nishman-Hair-Grooming-Spray-200ml-510x510.png 510w, https:\/\/cool-style.md\/wp-content\/uploads\/2022\/07\/Cool-style.md-Nishman-Hair-Grooming-Spray-200ml-280x280.png 280w, https:\/\/cool-style.md\/wp-content\/uploads\/2022\/07\/Cool-style.md-Nishman-Hair-Grooming-Spray-200ml-768x768.png 768w, https:\/\/cool-style.md\/wp-content\/uploads\/2022\/07\/Cool-style.md-Nishman-Hair-Grooming-Spray-200ml-800x800.png 800w, https:\/\/cool-style.md\/wp-content\/uploads\/2022\/07\/Cool-style.md-Nishman-Hair-Grooming-Spray-200ml-1536x1536.png 1536w, https:\/\/cool-style.md\/wp-content\/uploads\/2022\/07\/Cool-style.md-Nishman-Hair-Grooming-Spray-200ml-247x247.png 247w, https:\/\/cool-style.md\/wp-content\/uploads\/2022\/07\/Cool-style.md-Nishman-Hair-Grooming-Spray-200ml.png 1920w\" sizes=\"(max-width: 157px) 100vw, 157px\" \/><\/a><\/p>\n<p>Tonic pentru amenajarea p\u0103rului\u00a0<a href=\"https:\/\/nishman.com.tr\/\" target=\"_blank\" rel=\"noopener\">Nishman<\/a>\u00a0datorit\u0103 formulei sale speciale, confer\u0103 elasticitate \u0219i vitalitate p\u0103rului. Ideal pentru fixarea p\u0103rului sub\u021bire. Spray-ul se indeparteaz\u0103 u\u0219or de pe p\u0103r \u00een timpul primei sp\u0103l\u0103ri, nu creeaz\u0103 senza\u021bie de lipiciune \u0219i reziduuri.<\/p>\n<p>&nbsp;<\/p>\n<p><a href=\"https:\/\/cool-style.md\/wp-content\/uploads\/2021\/12\/Cool-style.md-Nishman-After-Shave-Cologne-07-Gold-One-400ml.png\"><img decoding=\"async\" class=\"wp-image-706 alignleft\" src=\"https:\/\/cool-style.md\/wp-content\/uploads\/2021\/12\/Cool-style.md-Nishman-After-Shave-Cologne-07-Gold-One-400ml-400x400.png\" alt=\"Cool-style.md Nishman After Shave Cologne 07 Gold One 400ml\" width=\"157\" height=\"157\" srcset=\"https:\/\/cool-style.md\/wp-content\/uploads\/2021\/12\/Cool-style.md-Nishman-After-Shave-Cologne-07-Gold-One-400ml-400x400.png 400w, https:\/\/cool-style.md\/wp-content\/uploads\/2021\/12\/Cool-style.md-Nishman-After-Shave-Cologne-07-Gold-One-400ml-300x300.png 300w, https:\/\/cool-style.md\/wp-content\/uploads\/2021\/12\/Cool-style.md-Nishman-After-Shave-Cologne-07-Gold-One-400ml-100x100.png 100w, https:\/\/cool-style.md\/wp-content\/uploads\/2021\/12\/Cool-style.md-Nishman-After-Shave-Cologne-07-Gold-One-400ml-510x510.png 510w, https:\/\/cool-style.md\/wp-content\/uploads\/2021\/12\/Cool-style.md-Nishman-After-Shave-Cologne-07-Gold-One-400ml-280x280.png 280w, https:\/\/cool-style.md\/wp-content\/uploads\/2021\/12\/Cool-style.md-Nishman-After-Shave-Cologne-07-Gold-One-400ml-768x768.png 768w, https:\/\/cool-style.md\/wp-content\/uploads\/2021\/12\/Cool-style.md-Nishman-After-Shave-Cologne-07-Gold-One-400ml-800x800.png 800w, https:\/\/cool-style.md\/wp-content\/uploads\/2021\/12\/Cool-style.md-Nishman-After-Shave-Cologne-07-Gold-One-400ml-247x247.png 247w, https:\/\/cool-style.md\/wp-content\/uploads\/2021\/12\/Cool-style.md-Nishman-After-Shave-Cologne-07-Gold-One-400ml.png 1228w\" sizes=\"(max-width: 157px) 100vw, 157px\" \/><\/a><\/p>\n<p>Colonie\u00a0<a href=\"https:\/\/cool-style.md\/ro\/cosmetice-barbati\/pentru-barbierit\/\">dup\u0103 ras<\/a>\u00a0<a href=\"https:\/\/nishman.com.tr\/\" target=\"_blank\" rel=\"noopener\">Nishman<\/a>\u00a0este perfect\u0103 pentru b\u0103rbatul activ. Datorit\u0103 combina\u021biei unice de note citrice de mandarin\u0103 ro\u0219ie, grapefruit \u0219i ment\u0103, precum \u0219i de trandafir \u0219i scor\u021bi\u0219oar\u0103, acorduri lemnoase \u0219i de plante, parfumul Gold One r\u0103m\u00e2ne c\u00e2teva ore.<\/p>\n<p>&nbsp;<\/p>\n<p><a href=\"https:\/\/cool-style.md\/wp-content\/uploads\/2022\/01\/Cool-style.md-Nishman-After-Shave-2in1-Cream-Cologne-4-Gold-One-400ml.png\"><img decoding=\"async\" class=\"wp-image-1429 alignleft\" src=\"https:\/\/cool-style.md\/wp-content\/uploads\/2022\/01\/Cool-style.md-Nishman-After-Shave-2in1-Cream-Cologne-4-Gold-One-400ml-400x400.png\" alt=\"Cool-style.md Nishman After Shave 2in1 Cream Cologne 4 Gold One 400ml\" width=\"157\" height=\"157\" srcset=\"https:\/\/cool-style.md\/wp-content\/uploads\/2022\/01\/Cool-style.md-Nishman-After-Shave-2in1-Cream-Cologne-4-Gold-One-400ml-400x400.png 400w, https:\/\/cool-style.md\/wp-content\/uploads\/2022\/01\/Cool-style.md-Nishman-After-Shave-2in1-Cream-Cologne-4-Gold-One-400ml-300x300.png 300w, https:\/\/cool-style.md\/wp-content\/uploads\/2022\/01\/Cool-style.md-Nishman-After-Shave-2in1-Cream-Cologne-4-Gold-One-400ml-100x100.png 100w, https:\/\/cool-style.md\/wp-content\/uploads\/2022\/01\/Cool-style.md-Nishman-After-Shave-2in1-Cream-Cologne-4-Gold-One-400ml-510x510.png 510w, https:\/\/cool-style.md\/wp-content\/uploads\/2022\/01\/Cool-style.md-Nishman-After-Shave-2in1-Cream-Cologne-4-Gold-One-400ml-280x280.png 280w, https:\/\/cool-style.md\/wp-content\/uploads\/2022\/01\/Cool-style.md-Nishman-After-Shave-2in1-Cream-Cologne-4-Gold-One-400ml-768x768.png 768w, https:\/\/cool-style.md\/wp-content\/uploads\/2022\/01\/Cool-style.md-Nishman-After-Shave-2in1-Cream-Cologne-4-Gold-One-400ml-800x800.png 800w, https:\/\/cool-style.md\/wp-content\/uploads\/2022\/01\/Cool-style.md-Nishman-After-Shave-2in1-Cream-Cologne-4-Gold-One-400ml-1536x1536.png 1536w, https:\/\/cool-style.md\/wp-content\/uploads\/2022\/01\/Cool-style.md-Nishman-After-Shave-2in1-Cream-Cologne-4-Gold-One-400ml-247x247.png 247w, https:\/\/cool-style.md\/wp-content\/uploads\/2022\/01\/Cool-style.md-Nishman-After-Shave-2in1-Cream-Cologne-4-Gold-One-400ml.png 1900w\" sizes=\"(max-width: 157px) 100vw, 157px\" \/><\/a><\/p>\n<p>Colonie\u00a0<a href=\"https:\/\/cool-style.md\/ro\/cosmetice-barbati\/pentru-barbierit\/\">dup\u0103 ras<\/a>\u00a0<a href=\"https:\/\/nishman.com.tr\/\" target=\"_blank\" rel=\"noopener\">Nishman<\/a>\u00a0produs cu o formul\u0103 unic\u0103 2 \u00een 1. Crema are o textur\u0103 negras\u0103, p\u0103trunde rapid \u00een piele. Con\u021bine ingrediente naturale active care ajut\u0103 la prevenirea inflama\u021biei, durerii, ro\u0219ea\u021b\u0103 \u0219i ofer\u0103 o senza\u021bie de prospe\u021bime, vindec\u0103 instantaneu pielea.<\/p>\n<p>&nbsp;<\/p>\n<p><a href=\"https:\/\/cool-style.md\/wp-content\/uploads\/2022\/01\/Cool-style.md-Nishman-Powder-StylingWax-P5-Plus-20gr-e1642962829693.png\"><img decoding=\"async\" class=\"wp-image-2109 alignleft\" src=\"https:\/\/cool-style.md\/wp-content\/uploads\/2022\/01\/Cool-style.md-Nishman-Powder-StylingWax-P5-Plus-20gr-e1642962829693-400x400.png\" alt=\"Cool-style.md Nishman Powder Stylin\" width=\"157\" height=\"157\" srcset=\"https:\/\/cool-style.md\/wp-content\/uploads\/2022\/01\/Cool-style.md-Nishman-Powder-StylingWax-P5-Plus-20gr-e1642962829693-400x400.png 400w, https:\/\/cool-style.md\/wp-content\/uploads\/2022\/01\/Cool-style.md-Nishman-Powder-StylingWax-P5-Plus-20gr-e1642962829693-300x300.png 300w, https:\/\/cool-style.md\/wp-content\/uploads\/2022\/01\/Cool-style.md-Nishman-Powder-StylingWax-P5-Plus-20gr-e1642962829693-100x100.png 100w, https:\/\/cool-style.md\/wp-content\/uploads\/2022\/01\/Cool-style.md-Nishman-Powder-StylingWax-P5-Plus-20gr-e1642962829693-510x510.png 510w, https:\/\/cool-style.md\/wp-content\/uploads\/2022\/01\/Cool-style.md-Nishman-Powder-StylingWax-P5-Plus-20gr-e1642962829693-280x280.png 280w, https:\/\/cool-style.md\/wp-content\/uploads\/2022\/01\/Cool-style.md-Nishman-Powder-StylingWax-P5-Plus-20gr-e1642962829693-768x768.png 768w, https:\/\/cool-style.md\/wp-content\/uploads\/2022\/01\/Cool-style.md-Nishman-Powder-StylingWax-P5-Plus-20gr-e1642962829693-800x800.png 800w, https:\/\/cool-style.md\/wp-content\/uploads\/2022\/01\/Cool-style.md-Nishman-Powder-StylingWax-P5-Plus-20gr-e1642962829693-1536x1536.png 1536w, https:\/\/cool-style.md\/wp-content\/uploads\/2022\/01\/Cool-style.md-Nishman-Powder-StylingWax-P5-Plus-20gr-e1642962829693-2048x2048.png 2048w, https:\/\/cool-style.md\/wp-content\/uploads\/2022\/01\/Cool-style.md-Nishman-Powder-StylingWax-P5-Plus-20gr-e1642962829693-247x247.png 247w, https:\/\/cool-style.md\/wp-content\/uploads\/2022\/01\/Cool-style.md-Nishman-Powder-StylingWax-P5-Plus-20gr-e1642962829693.png 1920w\" sizes=\"(max-width: 157px) 100vw, 157px\" \/><\/a><\/p>\n<p>Pudra matifiant\u0103 <a href=\"https:\/\/nishman.com.tr\/\" target=\"_blank\" rel=\"noopener\">Nishman<\/a>\u00a0adaug\u0103 volum cu o fixare maxim\u0103. Design elegant, u\u0219urin\u021b\u0103 \u00een utilizare, flexibilitate \u0219i durabilitate. Produs de \u00eenalt\u0103 calitate pentru frizerii profesioni\u0219ti.<\/p>\n<p>&nbsp;<\/p>\n<p><a href=\"https:\/\/cool-style.md\/wp-content\/uploads\/2021\/12\/Cool-style.md-Nishman-Hair-Styling-Aqua-Wax-07-150ml.png\"><img decoding=\"async\" class=\"wp-image-960 alignleft\" src=\"https:\/\/cool-style.md\/wp-content\/uploads\/2021\/12\/Cool-style.md-Nishman-Hair-Styling-Aqua-Wax-07-150ml-400x400.png\" alt=\"Cool-style.md Nishman Hair Styling Aqua Wax 07 150ml\" width=\"157\" height=\"157\" srcset=\"https:\/\/cool-style.md\/wp-content\/uploads\/2021\/12\/Cool-style.md-Nishman-Hair-Styling-Aqua-Wax-07-150ml-400x400.png 400w, https:\/\/cool-style.md\/wp-content\/uploads\/2021\/12\/Cool-style.md-Nishman-Hair-Styling-Aqua-Wax-07-150ml-300x300.png 300w, https:\/\/cool-style.md\/wp-content\/uploads\/2021\/12\/Cool-style.md-Nishman-Hair-Styling-Aqua-Wax-07-150ml-100x100.png 100w, https:\/\/cool-style.md\/wp-content\/uploads\/2021\/12\/Cool-style.md-Nishman-Hair-Styling-Aqua-Wax-07-150ml-510x510.png 510w, https:\/\/cool-style.md\/wp-content\/uploads\/2021\/12\/Cool-style.md-Nishman-Hair-Styling-Aqua-Wax-07-150ml-280x280.png 280w, https:\/\/cool-style.md\/wp-content\/uploads\/2021\/12\/Cool-style.md-Nishman-Hair-Styling-Aqua-Wax-07-150ml-768x768.png 768w, https:\/\/cool-style.md\/wp-content\/uploads\/2021\/12\/Cool-style.md-Nishman-Hair-Styling-Aqua-Wax-07-150ml-800x800.png 800w, https:\/\/cool-style.md\/wp-content\/uploads\/2021\/12\/Cool-style.md-Nishman-Hair-Styling-Aqua-Wax-07-150ml-1536x1536.png 1536w, https:\/\/cool-style.md\/wp-content\/uploads\/2021\/12\/Cool-style.md-Nishman-Hair-Styling-Aqua-Wax-07-150ml-247x247.png 247w, https:\/\/cool-style.md\/wp-content\/uploads\/2021\/12\/Cool-style.md-Nishman-Hair-Styling-Aqua-Wax-07-150ml.png 1920w\" sizes=\"(max-width: 157px) 100vw, 157px\" \/><\/a><\/p>\n<p>Cear\u0103\u00a0<a href=\"https:\/\/nishman.com.tr\/\" target=\"_blank\" rel=\"noopener\">Nishman<\/a>\u00a0pe baz\u0103 de ap\u0103 care ajut\u0103 la\u00a0<a href=\"https:\/\/cool-style.md\/ro\/product-category\/cosmetice-barbati\/coafarea-barbati\/\">modelarea p\u0103rului<\/a>. Nu numai c\u0103 adaug\u0103 str\u0103lucire, dar r\u0103m\u00e2ne \u0219i de lung\u0103 durat\u0103 toat\u0103 ziua. Folosit pentru a ad\u0103uga volum \u0219i pentru a oferi o fixare ultra-\u00eenalt\u0103.","protected":false},"excerpt":{"rendered":"<p><span style=\"font-size: 100%;\">Nishman Gift Box a adunat cele mai bune produse cosmetice pentru un cadou perfect.<\/span><span style=\"font-size: 100%;\"><\/span><\/p>\n","protected":false},"featured_media":6216,"template":"","meta":[],"product_brand":[],"product_cat":[34,30,31],"product_tag":[],"class_list":{"0":"post-649","1":"product","2":"type-product","3":"status-publish","4":"has-post-thumbnail","6":"product_cat-pentru-barbierit","7":"product_cat-coafarea-barbati","8":"product_cat-ingrijirea-par-barbati","9":"pa_brand-nishman","10":"pa_producator-turcia","11":"pa_volum-1-set","13":"first","14":"instock","15":"shipping-taxable","16":"purchasable","17":"product-type-simple"},"_links":{"self":[{"href":"https:\/\/cool-style.md\/ro\/wp-json\/wp\/v2\/product\/649","targetHints":{"allow":["GET"]}}],"collection":[{"href":"https:\/\/cool-style.md\/ro\/wp-json\/wp\/v2\/product"}],"about":[{"href":"https:\/\/cool-style.md\/ro\/wp-json\/wp\/v2\/types\/product"}],"wp:featuredmedia":[{"embeddable":true,"href":"https:\/\/cool-style.md\/ro\/wp-json\/wp\/v2\/media\/6216"}],"wp:attachment":[{"href":"https:\/\/cool-style.md\/ro\/wp-json\/wp\/v2\/media?parent=649"}],"wp:term":[{"taxonomy":"product_brand","embeddable":true,"href":"https:\/\/cool-style.md\/ro\/wp-json\/wp\/v2\/product_brand?post=649"},{"taxonomy":"product_cat","embeddable":true,"href":"https:\/\/cool-style.md\/ro\/wp-json\/wp\/v2\/product_cat?post=649"},{"taxonomy":"product_tag","embeddable":true,"href":"https:\/\/cool-style.md\/ro\/wp-json\/wp\/v2\/product_tag?post=649"}],"curies":[{"name":"wp","href":"https:\/\/api.w.org\/{rel}","templated":true}]}}