{"id":6592,"date":"2025-10-24T09:08:21","date_gmt":"2025-10-24T09:08:21","guid":{"rendered":"https:\/\/cool-style.md\/?post_type=product&#038;p=6592"},"modified":"2025-10-24T09:17:34","modified_gmt":"2025-10-24T09:17:34","slug":"vatana-578-002","status":"publish","type":"product","link":"https:\/\/cool-style.md\/ro\/product\/vatana-578-002\/","title":{"rendered":"C\u0103rucior de coafor cu 4 compartimente Vatana 578-002"},"content":{"rendered":"<h2 style=\"text-align: center;\">C\u0103rucior de coafor Vatana 578-002<\/h2>\n<p data-start=\"2277\" data-end=\"2545\"><a href=\"https:\/\/cool-style.md\/wp-content\/uploads\/2025\/10\/Cool-style.md-Carucior-Vatana-578-002-1-3.jpg\"><img decoding=\"async\" class=\" wp-image-6596 alignleft\" src=\"https:\/\/cool-style.md\/wp-content\/uploads\/2025\/10\/Cool-style.md-Carucior-Vatana-578-002-1-3-391x400.jpg\" alt=\"Cool-style.md C\u0103rucior Vatana 578-002\" width=\"227\" height=\"232\" srcset=\"https:\/\/cool-style.md\/wp-content\/uploads\/2025\/10\/Cool-style.md-Carucior-Vatana-578-002-1-3-391x400.jpg 391w, https:\/\/cool-style.md\/wp-content\/uploads\/2025\/10\/Cool-style.md-Carucior-Vatana-578-002-1-3-510x522.jpg 510w, https:\/\/cool-style.md\/wp-content\/uploads\/2025\/10\/Cool-style.md-Carucior-Vatana-578-002-1-3.jpg 526w\" sizes=\"(max-width: 227px) 100vw, 227px\" \/><\/a><a href=\"https:\/\/cool-style.md\/ro\/felul-produsului\/carucior\/\">C\u0103rucior<\/a> profesional de coafor <strong data-start=\"2296\" data-end=\"2314\"><a href=\"https:\/\/spl-group.com.ua\/ru\/vatana\" target=\"_blank\" rel=\"noopener\">Vatana<\/a> 578-002<\/strong> \u2014 solu\u0163ia perfect\u0103 pentru salonul t\u0103u: patru compartimente spa\u0163ioase, corp din ABS-plastic rezistent la impact \u015fi cadru din o\u0163el inoxidabil care garanteaz\u0103 durabilitatea. Echipat cu 4 ro\u0163i pivotante 360\u00b0, ce permit deplasarea facil\u0103 \u00een salon.<\/p>\n<h3 data-start=\"2547\" data-end=\"2576\">Caracteristici principale<\/h3>\n<ul data-start=\"2578\" data-end=\"3076\">\n<li data-start=\"2578\" data-end=\"2604\">\n<p data-start=\"2580\" data-end=\"2604\"><strong data-start=\"2580\" data-end=\"2595\">Produc\u0103tor:<\/strong> Vatana;<\/p>\n<\/li>\n<li data-start=\"2605\" data-end=\"2637\">\n<p data-start=\"2607\" data-end=\"2637\"><strong data-start=\"2607\" data-end=\"2627\">Model (articol):<\/strong> 578-002;<\/p>\n<\/li>\n<li data-start=\"2638\" data-end=\"2749\">\n<p data-start=\"2640\" data-end=\"2749\"><strong data-start=\"2640\" data-end=\"2663\">\u021aara de fabrica\u021bie:<\/strong> China;<\/p>\n<\/li>\n<li data-start=\"2750\" data-end=\"2898\">\n<p data-start=\"2752\" data-end=\"2898\"><strong data-start=\"2752\" data-end=\"2766\">Materiale:<\/strong> corp din ABS (rezistent la ap\u0103, substan\u021be chimice, impact), cadru metalic pentru rigiditate;<\/p>\n<\/li>\n<li data-start=\"2899\" data-end=\"2959\">\n<p data-start=\"2901\" data-end=\"2959\"><strong data-start=\"2901\" data-end=\"2913\">Culoare:<\/strong> negru;<\/p>\n<\/li>\n<li data-start=\"2960\" data-end=\"3076\">\n<p data-start=\"2962\" data-end=\"3076\"><strong data-start=\"2962\" data-end=\"2971\">Ro\u021bi:<\/strong> 4 ro\u021bi pivotante, care asigur\u0103 mobilitatea c\u0103ruciorului \u00een salon;<\/p>\n<\/li>\n<li data-start=\"2960\" data-end=\"3076\"><strong>Departamente:<\/strong> 4 departamente func\u021bionale.<\/li>\n<\/ul>\n<h3 data-start=\"3078\" data-end=\"3104\">Dimensiuni<\/h3>\n<ul data-start=\"3106\" data-end=\"3410\">\n<li data-start=\"3106\" data-end=\"3187\">\n<p data-start=\"3108\" data-end=\"3187\"><strong data-start=\"3108\" data-end=\"3139\">Lungime:<\/strong> 36 cm;<\/p>\n<\/li>\n<li data-start=\"3188\" data-end=\"3270\">\n<p data-start=\"3190\" data-end=\"3270\"><strong data-start=\"3190\" data-end=\"3220\">L\u0103\u021bime:<\/strong> 30 cm;<\/p>\n<\/li>\n<li data-start=\"3271\" data-end=\"3337\">\n<p data-start=\"3273\" data-end=\"3337\"><strong data-start=\"3273\" data-end=\"3286\">\u00cen\u0103l\u021bime:<\/strong> 90 cm.<\/p>\n<\/li>\n<\/ul>\n<h3 data-start=\"3412\" data-end=\"3437\">Avantaje \u0219i utilizare<\/h3>\n<ul data-start=\"3439\" data-end=\"3704\">\n<li data-start=\"3439\" data-end=\"3499\">\n<p data-start=\"3441\" data-end=\"3499\">Structur\u0103 compact\u0103 \u0219i mobil\u0103 \u2014 deplasare u\u0219oar\u0103 \u00een salon;<\/p>\n<\/li>\n<li data-start=\"3500\" data-end=\"3575\">\n<p data-start=\"3502\" data-end=\"3575\">Materialele sunt rezistente la vopsele, solu\u021bii \u0219i alte produse chimice;<\/p>\n<\/li>\n<li data-start=\"3576\" data-end=\"3661\">\n<p data-start=\"3578\" data-end=\"3661\">Ideal pentru vopsirea p\u0103rului, permanent, aranjarea instrumentelor \u0219i accesorilor;<\/p>\n<\/li>\n<li data-start=\"3662\" data-end=\"3704\">\n<p data-start=\"3664\" data-end=\"3704\">Instalare simpl\u0103 \u0219i \u00eentre\u021binere redus\u0103.<\/p>\n<\/li>\n<\/ul>","protected":false},"excerpt":{"rendered":"<p><span style=\"font-size: 100%;\">C\u0103rucior profesional de coafor Vatana 578-002 \u2014 solid, mobil \u0219i rezistent la substan\u021be chimice, ideal pentru saloane.<\/span><span style=\"font-size: 100%;\"><\/span><\/p>\n","protected":false},"featured_media":6598,"template":"","meta":[],"product_brand":[],"product_cat":[29,132],"product_tag":[],"class_list":{"0":"post-6592","1":"product","2":"type-product","3":"status-publish","4":"has-post-thumbnail","6":"product_cat-accesorii","7":"product_cat-diverse-accesorii","8":"pa_brand-vatana","9":"pa_felul-produsului-carucior","10":"pa_producator-china","12":"first","13":"instock","14":"featured","15":"shipping-taxable","16":"purchasable","17":"product-type-simple"},"_links":{"self":[{"href":"https:\/\/cool-style.md\/ro\/wp-json\/wp\/v2\/product\/6592","targetHints":{"allow":["GET"]}}],"collection":[{"href":"https:\/\/cool-style.md\/ro\/wp-json\/wp\/v2\/product"}],"about":[{"href":"https:\/\/cool-style.md\/ro\/wp-json\/wp\/v2\/types\/product"}],"wp:featuredmedia":[{"embeddable":true,"href":"https:\/\/cool-style.md\/ro\/wp-json\/wp\/v2\/media\/6598"}],"wp:attachment":[{"href":"https:\/\/cool-style.md\/ro\/wp-json\/wp\/v2\/media?parent=6592"}],"wp:term":[{"taxonomy":"product_brand","embeddable":true,"href":"https:\/\/cool-style.md\/ro\/wp-json\/wp\/v2\/product_brand?post=6592"},{"taxonomy":"product_cat","embeddable":true,"href":"https:\/\/cool-style.md\/ro\/wp-json\/wp\/v2\/product_cat?post=6592"},{"taxonomy":"product_tag","embeddable":true,"href":"https:\/\/cool-style.md\/ro\/wp-json\/wp\/v2\/product_tag?post=6592"}],"curies":[{"name":"wp","href":"https:\/\/api.w.org\/{rel}","templated":true}]}}