{"id":667,"date":"2021-12-16T16:53:26","date_gmt":"2021-12-16T16:53:26","guid":{"rendered":"https:\/\/cool-style.md\/?post_type=product&#038;p=667"},"modified":"2024-12-04T19:29:50","modified_gmt":"2024-12-04T19:29:50","slug":"nishman-hair-comb-t122","status":"publish","type":"product","link":"https:\/\/cool-style.md\/ro\/product\/nishman-hair-comb-t122\/","title":{"rendered":"Pieptene de texturare p\u0103rului Nishman Hair Comb T122"},"content":{"rendered":"<h2><span style=\"font-size: 75%;\">Pieptene pentru aranjarea p\u0103rului Nishman Hair Comb T122<\/span><\/h2>\n<p>Pieptene profesional combinat de texturare <a href=\"https:\/\/nishman.com.tr\/\" target=\"_blank\" rel=\"noopener\">Nishman<\/a> este un <a href=\"https:\/\/cool-style.md\/ro\/accesorii\/\">accesoriu<\/a> de coafur\u0103 indispensabil care poate fi folosit \u00een diverse scopuri. Av\u00e2nd o suprafa\u021b\u0103 neted\u0103 cu din\u021bi fini, pieptene ofer\u0103 stilistului o manevrare confortabil\u0103, cu o aten\u021bie sporit\u0103 la detalii \u0219i ajut\u0103 la crearea liniilor perfecte. Fabricat din plastic rezistent la c\u0103ldur\u0103 \u0219i antistatic, este foarte flexibil. Folosit \u00een mod obi\u0219nuit de c\u0103tre stilisti \u00een saloane, cu toate acestea, poate fi folosit acas\u0103.<\/p>\n<p><strong>Material:<\/strong> plastic<\/p>\n<p><b>Culoare:\u00a0<\/b>neagr\u0103<\/p>","protected":false},"excerpt":{"rendered":"<p><span style=\"font-size: 100%;\">Nishman Hair Comb T122 este ideal pentru tunderea \u0219i coafarea p\u0103rului.<\/span><span style=\"font-size: 100%;\"><\/span><\/p>\n","protected":false},"featured_media":668,"template":"","meta":[],"product_brand":[],"product_cat":[29,131],"product_tag":[],"class_list":{"0":"post-667","1":"product","2":"type-product","3":"status-publish","4":"has-post-thumbnail","6":"product_cat-accesorii","7":"product_cat-piepteni-si-perii","8":"pa_brand-nishman","9":"pa_felul-produsului-tip-pieptene","10":"pa_producator-turcia","12":"first","13":"instock","14":"shipping-taxable","15":"purchasable","16":"product-type-simple"},"_links":{"self":[{"href":"https:\/\/cool-style.md\/ro\/wp-json\/wp\/v2\/product\/667","targetHints":{"allow":["GET"]}}],"collection":[{"href":"https:\/\/cool-style.md\/ro\/wp-json\/wp\/v2\/product"}],"about":[{"href":"https:\/\/cool-style.md\/ro\/wp-json\/wp\/v2\/types\/product"}],"wp:featuredmedia":[{"embeddable":true,"href":"https:\/\/cool-style.md\/ro\/wp-json\/wp\/v2\/media\/668"}],"wp:attachment":[{"href":"https:\/\/cool-style.md\/ro\/wp-json\/wp\/v2\/media?parent=667"}],"wp:term":[{"taxonomy":"product_brand","embeddable":true,"href":"https:\/\/cool-style.md\/ro\/wp-json\/wp\/v2\/product_brand?post=667"},{"taxonomy":"product_cat","embeddable":true,"href":"https:\/\/cool-style.md\/ro\/wp-json\/wp\/v2\/product_cat?post=667"},{"taxonomy":"product_tag","embeddable":true,"href":"https:\/\/cool-style.md\/ro\/wp-json\/wp\/v2\/product_tag?post=667"}],"curies":[{"name":"wp","href":"https:\/\/api.w.org\/{rel}","templated":true}]}}