{"id":673,"date":"2021-12-16T16:59:38","date_gmt":"2021-12-16T16:59:38","guid":{"rendered":"https:\/\/cool-style.md\/?post_type=product&#038;p=673"},"modified":"2024-12-04T19:31:19","modified_gmt":"2024-12-04T19:31:19","slug":"nishman-hair-comb-brush-29","status":"publish","type":"product","link":"https:\/\/cool-style.md\/ro\/product\/nishman-hair-comb-brush-29\/","title":{"rendered":"Pieptene rotund Nishman Hair Comb Brush 29"},"content":{"rendered":"<h2><span style=\"font-size: 75%;\">Pieptene rotund Nishman Hair Comb Brush 29<\/span><\/h2>\n<p>Pieptene profesional rotund <a href=\"https:\/\/nishman.com.tr\/\" target=\"_blank\" rel=\"noopener\">Nishman<\/a> este un <a href=\"https:\/\/cool-style.md\/ro\/accesorii\/\">accesoriu<\/a> de coafur\u0103 indispensabil care poate fi folosit pentru coafarea \u0219i \u00eendreptarea p\u0103rului, precum \u0219i pentru crearea buclelor. Corpul este din lemn, peri de nailon. Materialele de \u00eenalt\u0103 calitate din care este fabricat\u0103 peria de p\u0103r garanteaz\u0103 o durat\u0103 lung\u0103 de via\u021b\u0103. U\u0219oare \u0219i confortabile. Folosit \u00een mod obi\u0219nuit de c\u0103tre stilisti \u00een saloane, cu toate acestea, poate fi folosit acas\u0103.<\/p>\n<p><strong>Material de baz\u0103:<\/strong> lemn<\/p>\n<p><strong>Peri:<\/strong> nailon<\/p>\n<p><strong>Lungime:<\/strong> 215 mm<\/p>\n<p><strong>Diametru:<\/strong> 30 mm<\/p>\n<p><strong>Lungimea perilor:<\/strong> 15 mm<\/p>","protected":false},"excerpt":{"rendered":"<p><span style=\"font-size: 100%;\">Nishman Hair Comb Brush 29 este ideal pentru coafarea p\u0103rului \u0219i crearea buclelor.<\/span><span style=\"font-size: 100%;\"><\/span><\/p>\n","protected":false},"featured_media":674,"template":"","meta":[],"product_brand":[],"product_cat":[29,131],"product_tag":[],"class_list":{"0":"post-673","1":"product","2":"type-product","3":"status-publish","4":"has-post-thumbnail","6":"product_cat-accesorii","7":"product_cat-piepteni-si-perii","8":"pa_brand-nishman","9":"pa_felul-produsului-tip-pieptene","10":"pa_producator-turcia","12":"first","13":"instock","14":"shipping-taxable","15":"purchasable","16":"product-type-simple"},"_links":{"self":[{"href":"https:\/\/cool-style.md\/ro\/wp-json\/wp\/v2\/product\/673","targetHints":{"allow":["GET"]}}],"collection":[{"href":"https:\/\/cool-style.md\/ro\/wp-json\/wp\/v2\/product"}],"about":[{"href":"https:\/\/cool-style.md\/ro\/wp-json\/wp\/v2\/types\/product"}],"wp:featuredmedia":[{"embeddable":true,"href":"https:\/\/cool-style.md\/ro\/wp-json\/wp\/v2\/media\/674"}],"wp:attachment":[{"href":"https:\/\/cool-style.md\/ro\/wp-json\/wp\/v2\/media?parent=673"}],"wp:term":[{"taxonomy":"product_brand","embeddable":true,"href":"https:\/\/cool-style.md\/ro\/wp-json\/wp\/v2\/product_brand?post=673"},{"taxonomy":"product_cat","embeddable":true,"href":"https:\/\/cool-style.md\/ro\/wp-json\/wp\/v2\/product_cat?post=673"},{"taxonomy":"product_tag","embeddable":true,"href":"https:\/\/cool-style.md\/ro\/wp-json\/wp\/v2\/product_tag?post=673"}],"curies":[{"name":"wp","href":"https:\/\/api.w.org\/{rel}","templated":true}]}}