{"id":7040,"date":"2025-12-19T20:14:47","date_gmt":"2025-12-19T20:14:47","guid":{"rendered":"https:\/\/cool-style.md\/?post_type=product&#038;p=7040"},"modified":"2025-12-19T20:44:18","modified_gmt":"2025-12-19T20:44:18","slug":"hector-new-york-hair-dryer","status":"publish","type":"product","link":"https:\/\/cool-style.md\/ro\/product\/hector-new-york-hair-dryer\/","title":{"rendered":"Usc\u0103tor de p\u0103r profesional Hector New York Hair Dryer"},"content":{"rendered":"<h2 style=\"text-align: center;\">Usc\u0103tor de p\u0103r profesional Hector New York Hair Dryer<\/h2>\n<p><span style=\"font-size: 100%;\"><a href=\"https:\/\/cool-style.md\/wp-content\/uploads\/2025\/12\/Cool-style.md-Hector-New-York-Hair-Dryer.jpg\"><img decoding=\"async\" class=\" wp-image-7042 alignleft\" src=\"https:\/\/cool-style.md\/wp-content\/uploads\/2025\/12\/Cool-style.md-Hector-New-York-Hair-Dryer-376x400.jpg\" alt=\"Cool-style.md Hector New York Hair Dryer\" width=\"190\" height=\"202\" srcset=\"https:\/\/cool-style.md\/wp-content\/uploads\/2025\/12\/Cool-style.md-Hector-New-York-Hair-Dryer-376x400.jpg 376w, https:\/\/cool-style.md\/wp-content\/uploads\/2025\/12\/Cool-style.md-Hector-New-York-Hair-Dryer-510x542.jpg 510w, https:\/\/cool-style.md\/wp-content\/uploads\/2025\/12\/Cool-style.md-Hector-New-York-Hair-Dryer.jpg 646w\" sizes=\"(max-width: 190px) 100vw, 190px\" \/><\/a><a href=\"https:\/\/cool-style.md\/accesorii\/tehnica-de-styling\/\">Usc\u0103tor de p\u0103r<\/a> profesional de la produc\u0103torul <a href=\"https:\/\/azragroup.com\/\" target=\"_blank\" rel=\"noopener\">Hector<\/a> cu un motor puternic.<\/span><\/p>\n<ul>\n<li>Motor profesional HEKTOR AC<\/li>\n<li>Ventilator deta\u0219abil<\/li>\n<li>Gril\u0103 termoizolant\u0103 ceramic\u0103<\/li>\n<li>3 set\u0103ri diferite de temperatur\u0103 a aerului<\/li>\n<li>2 viteze diferite de flux de aer<\/li>\n<li>2 accesorii pentru usc\u0103tor de p\u0103r<\/li>\n<\/ul>\n<h3>Specifica\u021bii:<\/h3>\n<ul>\n<li>Putere de p\u00e2n\u0103 la 2400 W<\/li>\n<li>Greutate: 580 g<\/li>\n<li>Culoare: albastru<\/li>\n<li>Tensiune: 220-240 V AC<\/li>\n<li>Frecven\u021b\u0103: 50-60 Hz<\/li>\n<li>Cablu de alimentare extrem de flexibil, de 3 metri<\/li>\n<li>Element de \u00eenc\u0103lzire cu protec\u021bie la supra\u00eenc\u0103lzire<\/li>\n<li>Debit de aer: 98 m\u00b3\/h<\/li>\n<li>Debit de aer: 91 km\/h<\/li>\n<li>Clas\u0103 de protec\u021bie: IP20<\/li>\n<\/ul>","protected":false},"excerpt":{"rendered":"<p><span style=\"font-size: 100%;\">Hector New York Hair Dryer &#8211; usc\u0103tor de p\u0103r profesional cu un motor puternic.<\/span><span style=\"font-size: 100%;\"><\/span><\/p>\n","protected":false},"featured_media":7041,"template":"","meta":[],"product_brand":[],"product_cat":[29,246],"product_tag":[],"class_list":{"0":"post-7040","1":"product","2":"type-product","3":"status-publish","4":"has-post-thumbnail","6":"product_cat-accesorii","7":"product_cat-tehnica-de-styling","8":"pa_brand-hector","9":"pa_felul-produsului-uscator-de-par","10":"pa_producator-turcia","12":"first","13":"instock","14":"featured","15":"shipping-taxable","16":"purchasable","17":"product-type-simple"},"_links":{"self":[{"href":"https:\/\/cool-style.md\/ro\/wp-json\/wp\/v2\/product\/7040","targetHints":{"allow":["GET"]}}],"collection":[{"href":"https:\/\/cool-style.md\/ro\/wp-json\/wp\/v2\/product"}],"about":[{"href":"https:\/\/cool-style.md\/ro\/wp-json\/wp\/v2\/types\/product"}],"wp:featuredmedia":[{"embeddable":true,"href":"https:\/\/cool-style.md\/ro\/wp-json\/wp\/v2\/media\/7041"}],"wp:attachment":[{"href":"https:\/\/cool-style.md\/ro\/wp-json\/wp\/v2\/media?parent=7040"}],"wp:term":[{"taxonomy":"product_brand","embeddable":true,"href":"https:\/\/cool-style.md\/ro\/wp-json\/wp\/v2\/product_brand?post=7040"},{"taxonomy":"product_cat","embeddable":true,"href":"https:\/\/cool-style.md\/ro\/wp-json\/wp\/v2\/product_cat?post=7040"},{"taxonomy":"product_tag","embeddable":true,"href":"https:\/\/cool-style.md\/ro\/wp-json\/wp\/v2\/product_tag?post=7040"}],"curies":[{"name":"wp","href":"https:\/\/api.w.org\/{rel}","templated":true}]}}