{"id":7070,"date":"2025-12-19T21:38:51","date_gmt":"2025-12-19T21:38:51","guid":{"rendered":"https:\/\/cool-style.md\/?post_type=product&#038;p=7070"},"modified":"2025-12-19T21:44:45","modified_gmt":"2025-12-19T21:44:45","slug":"hector-zero-t-trimmer","status":"publish","type":"product","link":"https:\/\/cool-style.md\/ro\/product\/hector-zero-t-trimmer\/","title":{"rendered":"Trimmer Hector Zero T Trimmer"},"content":{"rendered":"<h2 style=\"text-align: center;\">Trimmer Hector Zero T Trimmer<\/h2>\n<p><span style=\"font-size: 100%;\"><a href=\"https:\/\/cool-style.md\/wp-content\/uploads\/2025\/12\/Cool-style.md-Hector-Zero-T-Trimmer-.jpg\"><img decoding=\"async\" class=\" wp-image-7071 alignleft\" src=\"https:\/\/cool-style.md\/wp-content\/uploads\/2025\/12\/Cool-style.md-Hector-Zero-T-Trimmer-.jpg\" alt=\"Cool-style.md Hector Zero T Trimmer\" width=\"190\" height=\"197\" \/><\/a>Trimmer profesional de la produc\u0103torul <a href=\"https:\/\/azragroup.com\/\" target=\"_blank\" rel=\"noopener\">Hector<\/a>.<\/span><\/p>\n<ul>\n<li>Motor VECTOR f\u0103r\u0103 perii, f\u0103r\u0103 contact.<\/li>\n<li>Motor rapid \u0219i puternic, 10.000 rpm.<\/li>\n<li>Durata de via\u021b\u0103: 5 ani.<\/li>\n<\/ul>\n<div><strong>Specifica\u021bii baterie:<\/strong><\/div>\n<ul>\n<li>Baterie litiu de 1500 mAh.<\/li>\n<li>Timp de \u00eenc\u0103rcare: 70 de minute \/ Timp de func\u021bionare: 120 de minute.<\/li>\n<li>Re\u00eenc\u0103rcabil\u0103: de 1.500 de ori.<\/li>\n<li>Protec\u021bie la supra\u00eenc\u0103rcare.<\/li>\n<\/ul>\n<div><strong>Descriere motor:<\/strong><\/div>\n<ul>\n<li>Motor de curent alternativ (liniar) de lung\u0103 durat\u0103.<\/li>\n<li>Motor rapid \u0219i puternic.<\/li>\n<li>Durata de via\u021b\u0103 a motorului: 5 ani.<\/li>\n<li>Func\u021bionare silen\u021bioas\u0103.<\/li>\n<\/ul>\n<div><strong>Specifica\u021bii lam\u0103 de t\u0103iere:<\/strong><\/div>\n<ul>\n<li>Lame japoneze din o\u021bel inoxidabil 440C cu con\u021binut ridicat de carbon.<\/li>\n<li>Duritate Rockwell: 62-63.<\/li>\n<li>O\u021bel inoxidabil.<\/li>\n<li>Lungime de t\u0103iere reglabil\u0103 de la 0,2 la 1 mm.<\/li>\n<li>L\u0103\u021bime lam\u0103 fix\u0103: 40 mm<\/li>\n<\/ul>\n<div><strong>Inclus:<\/strong><\/div>\n<ul>\n<li>Instrument de contur<\/li>\n<li>\u00cenc\u0103rc\u0103tor cu adaptor pe un cablu rotund flexibil de 2,5 metri, 100-240 V, 50-60 Hz, ie\u0219ire: 5 V 1000 mA<\/li>\n<li>Stand de \u00eenc\u0103rcare<\/li>\n<li>Perie de cur\u0103\u021bare<\/li>\n<\/ul>\n<p><span style=\"font-size: 100%;\"><\/span><\/p>","protected":false},"excerpt":{"rendered":"<p><span style=\"font-size: 100%;\">Hector Zero T Trimmer\u00a0&#8211; aparat profesional pentru tuns.<\/span><span style=\"font-size: 100%;\"><\/span><\/p>\n","protected":false},"featured_media":7074,"template":"","meta":[],"product_brand":[],"product_cat":[177,29],"product_tag":[],"class_list":{"0":"post-7070","1":"product","2":"type-product","3":"status-publish","4":"has-post-thumbnail","6":"product_cat-aparate-de-tuns","7":"product_cat-accesorii","8":"pa_brand-hector","9":"pa_felul-produsului-trimmer","10":"pa_producator-turcia","12":"first","13":"instock","14":"featured","15":"shipping-taxable","16":"purchasable","17":"product-type-simple"},"_links":{"self":[{"href":"https:\/\/cool-style.md\/ro\/wp-json\/wp\/v2\/product\/7070","targetHints":{"allow":["GET"]}}],"collection":[{"href":"https:\/\/cool-style.md\/ro\/wp-json\/wp\/v2\/product"}],"about":[{"href":"https:\/\/cool-style.md\/ro\/wp-json\/wp\/v2\/types\/product"}],"wp:featuredmedia":[{"embeddable":true,"href":"https:\/\/cool-style.md\/ro\/wp-json\/wp\/v2\/media\/7074"}],"wp:attachment":[{"href":"https:\/\/cool-style.md\/ro\/wp-json\/wp\/v2\/media?parent=7070"}],"wp:term":[{"taxonomy":"product_brand","embeddable":true,"href":"https:\/\/cool-style.md\/ro\/wp-json\/wp\/v2\/product_brand?post=7070"},{"taxonomy":"product_cat","embeddable":true,"href":"https:\/\/cool-style.md\/ro\/wp-json\/wp\/v2\/product_cat?post=7070"},{"taxonomy":"product_tag","embeddable":true,"href":"https:\/\/cool-style.md\/ro\/wp-json\/wp\/v2\/product_tag?post=7070"}],"curies":[{"name":"wp","href":"https:\/\/api.w.org\/{rel}","templated":true}]}}