{"id":7081,"date":"2025-12-19T21:55:31","date_gmt":"2025-12-19T21:55:31","guid":{"rendered":"https:\/\/cool-style.md\/?post_type=product&#038;p=7081"},"modified":"2025-12-19T21:59:19","modified_gmt":"2025-12-19T21:59:19","slug":"hector-stock-t-trimmer","status":"publish","type":"product","link":"https:\/\/cool-style.md\/ro\/product\/hector-stock-t-trimmer\/","title":{"rendered":"Trimmer Hector Stock T Trimmer"},"content":{"rendered":"<h2 style=\"text-align: center;\">Trimmer Hector Stock T Trimmer<\/h2>\n<p><span style=\"font-size: 100%;\"><a href=\"https:\/\/cool-style.md\/wp-content\/uploads\/2025\/12\/Cool-style.md-Hector-Stock-T-Trimmer-.jpeg\"><img decoding=\"async\" class=\"size-full wp-image-7082 alignleft\" src=\"https:\/\/cool-style.md\/wp-content\/uploads\/2025\/12\/Cool-style.md-Hector-Stock-T-Trimmer-.jpeg\" alt=\"Cool-style.md Hector Stock T Trimmer\" width=\"225\" height=\"225\" srcset=\"https:\/\/cool-style.md\/wp-content\/uploads\/2025\/12\/Cool-style.md-Hector-Stock-T-Trimmer-.jpeg 225w, https:\/\/cool-style.md\/wp-content\/uploads\/2025\/12\/Cool-style.md-Hector-Stock-T-Trimmer--100x100.jpeg 100w\" sizes=\"(max-width: 225px) 100vw, 225px\" \/><\/a>Trimmer profesional de la produc\u0103torul <a href=\"https:\/\/azragroup.com\/\" target=\"_blank\" rel=\"noopener\">Hector<\/a> <\/span>wireless 11.000 rpm\u00a0este un aparat de contur premium, creat pentru frizerii \u0219i hairstyli\u0219tii care pun accent pe <strong>precizie, putere \u0219i durabilitate<\/strong>. Cu un\u00a0<strong>motor vectorial f\u0103r\u0103 perii<\/strong>\u00a0ce atinge\u00a0<strong>11.000 rpm<\/strong>, acest trimmer asigur\u0103 o t\u0103iere rapid\u0103, constant\u0103 \u0219i silen\u021bioas\u0103, ideal\u0103 pentru contururi \u0219i detalii perfecte.<\/p>\n<p><strong>Avantaje \u0219i beneficii<\/strong><\/p>\n<ul>\n<li>Motor vectorial f\u0103r\u0103 perii\u00a0\u2013 11.000 rpm, putere constant\u0103 \u0219i durat\u0103 de via\u021b\u0103 de 5 ani.<\/li>\n<li>Baterie litiu-ion de 2000 mAh\u00a0\u2013 autonomie de p\u00e2n\u0103 la 180 minute, \u00eenc\u0103rcare rapid\u0103 \u00een 90 minute.<\/li>\n<li>\u00cenc\u0103rcare prin micro USB\u00a0\u2013 flexibilitate \u0219i u\u0219urin\u021b\u0103 \u00een utilizare.<\/li>\n<li>Lame japoneze din o\u021bel inoxidabil 440C\u00a0\u2013 ultra-rezistente \u0219i precise.<\/li>\n<li>T\u0103iere reglabil\u0103 \u00eentre 0,2 \u2013 1 mm\u00a0\u2013 pentru finisaje profesionale \u0219i contururi impecabile.<\/li>\n<li>Design ergonomic \u0219i func\u021bionare silen\u021bioas\u0103\u00a0\u2013 confort la utilizare \u00eendelungat\u0103.<\/li>\n<\/ul>\n<p><strong>Specifica\u021bii tehnice<\/strong><\/p>\n<ul>\n<li>Motor:\u00a0vectorial f\u0103r\u0103 perii, 11.000 rpm<\/li>\n<li>Baterie:\u00a0ICR Litiu-ion, 2000 mAh<\/li>\n<li>Timp de \u00eenc\u0103rcare:\u00a090 minute<\/li>\n<li>Autonomie:\u00a0180 minute<\/li>\n<li>Re\u00eenc\u0103rcare:\u00a0p\u00e2n\u0103 la 1500 de cicluri<\/li>\n<li>\u00cenc\u0103rcare:\u00a0micro USB<\/li>\n<li>Lame:\u00a0japoneze 440C, duritate Rockwell 62-63<\/li>\n<li>L\u0103\u021bime lam\u0103:\u00a040 mm<\/li>\n<li>Lungime t\u0103iere:\u00a00,2 \u2013 1 mm<\/li>\n<\/ul>\n<p><strong>Ce con\u021bine pachetul<\/strong><\/p>\n<ul>\n<li>1 x HECTOR Super Stock T Trimmer<\/li>\n<li>Perie de cur\u0103\u021bare<\/li>\n<li>Sticl\u0103 de ulei<\/li>\n<li>Alimentare universal\u0103 100-240V, 50-60Hz \/ ie\u0219ire 5V 2A<\/li>\n<li>Manual de utilizare<\/li>\n<li>Garan\u021bie: 24 luni persoane fizice \/ 12 luni persoane juridice<\/li>\n<\/ul>\n<p><span style=\"font-size: 100%;\"><\/span><\/p>","protected":false},"excerpt":{"rendered":"<p><span style=\"font-size: 100%;\">Hector Stock T Trimmer &#8211; aparat profesional pentru tuns.<\/span><span style=\"font-size: 100%;\"><\/span><\/p>\n","protected":false},"featured_media":7086,"template":"","meta":[],"product_brand":[],"product_cat":[177,29],"product_tag":[],"class_list":{"0":"post-7081","1":"product","2":"type-product","3":"status-publish","4":"has-post-thumbnail","6":"product_cat-aparate-de-tuns","7":"product_cat-accesorii","8":"pa_brand-hector","9":"pa_felul-produsului-trimmer","10":"pa_producator-turcia","12":"first","13":"instock","14":"featured","15":"shipping-taxable","16":"purchasable","17":"product-type-simple"},"_links":{"self":[{"href":"https:\/\/cool-style.md\/ro\/wp-json\/wp\/v2\/product\/7081","targetHints":{"allow":["GET"]}}],"collection":[{"href":"https:\/\/cool-style.md\/ro\/wp-json\/wp\/v2\/product"}],"about":[{"href":"https:\/\/cool-style.md\/ro\/wp-json\/wp\/v2\/types\/product"}],"wp:featuredmedia":[{"embeddable":true,"href":"https:\/\/cool-style.md\/ro\/wp-json\/wp\/v2\/media\/7086"}],"wp:attachment":[{"href":"https:\/\/cool-style.md\/ro\/wp-json\/wp\/v2\/media?parent=7081"}],"wp:term":[{"taxonomy":"product_brand","embeddable":true,"href":"https:\/\/cool-style.md\/ro\/wp-json\/wp\/v2\/product_brand?post=7081"},{"taxonomy":"product_cat","embeddable":true,"href":"https:\/\/cool-style.md\/ro\/wp-json\/wp\/v2\/product_cat?post=7081"},{"taxonomy":"product_tag","embeddable":true,"href":"https:\/\/cool-style.md\/ro\/wp-json\/wp\/v2\/product_tag?post=7081"}],"curies":[{"name":"wp","href":"https:\/\/api.w.org\/{rel}","templated":true}]}}