{"id":7100,"date":"2025-12-20T22:37:04","date_gmt":"2025-12-20T22:37:04","guid":{"rendered":"https:\/\/cool-style.md\/?post_type=product&#038;p=7100"},"modified":"2025-12-20T22:44:34","modified_gmt":"2025-12-20T22:44:34","slug":"hector-hawk-x-clipper","status":"publish","type":"product","link":"https:\/\/cool-style.md\/ro\/product\/hector-hawk-x-clipper\/","title":{"rendered":"Ma\u015fin\u0103 de tuns Hector Hawk X Clipper"},"content":{"rendered":"<h2 style=\"text-align: center;\">Ma\u0219in\u0103 de tuns Hector Hawk X Clipper<\/h2>\n<p><span style=\"font-size: 100%;\"><a href=\"https:\/\/cool-style.md\/wp-content\/uploads\/2025\/12\/Cool-style.md-Hector-Hawk-X-Clipper-.jpeg\"><img decoding=\"async\" class=\" wp-image-7101 alignleft\" src=\"https:\/\/cool-style.md\/wp-content\/uploads\/2025\/12\/Cool-style.md-Hector-Hawk-X-Clipper--400x400.jpeg\" alt=\"Cool-style.md Hector Hawk X Clipper\" width=\"213\" height=\"213\" srcset=\"https:\/\/cool-style.md\/wp-content\/uploads\/2025\/12\/Cool-style.md-Hector-Hawk-X-Clipper--400x400.jpeg 400w, https:\/\/cool-style.md\/wp-content\/uploads\/2025\/12\/Cool-style.md-Hector-Hawk-X-Clipper--280x280.jpeg 280w, https:\/\/cool-style.md\/wp-content\/uploads\/2025\/12\/Cool-style.md-Hector-Hawk-X-Clipper--300x300.jpeg 300w, https:\/\/cool-style.md\/wp-content\/uploads\/2025\/12\/Cool-style.md-Hector-Hawk-X-Clipper--510x510.jpeg 510w, https:\/\/cool-style.md\/wp-content\/uploads\/2025\/12\/Cool-style.md-Hector-Hawk-X-Clipper--100x100.jpeg 100w, https:\/\/cool-style.md\/wp-content\/uploads\/2025\/12\/Cool-style.md-Hector-Hawk-X-Clipper-.jpeg 600w\" sizes=\"(max-width: 213px) 100vw, 213px\" \/><\/a>Ma\u0219in\u0103 de tuns profesional\u0103 de la produc\u0103torul <a href=\"https:\/\/azragroup.com\/\" target=\"_blank\" rel=\"noopener\">Hector<\/a> <\/span>este aparatul de tuns profesional cu motor\u00a0<strong>BLDC f\u0103r\u0103 perii \u0219i f\u0103r\u0103 contact<\/strong>, conceput pentru frizerii \u0219i barbershop-urile care caut\u0103\u00a0<strong>putere, precizie \u0219i rezisten\u021b\u0103<\/strong>. Cu un motor de\u00a0<strong>7000 rpm<\/strong>\u00a0\u0219i o durat\u0103 de via\u021b\u0103 de p\u00e2n\u0103 la\u00a0<strong>5 ani<\/strong>, acest clipper garanteaz\u0103 performan\u021b\u0103 constant\u0103 \u0219i tuns precis la fiecare utilizare.<\/p>\n<p><strong>Caracteristici principale:<\/strong><\/p>\n<ul>\n<li>Motor rotativ BLDC f\u0103r\u0103 perii\u00a0\u2013 tehnologie avansat\u0103, durat\u0103 de via\u021b\u0103 extins\u0103.<\/li>\n<li>Vitez\u0103 7000 rpm\u00a0\u2013 putere constant\u0103 \u0219i performan\u021b\u0103 ridicat\u0103.<\/li>\n<li>Durat\u0103 de via\u021b\u0103 5 ani\u00a0\u2013 ideal pentru utilizare profesional\u0103 zilnic\u0103.<\/li>\n<li>Func\u021bionare silen\u021bioas\u0103\u00a0\u2013 confort pentru frizer \u0219i client.<\/li>\n<\/ul>\n<p>&nbsp;<\/p>\n<p><strong>Detalii tehnice:<\/strong><\/p>\n<ul>\n<li>Motor:\u00a0BLDC f\u0103r\u0103 perii, 7000 rpm<\/li>\n<li>Baterie:\u00a0Li-ion INR 2500 mAh<\/li>\n<li>Timp de lucru:\u00a0180 min<\/li>\n<li>Timp de \u00eenc\u0103rcare:\u00a090 min<\/li>\n<li>Lungime t\u0103iere:\u00a00,3\u20133 mm<\/li>\n<li>Lam\u0103 fix\u0103:\u00a045 mm<\/li>\n<li>Culoare:\u00a0negru mat<\/li>\n<li>Garan\u021bie:\u00a024 luni persoane fizice \/ 12 luni persoane juridice<\/li>\n<\/ul>\n<p><strong>Baterie de \u00eenalt\u0103 performan\u021b\u0103:<\/strong><\/p>\n<ul>\n<li>Baterie litiu-ion INR 2500 mAh\u00a0\u2013 autonomie excelent\u0103.<\/li>\n<li>Timp de \u00eenc\u0103rcare:\u00a090 minute \/\u00a0Timp de lucru:\u00a0180 minute.<\/li>\n<li>P\u00e2n\u0103 la\u00a01500 cicluri de re\u00eenc\u0103rcare.<\/li>\n<li>Protec\u021bie la supra\u00eenc\u0103rcare\u00a0pentru siguran\u021b\u0103 \u0219i durabilitate.<\/li>\n<\/ul>\n<p><strong>Lame de t\u0103iere:<\/strong><\/p>\n<ul>\n<li>O\u021bel inoxidabil 440C cu carbon ridicat\u00a0\u2013 rezisten\u021b\u0103 \u0219i precizie.<\/li>\n<li>Duritate Rockwell 62\u201363\u00a0\u2013 t\u0103iere fin\u0103 \u0219i rezisten\u021b\u0103 \u00eendelungat\u0103.<\/li>\n<li>Lungime de t\u0103iere reglabil\u0103 0,3\u20133 mm\u00a0\u2013 versatil pentru diferite stiluri.<\/li>\n<li>Lam\u0103 fix\u0103 de 45 mm\u00a0\u2013 tuns rapid \u0219i uniform.<\/li>\n<li>Cu\u021bite deta\u0219abile\u00a0\u2013 u\u0219or de cur\u0103\u021bat \u0219i \u00eentre\u021binut.<\/li>\n<\/ul>\n<p><strong>Pachetul con\u021bine:<\/strong><\/p>\n<ul>\n<li>1 x\u00a0Aparat de tuns HECTOR HAWK X<\/li>\n<li>1 x\u00a0Stand de \u00eenc\u0103rcare<\/li>\n<li>6 x\u00a0\u00cen\u0103l\u021b\u0103toare\u00a0de dimensiuni diferite<\/li>\n<li>1 x\u00a0Perie de cur\u0103\u021bare<\/li>\n<li>1 x\u00a0Recipient cu ulei<\/li>\n<li>1 x\u00a0\u00cenc\u0103rc\u0103tor cu adaptor cablu flexibil 2,5 m\u00a0(100\u2013240V, 50\/60Hz, 5V 1000mA)<\/li>\n<\/ul>\n<p><span style=\"font-size: 100%;\"><\/span><\/p>","protected":false},"excerpt":{"rendered":"<p><span style=\"font-size: 100%;\">Hector Hawk X Clipper &#8211; aparat profesional pentru tuns.<\/span><span style=\"font-size: 100%;\"><\/span><\/p>\n","protected":false},"featured_media":7104,"template":"","meta":[],"product_brand":[],"product_cat":[177,29],"product_tag":[],"class_list":{"0":"post-7100","1":"product","2":"type-product","3":"status-publish","4":"has-post-thumbnail","6":"product_cat-aparate-de-tuns","7":"product_cat-accesorii","8":"pa_brand-hector","9":"pa_felul-produsului-masina-de-tuns","10":"pa_producator-turcia","12":"first","13":"instock","14":"featured","15":"shipping-taxable","16":"purchasable","17":"product-type-simple"},"_links":{"self":[{"href":"https:\/\/cool-style.md\/ro\/wp-json\/wp\/v2\/product\/7100","targetHints":{"allow":["GET"]}}],"collection":[{"href":"https:\/\/cool-style.md\/ro\/wp-json\/wp\/v2\/product"}],"about":[{"href":"https:\/\/cool-style.md\/ro\/wp-json\/wp\/v2\/types\/product"}],"wp:featuredmedia":[{"embeddable":true,"href":"https:\/\/cool-style.md\/ro\/wp-json\/wp\/v2\/media\/7104"}],"wp:attachment":[{"href":"https:\/\/cool-style.md\/ro\/wp-json\/wp\/v2\/media?parent=7100"}],"wp:term":[{"taxonomy":"product_brand","embeddable":true,"href":"https:\/\/cool-style.md\/ro\/wp-json\/wp\/v2\/product_brand?post=7100"},{"taxonomy":"product_cat","embeddable":true,"href":"https:\/\/cool-style.md\/ro\/wp-json\/wp\/v2\/product_cat?post=7100"},{"taxonomy":"product_tag","embeddable":true,"href":"https:\/\/cool-style.md\/ro\/wp-json\/wp\/v2\/product_tag?post=7100"}],"curies":[{"name":"wp","href":"https:\/\/api.w.org\/{rel}","templated":true}]}}