{"id":7130,"date":"2025-12-21T21:41:01","date_gmt":"2025-12-21T21:41:01","guid":{"rendered":"https:\/\/cool-style.md\/?post_type=product&#038;p=7130"},"modified":"2025-12-21T21:50:37","modified_gmt":"2025-12-21T21:50:37","slug":"hector-spare-foil-and-blades-for-shaver","status":"publish","type":"product","link":"https:\/\/cool-style.md\/ro\/product\/hector-spare-foil-and-blades-for-shaver\/","title":{"rendered":"Rezerv\u0103 folie \u0219i cu\u021bite pentru shaver Hector Spare Foil And Blades For Shaver"},"content":{"rendered":"<h2 style=\"text-align: center;\">Rezerv\u0103 folie \u0219i cu\u021bite pentru shaver Hector Spare Foil And Blades For Shaver<\/h2>\n<p>Accesorii de schimb pentru <a href=\"https:\/\/cool-style.md\/accesorii\/aparate-de-tuns\/\">aparate de ras<\/a> profesionale de la produc\u0103torul <span style=\"font-size: 100%;\"><a href=\"https:\/\/azragroup.com\/\" target=\"_blank\" rel=\"noopener\">Hector<\/a><\/span>. Rezerva original\u0103 Hector pentru Shaver Shaper\u00a0este conceput\u0103 pentru a asigura o\u00a0performan\u021b\u0103 optim\u0103 \u0219i o durat\u0103 de via\u021b\u0103 extins\u0103\u00a0aparatului t\u0103u de ras. Setul include\u00a02 lame de t\u0103iere din o\u021bel inoxidabil\u00a0\u0219i un\u00a0cap de t\u0103iere premium din titan auriu, oferind un ras neted, precis \u0219i hipoalergenic.<\/p>\n<p><strong>Caracteristici principale:<\/strong><\/p>\n<ul>\n<li>Compatibilitate perfect\u0103\u00a0cu aparatul de ras\u00a0Hector Shaper.<\/li>\n<li>Cap de t\u0103iere din titan auriu, rezistent \u0219i delicat cu pielea.<\/li>\n<li>2 lame de t\u0103iere din o\u021bel inoxidabil\u00a0\u2013 durabile \u0219i ascu\u021bite pentru performan\u021b\u0103 de lung\u0103 durat\u0103.<\/li>\n<li>Design hipoalergenic, sigur pentru toate tipurile de piele.<\/li>\n<\/ul>\n<p><strong>Recomand\u0103ri de utilizare:<\/strong><\/p>\n<ul>\n<li>Pentru o performan\u021b\u0103 optim\u0103, cur\u0103\u021ba\u021bi regulat accesoriile, mai ales \u00een cazul utiliz\u0103rii zilnice.<\/li>\n<li>Evita\u021bi acumularea de reziduuri pentru a men\u021bine calitatea t\u0103ierii.<\/li>\n<\/ul>\n<p><strong>Pachetul con\u021bine:<\/strong><\/p>\n<ul>\n<li>2 x\u00a0lame de t\u0103iere din o\u021bel inoxidabil<\/li>\n<li>1 x\u00a0cap de t\u0103iere premium din titan auriu<\/li>\n<\/ul>\n<p><strong>Detalii tehnice:<\/strong><\/p>\n<ul>\n<li>Material lame:\u00a0o\u021bel inoxidabil de \u00eenalt\u0103 calitate<\/li>\n<li>Material folie:\u00a0titan auriu hipoalergenic<\/li>\n<li>Montare:\u00a0u\u0219or de \u00eenlocuit<\/li>\n<\/ul>\n<p><span style=\"font-size: 100%;\"><\/span><\/p>","protected":false},"excerpt":{"rendered":"<p><span style=\"font-size: 100%;\">Hector Spare Foil And Blades For Shaver &#8211; accesorii de rezerv\u0103 pentru munc\u0103 productiv\u0103.<\/span><span style=\"font-size: 100%;\"><\/span><\/p>\n","protected":false},"featured_media":7132,"template":"","meta":[],"product_brand":[],"product_cat":[29,242],"product_tag":[],"class_list":{"0":"post-7130","1":"product","2":"type-product","3":"status-publish","4":"has-post-thumbnail","6":"product_cat-accesorii","7":"product_cat-lame-si-duze","8":"pa_brand-hector","9":"pa_felul-produsului-lama","10":"pa_producator-turcia","12":"first","13":"instock","14":"featured","15":"shipping-taxable","16":"purchasable","17":"product-type-simple"},"_links":{"self":[{"href":"https:\/\/cool-style.md\/ro\/wp-json\/wp\/v2\/product\/7130","targetHints":{"allow":["GET"]}}],"collection":[{"href":"https:\/\/cool-style.md\/ro\/wp-json\/wp\/v2\/product"}],"about":[{"href":"https:\/\/cool-style.md\/ro\/wp-json\/wp\/v2\/types\/product"}],"wp:featuredmedia":[{"embeddable":true,"href":"https:\/\/cool-style.md\/ro\/wp-json\/wp\/v2\/media\/7132"}],"wp:attachment":[{"href":"https:\/\/cool-style.md\/ro\/wp-json\/wp\/v2\/media?parent=7130"}],"wp:term":[{"taxonomy":"product_brand","embeddable":true,"href":"https:\/\/cool-style.md\/ro\/wp-json\/wp\/v2\/product_brand?post=7130"},{"taxonomy":"product_cat","embeddable":true,"href":"https:\/\/cool-style.md\/ro\/wp-json\/wp\/v2\/product_cat?post=7130"},{"taxonomy":"product_tag","embeddable":true,"href":"https:\/\/cool-style.md\/ro\/wp-json\/wp\/v2\/product_tag?post=7130"}],"curies":[{"name":"wp","href":"https:\/\/api.w.org\/{rel}","templated":true}]}}