{"id":7133,"date":"2025-12-21T21:54:28","date_gmt":"2025-12-21T21:54:28","guid":{"rendered":"https:\/\/cool-style.md\/?post_type=product&#038;p=7133"},"modified":"2025-12-21T22:01:57","modified_gmt":"2025-12-21T22:01:57","slug":"hector-set-of-nozzles-for-clipper","status":"publish","type":"product","link":"https:\/\/cool-style.md\/ro\/product\/hector-set-of-nozzles-for-clipper\/","title":{"rendered":"Set de accesorii pentru ma\u0219ina de tuns Hector Set of Nozzles for Clipper"},"content":{"rendered":"<h2 style=\"text-align: center;\">Set de accesorii pentru ma\u0219ina de tuns Hector Set of Nozzles for Clipper<\/h2>\n<p><span style=\"font-size: 100%;\"><a href=\"https:\/\/cool-style.md\/wp-content\/uploads\/2025\/12\/Cool-styl.md-Hector-Set-of-Nozzles-for-Clipper-1-2.jpg\"><img decoding=\"async\" class=\"wp-image-7137 alignleft\" src=\"https:\/\/cool-style.md\/wp-content\/uploads\/2025\/12\/Cool-styl.md-Hector-Set-of-Nozzles-for-Clipper-1-2-400x400.jpg\" alt=\"Cool-styl.md Hector Set of Nozzles for Clipper\" width=\"212\" height=\"212\" srcset=\"https:\/\/cool-style.md\/wp-content\/uploads\/2025\/12\/Cool-styl.md-Hector-Set-of-Nozzles-for-Clipper-1-2-400x400.jpg 400w, https:\/\/cool-style.md\/wp-content\/uploads\/2025\/12\/Cool-styl.md-Hector-Set-of-Nozzles-for-Clipper-1-2-800x800.jpg 800w, https:\/\/cool-style.md\/wp-content\/uploads\/2025\/12\/Cool-styl.md-Hector-Set-of-Nozzles-for-Clipper-1-2-280x280.jpg 280w, https:\/\/cool-style.md\/wp-content\/uploads\/2025\/12\/Cool-styl.md-Hector-Set-of-Nozzles-for-Clipper-1-2-768x768.jpg 768w, https:\/\/cool-style.md\/wp-content\/uploads\/2025\/12\/Cool-styl.md-Hector-Set-of-Nozzles-for-Clipper-1-2-300x300.jpg 300w, https:\/\/cool-style.md\/wp-content\/uploads\/2025\/12\/Cool-styl.md-Hector-Set-of-Nozzles-for-Clipper-1-2-510x510.jpg 510w, https:\/\/cool-style.md\/wp-content\/uploads\/2025\/12\/Cool-styl.md-Hector-Set-of-Nozzles-for-Clipper-1-2-100x100.jpg 100w, https:\/\/cool-style.md\/wp-content\/uploads\/2025\/12\/Cool-styl.md-Hector-Set-of-Nozzles-for-Clipper-1-2.jpg 1080w\" sizes=\"(max-width: 212px) 100vw, 212px\" \/><\/a><\/span>Accesorii de schimb pentru <a href=\"https:\/\/cool-style.md\/accesorii\/aparate-de-tuns\/\">aparate de ras<\/a> profesionale de la produc\u0103torul <span style=\"font-size: 100%;\"><a href=\"https:\/\/azragroup.com\/\" target=\"_blank\" rel=\"noopener\">Hector<\/a><\/span>. Acest set de 10 accesorii pentru ma\u0219in\u0103 de tuns ofer\u0103 o experien\u021b\u0103 personalizat\u0103 de b\u0103rbierit, oferind o varietate de op\u021biuni de lungime pentru tunderea p\u0103rului \u0219i a b\u0103rbii. Fabrica\u021bi din materiale durabile, pieptenii sunt potrivi\u021bi pentru utilizare pe termen lung. Practici pentru frizerii profesionale, saloane de \u00eenfrumuse\u021bare \u0219i uz casnic, acest set v\u0103 va ajuta s\u0103 crea\u021bi cu u\u0219urin\u021b\u0103 o varietate de tunsori.<\/p>\n<div><strong>Caracteristici cheie<\/strong><\/div>\n<ul>\n<li>10 lungimi diferite de t\u0103iere<\/li>\n<li>Material rezistent \u0219i durabil.<\/li>\n<li>Potrivit pentru toate tipurile de p\u0103r \u0219i barb\u0103.<\/li>\n<li>Piepteni u\u0219or de ata\u0219at \u0219i deta\u0219at.<\/li>\n<li>Ideali at\u00e2t pentru uz profesional, c\u00e2t \u0219i pentru uz casnic.<\/li>\n<\/ul>\n<div><strong>Specifica\u021bii<\/strong><\/div>\n<ul>\n<li>Cantitate: 10<\/li>\n<li>Aplica\u021bie: Tunderea p\u0103rului \u0219i a b\u0103rbii<\/li>\n<li>Material: Plastic ABS durabil<\/li>\n<li>Compatibilitate: Compatibil cu majoritatea modelelor de ma\u0219ini de tuns Hector.<\/li>\n<\/ul>\n<div><strong>Aplica\u021bii \u0219i recomand\u0103ri<\/strong><\/div>\n<ul>\n<li>T\u0103iere: Rezultate \u00eengrijite \u0219i profesionale, diferite lungimi de p\u0103r.<\/li>\n<li>Tunderea b\u0103rbii: modelarea b\u0103rbii la lungimea dorit\u0103.<\/li>\n<li>Uz profesional: Un instrument esen\u021bial pentru frizerii \u0219i saloane de \u00eenfrumuse\u021bare.<\/li>\n<li>Uz casnic: Practic \u0219i convenabil pentru igiena personal\u0103.<\/li>\n<\/ul>\n<p><span style=\"font-size: 100%;\"><\/span><\/p>","protected":false},"excerpt":{"rendered":"<p><span style=\"font-size: 100%;\">Hector Set of Nozzles for Clipper &#8211; accesorii pentru munc\u0103 productiv\u0103.<\/span><span style=\"font-size: 100%;\"><\/span><\/p>\n","protected":false},"featured_media":7136,"template":"","meta":[],"product_brand":[],"product_cat":[29,242],"product_tag":[],"class_list":{"0":"post-7133","1":"product","2":"type-product","3":"status-publish","4":"has-post-thumbnail","6":"product_cat-accesorii","7":"product_cat-lame-si-duze","8":"pa_brand-hector","9":"pa_felul-produsului-duza","10":"pa_producator-turcia","12":"first","13":"instock","14":"featured","15":"shipping-taxable","16":"purchasable","17":"product-type-simple"},"_links":{"self":[{"href":"https:\/\/cool-style.md\/ro\/wp-json\/wp\/v2\/product\/7133","targetHints":{"allow":["GET"]}}],"collection":[{"href":"https:\/\/cool-style.md\/ro\/wp-json\/wp\/v2\/product"}],"about":[{"href":"https:\/\/cool-style.md\/ro\/wp-json\/wp\/v2\/types\/product"}],"wp:featuredmedia":[{"embeddable":true,"href":"https:\/\/cool-style.md\/ro\/wp-json\/wp\/v2\/media\/7136"}],"wp:attachment":[{"href":"https:\/\/cool-style.md\/ro\/wp-json\/wp\/v2\/media?parent=7133"}],"wp:term":[{"taxonomy":"product_brand","embeddable":true,"href":"https:\/\/cool-style.md\/ro\/wp-json\/wp\/v2\/product_brand?post=7133"},{"taxonomy":"product_cat","embeddable":true,"href":"https:\/\/cool-style.md\/ro\/wp-json\/wp\/v2\/product_cat?post=7133"},{"taxonomy":"product_tag","embeddable":true,"href":"https:\/\/cool-style.md\/ro\/wp-json\/wp\/v2\/product_tag?post=7133"}],"curies":[{"name":"wp","href":"https:\/\/api.w.org\/{rel}","templated":true}]}}