{"id":7138,"date":"2025-12-21T22:04:28","date_gmt":"2025-12-21T22:04:28","guid":{"rendered":"https:\/\/cool-style.md\/?post_type=product&#038;p=7138"},"modified":"2025-12-21T22:11:29","modified_gmt":"2025-12-21T22:11:29","slug":"hector-hunter-clipper-blade","status":"publish","type":"product","link":"https:\/\/cool-style.md\/ro\/product\/hector-hunter-clipper-blade\/","title":{"rendered":"Set cu\u021bite Hector Hunter Clipper Blade"},"content":{"rendered":"<h2 style=\"text-align: center;\">Set cu\u021bite Hector Hunter Clipper Blade<\/h2>\n<p>Accesorii de schimb pentru <a href=\"https:\/\/cool-style.md\/accesorii\/aparate-de-tuns\/\">aparate de ras<\/a> profesionale de la produc\u0103torul <span style=\"font-size: 100%;\"><a href=\"https:\/\/azragroup.com\/\" target=\"_blank\" rel=\"noopener\">Hector<\/a><\/span>. Setul de cutite este realizat din DLC si ofera o temperatura mai scazuta comparativ cu alte tipuri de aliaje.<\/p>\n<p>DLC = Diamond-Like Carbon care tradus in limba romana este Diamant Carbon.<\/p>\n<p>Inoxidabile si foarte rezistente.<\/p>\n<p>Datorita materialulului DLC aceste cutite raman perfect ascutite mai mult timp comparativ cu cutitele fabricate din alte tipuri de materiale.<\/p>\n<p><strong>Cum s\u0103 cur\u0103\u021ba\u021bi cutitele:<\/strong><\/p>\n<p>Peria\u021bi u\u0219or cu peria de \u00eentre\u021binere pentru a cur\u0103\u021ba resturile, pulveriza\u021bi lamele cu dezinfectant , lubrifiati cu ulei, \u0219terge\u021bi si cur\u0103\u021ba\u021bi cu o c\u00e2rp\u0103 uscat\u0103 sau un prosop de hartie \u0219i utiliza\u021bi protectia pentru cutite cand nu utilizati aparatul.<\/p>\n<h4><strong>Material:<\/strong> Diamant Carbon ( DLC )<\/h4>\n<p><strong>Culoare:<\/strong> Negru<\/p>\n<p><strong>Model:<\/strong> FAPER = cutite FADE cu striatii de TAPER<\/p>\n<p>Compatibile cu masinile de tuns:\u00a0<strong>HECTOR<\/strong>\u00a0STOCK X\/ LINEAR\/ HUNTER,\u00a0<strong>STYLECRAFT, GAMMA, WAH.<\/strong><\/p>\n<p><strong>Pachetul contine:<\/strong><\/p>\n<ul>\n<li>1 cutit mobil<\/li>\n<li>1 cutit fix<\/li>\n<\/ul>\n<p><span style=\"font-size: 100%;\"><\/span><\/p>","protected":false},"excerpt":{"rendered":"<p><span style=\"font-size: 100%;\">Hector Hunter Clipper Blade &#8211; accesorii pentru munc\u0103 productiv\u0103.<\/span><span style=\"font-size: 100%;\"><\/span><\/p>\n","protected":false},"featured_media":7139,"template":"","meta":[],"product_brand":[],"product_cat":[29,242],"product_tag":[],"class_list":{"0":"post-7138","1":"product","2":"type-product","3":"status-publish","4":"has-post-thumbnail","6":"product_cat-accesorii","7":"product_cat-lame-si-duze","8":"pa_brand-hector","9":"pa_felul-produsului-lama","10":"pa_producator-turcia","12":"first","13":"instock","14":"featured","15":"shipping-taxable","16":"purchasable","17":"product-type-simple"},"_links":{"self":[{"href":"https:\/\/cool-style.md\/ro\/wp-json\/wp\/v2\/product\/7138","targetHints":{"allow":["GET"]}}],"collection":[{"href":"https:\/\/cool-style.md\/ro\/wp-json\/wp\/v2\/product"}],"about":[{"href":"https:\/\/cool-style.md\/ro\/wp-json\/wp\/v2\/types\/product"}],"wp:featuredmedia":[{"embeddable":true,"href":"https:\/\/cool-style.md\/ro\/wp-json\/wp\/v2\/media\/7139"}],"wp:attachment":[{"href":"https:\/\/cool-style.md\/ro\/wp-json\/wp\/v2\/media?parent=7138"}],"wp:term":[{"taxonomy":"product_brand","embeddable":true,"href":"https:\/\/cool-style.md\/ro\/wp-json\/wp\/v2\/product_brand?post=7138"},{"taxonomy":"product_cat","embeddable":true,"href":"https:\/\/cool-style.md\/ro\/wp-json\/wp\/v2\/product_cat?post=7138"},{"taxonomy":"product_tag","embeddable":true,"href":"https:\/\/cool-style.md\/ro\/wp-json\/wp\/v2\/product_tag?post=7138"}],"curies":[{"name":"wp","href":"https:\/\/api.w.org\/{rel}","templated":true}]}}