{"id":7148,"date":"2025-12-21T22:50:48","date_gmt":"2025-12-21T22:50:48","guid":{"rendered":"https:\/\/cool-style.md\/?post_type=product&#038;p=7148"},"modified":"2025-12-21T22:57:36","modified_gmt":"2025-12-21T22:57:36","slug":"hector-beard-razor-t1","status":"publish","type":"product","link":"https:\/\/cool-style.md\/ro\/product\/hector-beard-razor-t1\/","title":{"rendered":"Brici pentru barb\u0103 Hector Beard Razor T1"},"content":{"rendered":"<h2 style=\"text-align: center;\">Brici pentru barb\u0103 Hector Beard Razor T1<\/h2>\n<p><span style=\"font-size: 100%;\"><a href=\"https:\/\/azragroup.com\/\" target=\"_blank\" rel=\"noopener\">Hector<\/a><\/span> <strong data-start=\"938\" data-end=\"967\">T1<\/strong> este o <a href=\"https:\/\/cool-style.md\/ro\/accesorii\/\">lam\u0103 de ras<\/a> clasic\u0103 pentru barb\u0103, ideal\u0103 pentru tunderea \u0219i conturarea uniform\u0103 a b\u0103rbii \u0219i must\u0103\u021bii. Cu o construc\u021bie simpl\u0103, dar eficient\u0103, aceast\u0103 lam\u0103 ofer\u0103 t\u0103ieri curate \u0219i precise la fiecare utilizare, fie c\u0103 este vorba de \u00eentre\u021binere zilnic\u0103 sau ajust\u0103ri mai detaliate. Un instrument tradi\u021bional de \u00eencredere \u00een ritualul de \u00eengrijire personal\u0103.<\/p>\n<p><span style=\"font-size: 100%;\"><\/span><\/p>","protected":false},"excerpt":{"rendered":"<p><span style=\"font-size: 100%;\">Hector Beard Razor T1 &#8211; accesoriu pentru munc\u0103 productiv\u0103.<\/span><span style=\"font-size: 100%;\"><\/span><\/p>\n","protected":false},"featured_media":7149,"template":"","meta":[],"product_brand":[],"product_cat":[29,132],"product_tag":[],"class_list":{"0":"post-7148","1":"product","2":"type-product","3":"status-publish","4":"has-post-thumbnail","6":"product_cat-accesorii","7":"product_cat-diverse-accesorii","8":"pa_brand-hector","9":"pa_felul-produsului-aparat-de-ras","10":"pa_producator-turcia","12":"first","13":"instock","14":"featured","15":"shipping-taxable","16":"purchasable","17":"product-type-simple"},"_links":{"self":[{"href":"https:\/\/cool-style.md\/ro\/wp-json\/wp\/v2\/product\/7148","targetHints":{"allow":["GET"]}}],"collection":[{"href":"https:\/\/cool-style.md\/ro\/wp-json\/wp\/v2\/product"}],"about":[{"href":"https:\/\/cool-style.md\/ro\/wp-json\/wp\/v2\/types\/product"}],"wp:featuredmedia":[{"embeddable":true,"href":"https:\/\/cool-style.md\/ro\/wp-json\/wp\/v2\/media\/7149"}],"wp:attachment":[{"href":"https:\/\/cool-style.md\/ro\/wp-json\/wp\/v2\/media?parent=7148"}],"wp:term":[{"taxonomy":"product_brand","embeddable":true,"href":"https:\/\/cool-style.md\/ro\/wp-json\/wp\/v2\/product_brand?post=7148"},{"taxonomy":"product_cat","embeddable":true,"href":"https:\/\/cool-style.md\/ro\/wp-json\/wp\/v2\/product_cat?post=7148"},{"taxonomy":"product_tag","embeddable":true,"href":"https:\/\/cool-style.md\/ro\/wp-json\/wp\/v2\/product_tag?post=7148"}],"curies":[{"name":"wp","href":"https:\/\/api.w.org\/{rel}","templated":true}]}}