{"id":7156,"date":"2025-12-21T23:05:38","date_gmt":"2025-12-21T23:05:38","guid":{"rendered":"https:\/\/cool-style.md\/?post_type=product&#038;p=7156"},"modified":"2025-12-21T23:08:11","modified_gmt":"2025-12-21T23:08:11","slug":"hector-blade-b2","status":"publish","type":"product","link":"https:\/\/cool-style.md\/ro\/product\/hector-blade-b2\/","title":{"rendered":"Lam\u0103 pentru p\u0103r Hector Blade B2"},"content":{"rendered":"<h2 style=\"text-align: center;\">Lam\u0103 pentru p\u0103r Hector Blade B2<\/h2>\n<p data-start=\"1222\" data-end=\"1763\"><strong data-start=\"1222\" data-end=\"1278\"><a href=\"https:\/\/cool-style.md\/ro\/accesorii\/\">Instrument de ras<\/a> \/ ustensil\u0103 de \u00eengrijire <a href=\"https:\/\/azragroup.com\/\" target=\"_blank\" rel=\"noopener\">Hector<\/a> B2<\/strong> este un produs versatil conceput pentru \u00eengrijirea eficient\u0103 a b\u0103rbii, must\u0103\u021bii \u0219i p\u0103rului. Combin\u00e2nd <strong data-start=\"1381\" data-end=\"1421\">durabilitatea, ergonomia \u0219i precizia<\/strong>, acest instrument ofer\u0103 t\u0103ieri curate \u0219i definite pentru contururi impecabile. M\u00e2nerul confortabil asigur\u0103 o priz\u0103 sigur\u0103 \u00een timpul utiliz\u0103rii, iar lama ascu\u021bit\u0103 livreaz\u0103 rezultate precise, perfecte pentru uz personal sau profesional. Hector B2 este alegerea ideal\u0103 pentru b\u0103rba\u021bii care doresc s\u0103 \u00ee\u0219i \u00eentre\u021bin\u0103 aspectul cu \u00eencredere \u0219i stil.<\/p>\n<p data-start=\"1765\" data-end=\"1789\"><strong data-start=\"1765\" data-end=\"1789\">Avantaje principale:<\/strong><\/p>\n<ul data-start=\"1790\" data-end=\"1928\">\n<li data-start=\"1790\" data-end=\"1835\">\n<p data-start=\"1792\" data-end=\"1835\">Definitive precise pentru barb\u0103 \u0219i musta\u021b\u0103;<\/p>\n<\/li>\n<li data-start=\"1836\" data-end=\"1876\">\n<p data-start=\"1838\" data-end=\"1876\">Design ergonomic pentru control optim;<\/p>\n<\/li>\n<li data-start=\"1877\" data-end=\"1928\">\n<p data-start=\"1879\" data-end=\"1928\">Construc\u021bie robust\u0103 pentru utilizare \u00eendelungat\u0103.<\/p>\n<\/li>\n<\/ul>\n<p><span style=\"font-size: 100%;\"><\/span><\/p>","protected":false},"excerpt":{"rendered":"<p><span style=\"font-size: 100%;\">Hector Beard Razor T12 &#8211; accesoriu pentru munc\u0103 productiv\u0103.<\/span><span style=\"font-size: 100%;\"><\/span><\/p>\n","protected":false},"featured_media":7157,"template":"","meta":[],"product_brand":[],"product_cat":[29,132],"product_tag":[],"class_list":{"0":"post-7156","1":"product","2":"type-product","3":"status-publish","4":"has-post-thumbnail","6":"product_cat-accesorii","7":"product_cat-diverse-accesorii","8":"pa_brand-hector","9":"pa_felul-produsului-lama","10":"pa_producator-turcia","12":"first","13":"instock","14":"featured","15":"shipping-taxable","16":"purchasable","17":"product-type-simple"},"_links":{"self":[{"href":"https:\/\/cool-style.md\/ro\/wp-json\/wp\/v2\/product\/7156","targetHints":{"allow":["GET"]}}],"collection":[{"href":"https:\/\/cool-style.md\/ro\/wp-json\/wp\/v2\/product"}],"about":[{"href":"https:\/\/cool-style.md\/ro\/wp-json\/wp\/v2\/types\/product"}],"wp:featuredmedia":[{"embeddable":true,"href":"https:\/\/cool-style.md\/ro\/wp-json\/wp\/v2\/media\/7157"}],"wp:attachment":[{"href":"https:\/\/cool-style.md\/ro\/wp-json\/wp\/v2\/media?parent=7156"}],"wp:term":[{"taxonomy":"product_brand","embeddable":true,"href":"https:\/\/cool-style.md\/ro\/wp-json\/wp\/v2\/product_brand?post=7156"},{"taxonomy":"product_cat","embeddable":true,"href":"https:\/\/cool-style.md\/ro\/wp-json\/wp\/v2\/product_cat?post=7156"},{"taxonomy":"product_tag","embeddable":true,"href":"https:\/\/cool-style.md\/ro\/wp-json\/wp\/v2\/product_tag?post=7156"}],"curies":[{"name":"wp","href":"https:\/\/api.w.org\/{rel}","templated":true}]}}