{"id":7171,"date":"2025-12-22T21:58:24","date_gmt":"2025-12-22T21:58:24","guid":{"rendered":"https:\/\/cool-style.md\/?post_type=product&#038;p=7171"},"modified":"2025-12-22T22:16:34","modified_gmt":"2025-12-22T22:16:34","slug":"hector-turtle-s90","status":"publish","type":"product","link":"https:\/\/cool-style.md\/ro\/product\/hector-turtle-s90\/","title":{"rendered":"Topitor de cear\u0103 Hector Turtle S90 Wax Heater"},"content":{"rendered":"<p><span style=\"font-size: 75%;\"><\/span><\/p>\n<h2 style=\"text-align: center;\">Topitor de cear\u0103 Hector Turtle S90<\/h2>\n<p><a href=\"https:\/\/cool-style.md\/wp-content\/uploads\/2025\/12\/Cool-style.md-Hector-Turtle-S90--e1766441157122.jpg\"><img decoding=\"async\" class=\"wp-image-7172 alignleft\" src=\"https:\/\/cool-style.md\/wp-content\/uploads\/2025\/12\/Cool-style.md-Hector-Turtle-S90--e1766441157122-475x400.jpg\" alt=\"Cool-style.md Hector Turtle S90\" width=\"238\" height=\"200\" srcset=\"https:\/\/cool-style.md\/wp-content\/uploads\/2025\/12\/Cool-style.md-Hector-Turtle-S90--e1766441157122-475x400.jpg 475w, https:\/\/cool-style.md\/wp-content\/uploads\/2025\/12\/Cool-style.md-Hector-Turtle-S90--e1766441157122-510x430.jpg 510w, https:\/\/cool-style.md\/wp-content\/uploads\/2025\/12\/Cool-style.md-Hector-Turtle-S90--e1766441157122.jpg 598w\" sizes=\"(max-width: 238px) 100vw, 238px\" \/><\/a><\/p>\n<p data-start=\"1696\" data-end=\"2038\"><strong data-start=\"1696\" data-end=\"1816\"><a href=\"https:\/\/azragroup.com\/\" target=\"_blank\" rel=\"noopener\">Hector<\/a> Waxess Turtle S90 \u2013 aparat profesional pentru \u00eenc\u0103lzirea \u0219i preg\u0103tirea cerii \u00een conserve, cu o capacitate de 600 ml.<\/strong> Acest dispozitiv ofer\u0103 o solu\u021bie practic\u0103 \u0219i eficient\u0103 pentru saloane de \u00eenfrumuse\u021bare, speciali\u0219ti \u00een epilat \u0219i utilizare acas\u0103, asigur\u00e2nd o \u00eenc\u0103lzire uniform\u0103 \u0219i controlat\u0103 a cerii.<\/p>\n<p data-start=\"2040\" data-end=\"2826\"><strong data-start=\"2043\" data-end=\"2073\">Caracteristici principale:<\/strong><\/p>\n<ul>\n<li data-start=\"2040\" data-end=\"2826\">Capacitate de 600 ml \u2013 suficient pentru sesiuni de lucru mai lungi f\u0103r\u0103 re\u00eenc\u0103rcare frecvent\u0103.<\/li>\n<li data-start=\"2040\" data-end=\"2826\">Tehnologie de \u00eenc\u0103lzire PTC \u2013 asigur\u0103 \u00eenc\u0103lzire rapid\u0103 \u0219i men\u021binerea temperaturii dorite.<\/li>\n<li data-start=\"2040\" data-end=\"2826\">Termostat reglabil \u2013 permite ajustarea temperaturii \u00een func\u021bie de tipul de cear\u0103 folosit.<\/li>\n<li data-start=\"2040\" data-end=\"2826\">Indicator de stare luminos \u2013 semnalizeaz\u0103 c\u0103 produsul este gata de utilizat.<\/li>\n<li data-start=\"2040\" data-end=\"2826\">Timp de preg\u0103tire ~20\u201330 minute dup\u0103 pornire.<\/li>\n<li data-start=\"2040\" data-end=\"2826\">Design compact \u0219i ergonomic \u2013 u\u0219or de utilizat \u00een salon sau acas\u0103.<\/li>\n<\/ul>\n<p data-start=\"2828\" data-end=\"3037\">Waxess Turtle S90 ofer\u0103 un echilibru excelent \u00eentre performan\u021b\u0103, confort \u0219i practicitate, fiind potrivit at\u00e2t pentru profesioni\u0219ti, c\u00e2t \u0219i pentru utilizatori ocazionali.<\/p>\n<p><span style=\"font-size: 75%;\"><\/span><\/p>","protected":false},"excerpt":{"rendered":"<p><span style=\"font-size: 100%;\">Hector Turtle S90 &#8211; pentru a ob\u021bine cele mai bune rezultate.<\/span><span style=\"font-size: 100%;\"><\/span><\/p>\n","protected":false},"featured_media":7173,"template":"","meta":[],"product_brand":[],"product_cat":[132,271],"product_tag":[],"class_list":{"0":"post-7171","1":"product","2":"type-product","3":"status-publish","4":"has-post-thumbnail","6":"product_cat-diverse-accesorii","7":"product_cat-incalzitoare-de-ceara","8":"pa_brand-hector","9":"pa_felul-produsului-topitor-de-ceara","10":"pa_producator-turcia","12":"first","13":"instock","14":"shipping-taxable","15":"purchasable","16":"product-type-simple"},"_links":{"self":[{"href":"https:\/\/cool-style.md\/ro\/wp-json\/wp\/v2\/product\/7171","targetHints":{"allow":["GET"]}}],"collection":[{"href":"https:\/\/cool-style.md\/ro\/wp-json\/wp\/v2\/product"}],"about":[{"href":"https:\/\/cool-style.md\/ro\/wp-json\/wp\/v2\/types\/product"}],"wp:featuredmedia":[{"embeddable":true,"href":"https:\/\/cool-style.md\/ro\/wp-json\/wp\/v2\/media\/7173"}],"wp:attachment":[{"href":"https:\/\/cool-style.md\/ro\/wp-json\/wp\/v2\/media?parent=7171"}],"wp:term":[{"taxonomy":"product_brand","embeddable":true,"href":"https:\/\/cool-style.md\/ro\/wp-json\/wp\/v2\/product_brand?post=7171"},{"taxonomy":"product_cat","embeddable":true,"href":"https:\/\/cool-style.md\/ro\/wp-json\/wp\/v2\/product_cat?post=7171"},{"taxonomy":"product_tag","embeddable":true,"href":"https:\/\/cool-style.md\/ro\/wp-json\/wp\/v2\/product_tag?post=7171"}],"curies":[{"name":"wp","href":"https:\/\/api.w.org\/{rel}","templated":true}]}}