{"id":7188,"date":"2025-12-22T22:54:32","date_gmt":"2025-12-22T22:54:32","guid":{"rendered":"https:\/\/cool-style.md\/?post_type=product&#038;p=7188"},"modified":"2025-12-22T22:59:36","modified_gmt":"2025-12-22T22:59:36","slug":"hector-hair-brush-fade-s","status":"publish","type":"product","link":"https:\/\/cool-style.md\/ro\/product\/hector-hair-brush-fade-s\/","title":{"rendered":"Perie Hector Hair Brush Fade S"},"content":{"rendered":"<p><span style=\"font-size: 75%;\"><\/span><\/p>\n<h2 style=\"text-align: center;\">Perie Hector Hair Brush Fade S<\/h2>\n<p data-start=\"1680\" data-end=\"2056\"><strong data-start=\"1680\" data-end=\"1714\"><a href=\"https:\/\/azragroup.com\/\" target=\"_blank\" rel=\"noopener\">Hector<\/a> Fade Ense F\u0131r\u00e7as\u0131 B\u00fcy\u00fck<\/strong> este o <strong data-start=\"1722\" data-end=\"1776\"><a href=\"https:\/\/cool-style.md\/ro\/accesorii\/piepteni-si-perii\/?wpf_filter_felul-produsului=tip-perie\">perie<\/a> profesional\u0103 pentru p\u0103r \u0219i zona g\u00e2tului<\/strong> folosit\u0103 dup\u0103 tunsori, \u00een special pentru stiluri de tip \u201efade\u201d. Aceast\u0103 perie este ideal\u0103 pentru \u00eendep\u0103rtarea rapid\u0103 \u0219i delicat\u0103 a firelor de p\u0103r r\u0103mase pe g\u00e2t \u0219i um\u0103r dup\u0103 t\u0103iere, asigur\u00e2nd o finisare curat\u0103 \u0219i confort sporit pentru client.<\/p>\n<p data-start=\"2058\" data-end=\"2528\"><strong data-start=\"2060\" data-end=\"2084\">Avantaje principale:<\/strong><\/p>\n<ul>\n<li data-start=\"2058\" data-end=\"2528\">Perii moi dar dense \u2014 elimin\u0103 p\u0103rul din zona g\u00e2tului f\u0103r\u0103 iritare.<\/li>\n<li data-start=\"2058\" data-end=\"2528\">M\u00e2ner ergonomic \u2014 ofer\u0103 un control bun \u0219i confort \u00een utilizare.<\/li>\n<li data-start=\"2058\" data-end=\"2528\">Potrivit\u0103 pentru saloane de coafur\u0103, barbershop-uri \u0219i uz casnic.<\/li>\n<\/ul>\n<p data-start=\"2530\" data-end=\"2758\"><strong data-start=\"2530\" data-end=\"2564\">Hector Fade Ense F\u0131r\u00e7as\u0131 B\u00fcy\u00fck<\/strong> este instrumentul perfect pentru profesioni\u0219ti \u0219i pasiona\u021bi de \u00eengrijirea p\u0103rului, oferind un rezultat curat, rapid \u0219i confortabil dup\u0103 fiecare tunsoare.<\/p>","protected":false},"excerpt":{"rendered":"<p><span style=\"font-size: 100%;\">Hector Hair Brush Fade S ideal\u0103 pentru stili\u0219ti pentru a m\u0103tura chiar \u0219i cele mai mici fire de p\u0103r.<\/span><span style=\"font-size: 100%;\"><\/span><\/p>\n","protected":false},"featured_media":7190,"template":"","meta":[],"product_brand":[],"product_cat":[29,131],"product_tag":[],"class_list":{"0":"post-7188","1":"product","2":"type-product","3":"status-publish","4":"has-post-thumbnail","6":"product_cat-accesorii","7":"product_cat-piepteni-si-perii","8":"pa_brand-hector","9":"pa_felul-produsului-tip-perie","10":"pa_producator-turcia","12":"first","13":"instock","14":"shipping-taxable","15":"purchasable","16":"product-type-simple"},"_links":{"self":[{"href":"https:\/\/cool-style.md\/ro\/wp-json\/wp\/v2\/product\/7188","targetHints":{"allow":["GET"]}}],"collection":[{"href":"https:\/\/cool-style.md\/ro\/wp-json\/wp\/v2\/product"}],"about":[{"href":"https:\/\/cool-style.md\/ro\/wp-json\/wp\/v2\/types\/product"}],"wp:featuredmedia":[{"embeddable":true,"href":"https:\/\/cool-style.md\/ro\/wp-json\/wp\/v2\/media\/7190"}],"wp:attachment":[{"href":"https:\/\/cool-style.md\/ro\/wp-json\/wp\/v2\/media?parent=7188"}],"wp:term":[{"taxonomy":"product_brand","embeddable":true,"href":"https:\/\/cool-style.md\/ro\/wp-json\/wp\/v2\/product_brand?post=7188"},{"taxonomy":"product_cat","embeddable":true,"href":"https:\/\/cool-style.md\/ro\/wp-json\/wp\/v2\/product_cat?post=7188"},{"taxonomy":"product_tag","embeddable":true,"href":"https:\/\/cool-style.md\/ro\/wp-json\/wp\/v2\/product_tag?post=7188"}],"curies":[{"name":"wp","href":"https:\/\/api.w.org\/{rel}","templated":true}]}}