{"id":7193,"date":"2025-12-22T23:06:25","date_gmt":"2025-12-22T23:06:25","guid":{"rendered":"https:\/\/cool-style.md\/?post_type=product&#038;p=7193"},"modified":"2025-12-22T23:10:18","modified_gmt":"2025-12-22T23:10:18","slug":"hector-hair-brush-140hv","status":"publish","type":"product","link":"https:\/\/cool-style.md\/ro\/product\/hector-hair-brush-140hv\/","title":{"rendered":"Perie-pieptene Hector Hair Brush 140HV"},"content":{"rendered":"<p><span style=\"font-size: 75%;\"><\/span><\/p>\n<h2 style=\"text-align: center;\">Perie-pieptene Hector Hair Brush 140HV<\/h2>\n<p data-start=\"1522\" data-end=\"1872\"><strong data-start=\"1522\" data-end=\"1560\"><a href=\"https:\/\/azragroup.com\/\" target=\"_blank\" rel=\"noopener\">Hector<\/a> <\/strong><strong data-start=\"1598\" data-end=\"1636\"> 140HV<\/strong> este o <strong data-start=\"1644\" data-end=\"1702\"><a href=\"https:\/\/cool-style.md\/ro\/accesorii\/piepteni-si-perii\/?wpf_filter_felul-produsului=tip-perie\">perie\u2011pieptene<\/a> profesional\u0103 pentru descurcarea p\u0103rului<\/strong>, conceput\u0103 pentru \u00eengrijirea delicat\u0103 \u0219i eficient\u0103 a p\u0103rului de diferite tipuri. Aceast\u0103 perie ajut\u0103 la desfacerea nodurilor \u0219i a firelor \u00eenc\u00e2lcite f\u0103r\u0103 a trage sau deteriora p\u0103rul, oferind un aspect neted \u0219i aranjat.<\/p>\n<p data-start=\"1960\" data-end=\"2599\"><strong data-start=\"1962\" data-end=\"1991\">Caracteristici esen\u021biale:<\/strong><\/p>\n<ul>\n<li data-start=\"1960\" data-end=\"2599\">Construc\u021bie rezistent\u0103 &#8211; peri durabili \u0219i de \u00eenalt\u0103 calitate pentru utilizare \u00eendelungat\u0103 f\u0103r\u0103 deteriorare.<\/li>\n<li data-start=\"1960\" data-end=\"2599\">Descurcare eficient\u0103 &#8211; faciliteaz\u0103 \u00eendep\u0103rtarea nodurilor \u0219i u\u0219ureaz\u0103 piept\u0103natul, f\u0103r\u0103 a afecta structura firului de p\u0103r.<\/li>\n<li data-start=\"1960\" data-end=\"2599\">Design practic &#8211; confortabil\u0103 at\u00e2t pentru utilizare acas\u0103, c\u00e2t \u0219i \u00een salonul de \u00eenfrumuse\u021bare.<\/li>\n<li data-start=\"1960\" data-end=\"2599\">Potrivit\u0103 pentru toate tipurile de p\u0103r &#8211; de la p\u0103r fin la p\u0103r dens \u0219i dificil de piept\u0103nat.<\/li>\n<\/ul>\n<p data-start=\"2601\" data-end=\"2820\"><strong data-start=\"2601\" data-end=\"2639\">Hector Vent Sa\u00e7 A\u00e7ma F\u0131r\u00e7as\u0131 140HV<\/strong> este o alegere excelent\u0103 pentru rutina zilnic\u0103 de \u00eengrijire a p\u0103rului, oferind un mod simplu \u0219i eficient de a men\u021bine p\u0103rul neted \u0219i frumos.<\/p>","protected":false},"excerpt":{"rendered":"<p><span style=\"font-size: 100%;\">Hector Hair Brush 140HV pentru \u00eengrijirea delicat\u0103 \u0219i eficient\u0103 a p\u0103rului de diferite tipuri.<\/span><span style=\"font-size: 100%;\"><\/span><\/p>\n","protected":false},"featured_media":7194,"template":"","meta":[],"product_brand":[],"product_cat":[29,131],"product_tag":[],"class_list":{"0":"post-7193","1":"product","2":"type-product","3":"status-publish","4":"has-post-thumbnail","6":"product_cat-accesorii","7":"product_cat-piepteni-si-perii","8":"pa_brand-hector","9":"pa_felul-produsului-tip-pieptene","10":"pa_felul-produsului-tip-perie","11":"pa_producator-turcia","13":"first","14":"instock","15":"shipping-taxable","16":"purchasable","17":"product-type-simple"},"_links":{"self":[{"href":"https:\/\/cool-style.md\/ro\/wp-json\/wp\/v2\/product\/7193","targetHints":{"allow":["GET"]}}],"collection":[{"href":"https:\/\/cool-style.md\/ro\/wp-json\/wp\/v2\/product"}],"about":[{"href":"https:\/\/cool-style.md\/ro\/wp-json\/wp\/v2\/types\/product"}],"wp:featuredmedia":[{"embeddable":true,"href":"https:\/\/cool-style.md\/ro\/wp-json\/wp\/v2\/media\/7194"}],"wp:attachment":[{"href":"https:\/\/cool-style.md\/ro\/wp-json\/wp\/v2\/media?parent=7193"}],"wp:term":[{"taxonomy":"product_brand","embeddable":true,"href":"https:\/\/cool-style.md\/ro\/wp-json\/wp\/v2\/product_brand?post=7193"},{"taxonomy":"product_cat","embeddable":true,"href":"https:\/\/cool-style.md\/ro\/wp-json\/wp\/v2\/product_cat?post=7193"},{"taxonomy":"product_tag","embeddable":true,"href":"https:\/\/cool-style.md\/ro\/wp-json\/wp\/v2\/product_tag?post=7193"}],"curies":[{"name":"wp","href":"https:\/\/api.w.org\/{rel}","templated":true}]}}