{"id":7197,"date":"2025-12-22T23:40:48","date_gmt":"2025-12-22T23:40:48","guid":{"rendered":"https:\/\/cool-style.md\/?post_type=product&#038;p=7197"},"modified":"2025-12-22T23:44:18","modified_gmt":"2025-12-22T23:44:18","slug":"hector-hair-brush-40nb","status":"publish","type":"product","link":"https:\/\/cool-style.md\/ro\/product\/hector-hair-brush-40nb\/","title":{"rendered":"Perie Hector Hair Brush 40NB"},"content":{"rendered":"<p><span style=\"font-size: 75%;\"><\/span><\/p>\n<h2 style=\"text-align: center;\">Perie Hector Hair Brush 40NB<\/h2>\n<p data-start=\"1522\" data-end=\"1872\"><strong data-start=\"1522\" data-end=\"1560\"><a href=\"https:\/\/azragroup.com\/\" target=\"_blank\" rel=\"noopener\">Hector<\/a> <\/strong> <strong data-start=\"738\" data-end=\"763\">40NB<\/strong> este o\u00a0<a href=\"https:\/\/cool-style.md\/ro\/accesorii\/piepteni-si-perii\/?wpf_filter_felul-produsului=tip-perie\">perie<\/a> ventilat\u0103 versatil\u0103, potrivit\u0103 at\u00e2t pentru rutina zilnic\u0103 de \u00eengrijire, c\u00e2t \u0219i pentru coafarea la nivel profesional. Orificiile de ventila\u021bie \u0219i periile din nylon faciliteaz\u0103 descurcarea p\u0103rului, reduc electricitatea static\u0103 \u0219i distribuie aerul fierbinte uniform. Forma ergonomic\u0103 ofer\u0103 confort sporit \u00een timpul utiliz\u0103rii.<\/p>\n<p data-start=\"1522\" data-end=\"1872\"><strong>Avantaje \u0219i caracteristici:<\/strong><\/p>\n<ul>\n<li data-start=\"1522\" data-end=\"1872\">Uscare rapid\u0103 prin fluxul de aer ventilat.<\/li>\n<li data-start=\"1522\" data-end=\"1872\">Adaug\u0103 volum \u0219i control la coafare.<\/li>\n<li data-start=\"1522\" data-end=\"1872\">Reduce deteriorarea termic\u0103 prin expunerea sc\u0103zut\u0103 la c\u0103ldur\u0103.<\/li>\n<li data-start=\"1522\" data-end=\"1872\">M\u00e2ner ergonomic pentru confort sporit.<\/li>\n<li data-start=\"1522\" data-end=\"1872\">Diametru mic: o op\u021biune bun\u0103 pentru p\u0103rul scurt \u0219i mediu, ajut\u0103 la uscarea rapid\u0103 \u0219i adaug\u0103 volum u\u0219or.<\/li>\n<\/ul>","protected":false},"excerpt":{"rendered":"<p><span style=\"font-size: 100%;\">Hector Hair Brush 40NB pentru piept\u0103nare, uscare \u0219i coafare \u00eengrijit\u0103 \u0219i eficient\u0103 a p\u0103rului scurt sau mediu.<\/span><span style=\"font-size: 100%;\"><\/span><\/p>\n","protected":false},"featured_media":7198,"template":"","meta":[],"product_brand":[],"product_cat":[29,131],"product_tag":[],"class_list":{"0":"post-7197","1":"product","2":"type-product","3":"status-publish","4":"has-post-thumbnail","6":"product_cat-accesorii","7":"product_cat-piepteni-si-perii","8":"pa_brand-hector","9":"pa_felul-produsului-tip-perie","10":"pa_producator-turcia","12":"first","13":"instock","14":"shipping-taxable","15":"purchasable","16":"product-type-simple"},"_links":{"self":[{"href":"https:\/\/cool-style.md\/ro\/wp-json\/wp\/v2\/product\/7197","targetHints":{"allow":["GET"]}}],"collection":[{"href":"https:\/\/cool-style.md\/ro\/wp-json\/wp\/v2\/product"}],"about":[{"href":"https:\/\/cool-style.md\/ro\/wp-json\/wp\/v2\/types\/product"}],"wp:featuredmedia":[{"embeddable":true,"href":"https:\/\/cool-style.md\/ro\/wp-json\/wp\/v2\/media\/7198"}],"wp:attachment":[{"href":"https:\/\/cool-style.md\/ro\/wp-json\/wp\/v2\/media?parent=7197"}],"wp:term":[{"taxonomy":"product_brand","embeddable":true,"href":"https:\/\/cool-style.md\/ro\/wp-json\/wp\/v2\/product_brand?post=7197"},{"taxonomy":"product_cat","embeddable":true,"href":"https:\/\/cool-style.md\/ro\/wp-json\/wp\/v2\/product_cat?post=7197"},{"taxonomy":"product_tag","embeddable":true,"href":"https:\/\/cool-style.md\/ro\/wp-json\/wp\/v2\/product_tag?post=7197"}],"curies":[{"name":"wp","href":"https:\/\/api.w.org\/{rel}","templated":true}]}}