{"id":7203,"date":"2025-12-22T23:44:45","date_gmt":"2025-12-22T23:44:45","guid":{"rendered":"https:\/\/cool-style.md\/?post_type=product&#038;p=7203"},"modified":"2025-12-22T23:49:55","modified_gmt":"2025-12-22T23:49:55","slug":"hector-hair-brush-80nb","status":"publish","type":"product","link":"https:\/\/cool-style.md\/ro\/product\/hector-hair-brush-80nb\/","title":{"rendered":"Perie Hector Hair Brush 80NB"},"content":{"rendered":"<p><span style=\"font-size: 75%;\"><\/span><\/p>\n<h2 style=\"text-align: center;\">Perie Hector Hair Brush 80NB<\/h2>\n<p data-start=\"1522\" data-end=\"1872\"><strong data-start=\"1522\" data-end=\"1560\"><a href=\"https:\/\/azragroup.com\/\" target=\"_blank\" rel=\"noopener\">Hector<\/a> <\/strong> <strong data-start=\"738\" data-end=\"763\">80NB<\/strong> este o\u00a0<a href=\"https:\/\/cool-style.md\/ro\/accesorii\/piepteni-si-perii\/?wpf_filter_felul-produsului=tip-perie\">perie<\/a> ventilat\u0103 de mari dimensiuni, creat\u0103 pentru coafarea p\u0103rului lung \u0219i dens. Corpul solid, m\u00e2nerul confortabil \u0219i periile rezisten\u021bi la temperaturi ridicate asigur\u0103 o uscare rapid\u0103 \u0219i uniform\u0103, cu un rezultat elegant, cu volum \u0219i luciu natural.<\/p>\n<p data-start=\"1522\" data-end=\"1872\"><strong>Avantaje \u0219i caracteristici:<\/strong><\/p>\n<ul>\n<li data-start=\"1522\" data-end=\"1872\">Uscare rapid\u0103 prin fluxul de aer ventilat.<\/li>\n<li data-start=\"1522\" data-end=\"1872\">Adaug\u0103 volum \u0219i control la coafare.<\/li>\n<li data-start=\"1522\" data-end=\"1872\">Reduce deteriorarea termic\u0103 prin expunerea sc\u0103zut\u0103 la c\u0103ldur\u0103.<\/li>\n<li data-start=\"1522\" data-end=\"1872\">M\u00e2ner ergonomic pentru confort sporit.<\/li>\n<li data-start=\"1522\" data-end=\"1872\">Diametru mare: Pentru p\u0103rul lung \u0219i des, usuc\u0103 sec\u021biuni mari mai repede \u0219i ajut\u0103 la crearea de bucle\/volum mai largi.<\/li>\n<\/ul>","protected":false},"excerpt":{"rendered":"<p><span style=\"font-size: 100%;\">Hector Hair Brush 80NB pentru piept\u0103nare, uscare \u0219i coafare \u00eengrijit\u0103 \u0219i eficient\u0103 a p\u0103rului scurt sau mediu.<\/span><span style=\"font-size: 100%;\"><\/span><\/p>\n","protected":false},"featured_media":7206,"template":"","meta":[],"product_brand":[],"product_cat":[29,131],"product_tag":[],"class_list":{"0":"post-7203","1":"product","2":"type-product","3":"status-publish","4":"has-post-thumbnail","6":"product_cat-accesorii","7":"product_cat-piepteni-si-perii","8":"pa_brand-hector","9":"pa_felul-produsului-tip-perie","10":"pa_producator-turcia","12":"first","13":"instock","14":"shipping-taxable","15":"purchasable","16":"product-type-simple"},"_links":{"self":[{"href":"https:\/\/cool-style.md\/ro\/wp-json\/wp\/v2\/product\/7203","targetHints":{"allow":["GET"]}}],"collection":[{"href":"https:\/\/cool-style.md\/ro\/wp-json\/wp\/v2\/product"}],"about":[{"href":"https:\/\/cool-style.md\/ro\/wp-json\/wp\/v2\/types\/product"}],"wp:featuredmedia":[{"embeddable":true,"href":"https:\/\/cool-style.md\/ro\/wp-json\/wp\/v2\/media\/7206"}],"wp:attachment":[{"href":"https:\/\/cool-style.md\/ro\/wp-json\/wp\/v2\/media?parent=7203"}],"wp:term":[{"taxonomy":"product_brand","embeddable":true,"href":"https:\/\/cool-style.md\/ro\/wp-json\/wp\/v2\/product_brand?post=7203"},{"taxonomy":"product_cat","embeddable":true,"href":"https:\/\/cool-style.md\/ro\/wp-json\/wp\/v2\/product_cat?post=7203"},{"taxonomy":"product_tag","embeddable":true,"href":"https:\/\/cool-style.md\/ro\/wp-json\/wp\/v2\/product_tag?post=7203"}],"curies":[{"name":"wp","href":"https:\/\/api.w.org\/{rel}","templated":true}]}}