{"id":721,"date":"2021-12-16T20:27:23","date_gmt":"2021-12-16T20:27:23","guid":{"rendered":"https:\/\/cool-style.md\/?post_type=product&#038;p=721"},"modified":"2026-01-05T18:47:47","modified_gmt":"2026-01-05T18:47:47","slug":"nishman-after-shave-cologne-11-400-ml","status":"publish","type":"product","link":"https:\/\/cool-style.md\/ro\/product\/nishman-after-shave-cologne-11-400-ml\/","title":{"rendered":"Colonie dup\u0103 ras Nishman After Shave Cologne 11 Leader 400ml"},"content":{"rendered":"<h2><span style=\"font-size: 75%;\">Colonie dup\u0103 ras Nishman After Shave Cologne 11 Leader 400 ml<\/span><\/h2>\n<ul>\n<li>Aroma persistenta;<\/li>\n<li>Ideal pentru toate tipurile de piele;<\/li>\n<li>Calmeaz\u0103 pielea \u0219i \u00eemprosp\u0103teaz\u0103;<\/li>\n<li>Are efect antiseptic;<\/li>\n<li>Vindec\u0103 \u0219i calmeaz\u0103 pielea;<\/li>\n<\/ul>\n<p><img decoding=\"async\" class=\"size-medium wp-image-678 alignleft\" src=\"https:\/\/cool-style.md\/wp-content\/uploads\/2021\/12\/Cool-style.md-Nishman-After-Shave-Cologne-280x400.jpg\" alt=\"Cool-style.md Nishman After Shave Cologne\" width=\"280\" height=\"400\" srcset=\"https:\/\/cool-style.md\/wp-content\/uploads\/2021\/12\/Cool-style.md-Nishman-After-Shave-Cologne-280x400.jpg 280w, https:\/\/cool-style.md\/wp-content\/uploads\/2021\/12\/Cool-style.md-Nishman-After-Shave-Cologne-510x729.jpg 510w, https:\/\/cool-style.md\/wp-content\/uploads\/2021\/12\/Cool-style.md-Nishman-After-Shave-Cologne-560x800.jpg 560w, https:\/\/cool-style.md\/wp-content\/uploads\/2021\/12\/Cool-style.md-Nishman-After-Shave-Cologne.jpg 700w\" sizes=\"(max-width: 280px) 100vw, 280px\" \/>Colonie <a href=\"https:\/\/cool-style.md\/ro\/cosmetice-barbati\/pentru-barbierit\/\">dup\u0103 ras<\/a> <a href=\"https:\/\/nishman.com.tr\/\" target=\"_blank\" rel=\"noopener\">Nishman<\/a> este perfect\u0103 pentru b\u0103rbatul activ. Cu un amestec unic de salvie, lavand\u0103, bergamot\u0103, l\u0103m\u00e2ie, busuioc \u0219i coriandru, precum \u0219i meri\u0219or, nuc\u0219oar\u0103, cimbru, cui\u0219oare \u0219i scor\u021bi\u0219oar\u0103 \u0219i o combina\u021bie de note lemnoase de cedru, piele \u0219i chihlimbar, pafum Leader dureaz\u0103 c\u00e2teva ore.<\/p>\n<p><strong>Volum:<\/strong> 400 ml<\/p>\n<p><strong>Mod de utilizare:<\/strong> Freca\u021bi o cantitate mic\u0103 de produs \u00eentre palme \u0219i aplica\u021bi cu mi\u0219c\u0103ri u\u0219oare pe pielea fe\u021bei. Repeta\u021bi dup\u0103 fiecare b\u0103rbierit.<\/p>\n<p><strong>Aten\u021bie:<\/strong> numai pentru uz extern. \u00cen caz de contact cu ochii, cl\u0103ti\u021bi cu mult\u0103 ap\u0103. A nu se lasa la indemana copiilor.<\/p>","protected":false},"excerpt":{"rendered":"<p><span style=\"font-size: 100%;\">Nishman After Shave Cologne 11 Leader 400 ml calmeaz\u0103 \u0219i tonific\u0103 pielea dup\u0103 ras.<\/span><span style=\"font-size: 100%;\"><\/span><\/p>\n","protected":false},"featured_media":722,"template":"","meta":[],"product_brand":[],"product_cat":[34],"product_tag":[],"class_list":{"0":"post-721","1":"product","2":"type-product","3":"status-publish","4":"has-post-thumbnail","6":"product_cat-pentru-barbierit","7":"pa_brand-nishman","8":"pa_felul-produsului-tip-colonie","9":"pa_producator-turcia","10":"pa_volum-400ml","12":"first","13":"instock","14":"featured","15":"shipping-taxable","16":"purchasable","17":"product-type-simple"},"_links":{"self":[{"href":"https:\/\/cool-style.md\/ro\/wp-json\/wp\/v2\/product\/721","targetHints":{"allow":["GET"]}}],"collection":[{"href":"https:\/\/cool-style.md\/ro\/wp-json\/wp\/v2\/product"}],"about":[{"href":"https:\/\/cool-style.md\/ro\/wp-json\/wp\/v2\/types\/product"}],"wp:featuredmedia":[{"embeddable":true,"href":"https:\/\/cool-style.md\/ro\/wp-json\/wp\/v2\/media\/722"}],"wp:attachment":[{"href":"https:\/\/cool-style.md\/ro\/wp-json\/wp\/v2\/media?parent=721"}],"wp:term":[{"taxonomy":"product_brand","embeddable":true,"href":"https:\/\/cool-style.md\/ro\/wp-json\/wp\/v2\/product_brand?post=721"},{"taxonomy":"product_cat","embeddable":true,"href":"https:\/\/cool-style.md\/ro\/wp-json\/wp\/v2\/product_cat?post=721"},{"taxonomy":"product_tag","embeddable":true,"href":"https:\/\/cool-style.md\/ro\/wp-json\/wp\/v2\/product_tag?post=721"}],"curies":[{"name":"wp","href":"https:\/\/api.w.org\/{rel}","templated":true}]}}