{"id":7340,"date":"2026-01-07T16:28:47","date_gmt":"2026-01-07T16:28:47","guid":{"rendered":"https:\/\/cool-style.md\/?post_type=product&#038;p=7340"},"modified":"2026-01-07T16:36:34","modified_gmt":"2026-01-07T16:36:34","slug":"nishman-black-shampoo-sachets","status":"publish","type":"product","link":"https:\/\/cool-style.md\/ro\/product\/nishman-black-shampoo-sachets\/","title":{"rendered":"\u0218ampon-vopsea negru pentru p\u0103r, barb\u0103 \u0219i musta\u021bi Nishman Black Shampoo Sachets 25mlx10buc"},"content":{"rendered":"<h2><span style=\"font-size: 75%;\">\u0218ampon-vopsea pentru p\u0103r, barb\u0103 \u0219i musta\u021bi Nishman Black Shampoo Sachets<\/span><\/h2>\n<ul>\n<li>Cur\u0103\u021b\u0103 \u0219i catifeleaz\u0103 p\u0103rul;<\/li>\n<li>Ofer\u0103 o str\u0103lucire s\u0103n\u0103toas\u0103;<\/li>\n<li>Deghizeaz\u0103 p\u0103rul gri;<\/li>\n<li>U\u0219or de folosit.<\/li>\n<\/ul>\n<p><span style=\"font-size: 100%;\">Vopsea-\u0219ampon <a href=\"https:\/\/nishman.com.tr\/\" target=\"_blank\" rel=\"noopener\">Nishman<\/a><\/span>, care mascheaz\u0103 p\u0103rul gri. V\u0103 va ajuta s\u0103 v\u0103 vopsi\u021bi p\u0103rul \u00een negru \u00een doar 10 minute. Datorit\u0103 formulei speciale, p\u0103rul t\u0103u se va \u00eennegri dup\u0103 folosirea acestui \u0219ampon. \u0218amponul hr\u0103ne\u0219te, protejeaz\u0103 \u0219i red\u0103 culoarea. Produsul este potrivit pentru <a href=\"https:\/\/cool-style.md\/cosmetice-barbati\/ingrijirea-par-barbati\/\">toate tipurile de p\u0103r<\/a>.<\/p>\n<p><strong>Volum:<\/strong> 25 ml x10 buc<\/p>\n<p><strong>Mod de utilizare:<\/strong> Aplica\u021bi pe p\u0103r \u0219i barb\u0103 cu mi\u0219c\u0103ri u\u0219oare de masaj, distribui\u021bi bine. A\u0219tepta\u021bi 60 de secunde \u0219i cl\u0103ti\u021bi. Repeta\u021bi dac\u0103 este necesar.<\/p>\n<p><span style=\"font-size: 100%;\"><strong>Aten\u021bie:<\/strong> numai pentru uz extern. \u00cen caz de contact cu ochii, cl\u0103ti\u021bi cu mult\u0103 ap\u0103. A nu se lasa la indemana copiilor.<\/span><\/p>","protected":false},"excerpt":{"rendered":"<p><span style=\"font-size: 100%;\">Nishman Black Shampoo Sachets v\u0103 permite s\u0103 sc\u0103pa\u021bi de p\u0103rul gri \u00een c\u00e2teva minute.<\/span><span style=\"font-size: 100%;\"><\/span><\/p>\n","protected":false},"featured_media":7341,"template":"","meta":[],"product_brand":[],"product_cat":[31,182],"product_tag":[],"class_list":{"0":"post-7340","1":"product","2":"type-product","3":"status-publish","4":"has-post-thumbnail","6":"product_cat-ingrijirea-par-barbati","7":"product_cat-vopsele-barbati","8":"pa_brand-nishman","9":"pa_felul-produsului-tip-vopsele","10":"pa_felul-produsului-tip-sampon","11":"pa_producator-turcia","12":"pa_volum-10x25-ml","14":"first","15":"instock","16":"featured","17":"shipping-taxable","18":"purchasable","19":"product-type-simple"},"_links":{"self":[{"href":"https:\/\/cool-style.md\/ro\/wp-json\/wp\/v2\/product\/7340","targetHints":{"allow":["GET"]}}],"collection":[{"href":"https:\/\/cool-style.md\/ro\/wp-json\/wp\/v2\/product"}],"about":[{"href":"https:\/\/cool-style.md\/ro\/wp-json\/wp\/v2\/types\/product"}],"wp:featuredmedia":[{"embeddable":true,"href":"https:\/\/cool-style.md\/ro\/wp-json\/wp\/v2\/media\/7341"}],"wp:attachment":[{"href":"https:\/\/cool-style.md\/ro\/wp-json\/wp\/v2\/media?parent=7340"}],"wp:term":[{"taxonomy":"product_brand","embeddable":true,"href":"https:\/\/cool-style.md\/ro\/wp-json\/wp\/v2\/product_brand?post=7340"},{"taxonomy":"product_cat","embeddable":true,"href":"https:\/\/cool-style.md\/ro\/wp-json\/wp\/v2\/product_cat?post=7340"},{"taxonomy":"product_tag","embeddable":true,"href":"https:\/\/cool-style.md\/ro\/wp-json\/wp\/v2\/product_tag?post=7340"}],"curies":[{"name":"wp","href":"https:\/\/api.w.org\/{rel}","templated":true}]}}