{"id":7344,"date":"2026-01-07T16:45:11","date_gmt":"2026-01-07T16:45:11","guid":{"rendered":"https:\/\/cool-style.md\/?post_type=product&#038;p=7344"},"modified":"2026-01-07T16:49:31","modified_gmt":"2026-01-07T16:49:31","slug":"nishman-hair-beard-care-black-shampoo-bundle","status":"publish","type":"product","link":"https:\/\/cool-style.md\/ro\/product\/nishman-hair-beard-care-black-shampoo-bundle\/","title":{"rendered":"\u0218ampon-vopsea negru pentru p\u0103r, barb\u0103 \u0219i musta\u021bi Nishman\u00a0Hair &#038; Beard Care Black Shampoo Bundle 2x200ml"},"content":{"rendered":"<h2><span style=\"font-size: 75%;\">\u0218ampon-vopsea pentru p\u0103r, barb\u0103 \u0219i musta\u021bi Nishman Hair Beard Care Black Shampoo<\/span><\/h2>\n<ul>\n<li>Cur\u0103\u021b\u0103 \u0219i catifeleaz\u0103 p\u0103rul;<\/li>\n<li>Ofer\u0103 o str\u0103lucire s\u0103n\u0103toas\u0103;<\/li>\n<li>Deghizeaz\u0103 p\u0103rul gri;<\/li>\n<li>U\u0219or de folosit.<\/li>\n<\/ul>\n<p><a href=\"https:\/\/cool-style.md\/wp-content\/uploads\/2026\/01\/Cool-style.md-Nishman-Black-Shampoo-2x200ml-.jpg\"><img decoding=\"async\" class=\"size-medium wp-image-7345 alignleft\" src=\"https:\/\/cool-style.md\/wp-content\/uploads\/2026\/01\/Cool-style.md-Nishman-Black-Shampoo-2x200ml--290x400.jpg\" alt=\"Nishman\u00a0Hair &amp; Beard Care Black Shampoo Bundle\" width=\"290\" height=\"400\" srcset=\"https:\/\/cool-style.md\/wp-content\/uploads\/2026\/01\/Cool-style.md-Nishman-Black-Shampoo-2x200ml--290x400.jpg 290w, https:\/\/cool-style.md\/wp-content\/uploads\/2026\/01\/Cool-style.md-Nishman-Black-Shampoo-2x200ml--581x800.jpg 581w, https:\/\/cool-style.md\/wp-content\/uploads\/2026\/01\/Cool-style.md-Nishman-Black-Shampoo-2x200ml--510x702.jpg 510w, https:\/\/cool-style.md\/wp-content\/uploads\/2026\/01\/Cool-style.md-Nishman-Black-Shampoo-2x200ml-.jpg 726w\" sizes=\"(max-width: 290px) 100vw, 290px\" \/><\/a>\u0218amponul nuan\u021bator <span style=\"font-size: 100%;\"><a href=\"https:\/\/nishman.com.tr\/\" target=\"_blank\" rel=\"noopener\">Nishman<\/a><\/span> este solu\u021bia ideal\u0103 pentru mascarea firelor de p\u0103r c\u0103runte at\u00e2t pe cap, c\u00e2t \u0219i \u00een barb\u0103. Cu o formul\u0103 versatil\u0103 \u0219i eficient\u0103, acest produs \u00ee\u021bi permite s\u0103 controlezi nuan\u021ba final\u0103 doar prin ajustarea timpului de aplicare \u2014 de la castaniu deschis la negru intens.<\/p>\n<p data-start=\"1417\" data-end=\"1725\">Setul include dou\u0103 sticle de 200 ml (culoare \u0219i activator) \u0219i o sticlu\u021b\u0103 goal\u0103 pentru amestecare, ceea ce \u00eel face practic \u0219i economic \u00een utilizare. Formula sa universal\u0103 se potrive\u0219te tuturor tipurilor de p\u0103r, oferindu-\u021bi un look natural \u0219i \u00eengrijit chiar la tine acas\u0103. Produsul este potrivit pentru <a href=\"https:\/\/cool-style.md\/cosmetice-barbati\/ingrijirea-par-barbati\/\">toate tipurile de p\u0103r<\/a>.<\/p>\n<p><strong>Volum:<\/strong> 2&#215;200 ml<\/p>\n<p><strong>Mod de utilizare:<\/strong> Aplica\u021bi pe p\u0103r \u0219i barb\u0103 cu mi\u0219c\u0103ri u\u0219oare de masaj, distribui\u021bi bine. A\u0219tepta\u021bi 60 de secunde \u0219i cl\u0103ti\u021bi. Repeta\u021bi dac\u0103 este necesar.<\/p>\n<p><span style=\"font-size: 100%;\"><strong>Aten\u021bie:<\/strong> numai pentru uz extern. \u00cen caz de contact cu ochii, cl\u0103ti\u021bi cu mult\u0103 ap\u0103. A nu se lasa la indemana copiilor.<\/span><\/p>","protected":false},"excerpt":{"rendered":"<p><span style=\"font-size: 100%;\">Nishman Hair &amp; Beard Care Black Shampoo Bundle v\u0103 permite s\u0103 sc\u0103pa\u021bi de p\u0103rul gri \u00een c\u00e2teva minute.<\/span><span style=\"font-size: 100%;\"><\/span><\/p>\n","protected":false},"featured_media":7349,"template":"","meta":[],"product_brand":[],"product_cat":[31,182],"product_tag":[],"class_list":{"0":"post-7344","1":"product","2":"type-product","3":"status-publish","4":"has-post-thumbnail","6":"product_cat-ingrijirea-par-barbati","7":"product_cat-vopsele-barbati","8":"pa_brand-nishman","9":"pa_felul-produsului-tip-vopsele","10":"pa_felul-produsului-tip-sampon","11":"pa_producator-turcia","12":"pa_volum-2x200ml","14":"first","15":"instock","16":"featured","17":"shipping-taxable","18":"purchasable","19":"product-type-simple"},"_links":{"self":[{"href":"https:\/\/cool-style.md\/ro\/wp-json\/wp\/v2\/product\/7344","targetHints":{"allow":["GET"]}}],"collection":[{"href":"https:\/\/cool-style.md\/ro\/wp-json\/wp\/v2\/product"}],"about":[{"href":"https:\/\/cool-style.md\/ro\/wp-json\/wp\/v2\/types\/product"}],"wp:featuredmedia":[{"embeddable":true,"href":"https:\/\/cool-style.md\/ro\/wp-json\/wp\/v2\/media\/7349"}],"wp:attachment":[{"href":"https:\/\/cool-style.md\/ro\/wp-json\/wp\/v2\/media?parent=7344"}],"wp:term":[{"taxonomy":"product_brand","embeddable":true,"href":"https:\/\/cool-style.md\/ro\/wp-json\/wp\/v2\/product_brand?post=7344"},{"taxonomy":"product_cat","embeddable":true,"href":"https:\/\/cool-style.md\/ro\/wp-json\/wp\/v2\/product_cat?post=7344"},{"taxonomy":"product_tag","embeddable":true,"href":"https:\/\/cool-style.md\/ro\/wp-json\/wp\/v2\/product_tag?post=7344"}],"curies":[{"name":"wp","href":"https:\/\/api.w.org\/{rel}","templated":true}]}}