{"id":7350,"date":"2026-01-07T19:31:40","date_gmt":"2026-01-07T19:31:40","guid":{"rendered":"https:\/\/cool-style.md\/?post_type=product&#038;p=7350"},"modified":"2026-01-07T19:32:54","modified_gmt":"2026-01-07T19:32:54","slug":"nishman-hair-tonic-1-chilly-200ml","status":"publish","type":"product","link":"https:\/\/cool-style.md\/ro\/product\/nishman-hair-tonic-1-chilly-200ml\/","title":{"rendered":"Tonic revitalizant pentru p\u0103r Nishman Hair Tonic 1 Chilly 200ml"},"content":{"rendered":"<h2><span style=\"font-size: 75%;\">Tonic revitalizant pentru p\u0103r Nishman Hair Tonic 1 Chilly<\/span><\/h2>\n<ul>\n<li>Con\u021bine mentol, are efect de r\u0103cire;<\/li>\n<li>\u00cencetine\u0219te c\u0103derea p\u0103rului;<\/li>\n<li>Previne matrea\u021ba;<\/li>\n<li>Reface p\u0103rul \u0219i scalpul.<\/li>\n<\/ul>\n<p><span style=\"font-size: 100%;\"><img decoding=\"async\" class=\" wp-image-1617 alignleft\" src=\"https:\/\/cool-style.md\/wp-content\/uploads\/2022\/01\/Cool-style.md-Nishman-Hair-Tonic-1-Chilly-543x400.jpg\" alt=\"Cool-style.md Nishman Hair Tonic 1 Chilly\" width=\"316\" height=\"233\" srcset=\"https:\/\/cool-style.md\/wp-content\/uploads\/2022\/01\/Cool-style.md-Nishman-Hair-Tonic-1-Chilly-543x400.jpg 543w, https:\/\/cool-style.md\/wp-content\/uploads\/2022\/01\/Cool-style.md-Nishman-Hair-Tonic-1-Chilly-510x376.jpg 510w, https:\/\/cool-style.md\/wp-content\/uploads\/2022\/01\/Cool-style.md-Nishman-Hair-Tonic-1-Chilly-1085x800.jpg 1085w, https:\/\/cool-style.md\/wp-content\/uploads\/2022\/01\/Cool-style.md-Nishman-Hair-Tonic-1-Chilly-768x566.jpg 768w, https:\/\/cool-style.md\/wp-content\/uploads\/2022\/01\/Cool-style.md-Nishman-Hair-Tonic-1-Chilly.jpg 1241w\" sizes=\"(max-width: 316px) 100vw, 316px\" \/>Tonic mentolat <a href=\"https:\/\/nishman.com.tr\/\" target=\"_blank\" rel=\"noopener\">Nishman<\/a><\/span> revitalizeaz\u0103 \u0219i \u00eemprosp\u0103teaz\u0103 p\u0103rul. Datorit\u0103 formulei sale speciale, acesta ajut\u0103 la \u00eencetinirea c\u0103derii p\u0103rului. C\u00e2nd este aplicat prin masare la r\u0103d\u0103cinile firelor de p\u0103r, are efectul de a elimina stresul si oboseal\u0103. Acceler\u00e2nd circulatia s\u00e2ngelui, vei putea avea un par sanatos si \u00eengrijit. Previne m\u0103trea\u021ba. Produsul este potrivit <a href=\"https:\/\/cool-style.md\/ro\/cosmetice-barbati\/ingrijirea-par-barbati\/\">toate tipurile de p\u0103r<\/a>, precum \u0219i pentru uz zilnic.<\/p>\n<p><strong>Volum:<\/strong> 200 ml<\/p>\n<p><strong>Mod de utilizare:<\/strong> Aplica\u021bi tonic pe r\u0103d\u0103cinile firelor de p\u0103r prin masare. Cel mai eficient este s\u0103 utiliza\u021bi tonicul dup\u0103 \u0219amponare.<\/p>\n<p><span style=\"font-size: 100%;\"><strong>Aten\u021bie:<\/strong> numai pentru uz extern. \u00cen caz de contact cu ochii, cl\u0103ti\u021bi cu mult\u0103 ap\u0103. A nu se lasa la indemana copiilor.<\/span><\/p>","protected":false},"excerpt":{"rendered":"<p><span style=\"font-size: 100%;\">Nishman Hair Tonic 1 Chilly ajut\u0103 p\u0103rului s\u0103 arate mai vibrant \u0219i mai bine \u00eengrijit, \u00eencetine\u0219te c\u0103derea p\u0103rului.<\/span><span style=\"font-size: 100%;\"><\/span><\/p>\n","protected":false},"featured_media":7351,"template":"","meta":[],"product_brand":[],"product_cat":[31],"product_tag":[],"class_list":{"0":"post-7350","1":"product","2":"type-product","3":"status-publish","4":"has-post-thumbnail","6":"product_cat-ingrijirea-par-barbati","7":"pa_brand-nishman","8":"pa_felul-produsului-tip-tonic","9":"pa_producator-turcia","10":"pa_volum-200ml","12":"first","13":"instock","14":"featured","15":"shipping-taxable","16":"purchasable","17":"product-type-simple"},"_links":{"self":[{"href":"https:\/\/cool-style.md\/ro\/wp-json\/wp\/v2\/product\/7350","targetHints":{"allow":["GET"]}}],"collection":[{"href":"https:\/\/cool-style.md\/ro\/wp-json\/wp\/v2\/product"}],"about":[{"href":"https:\/\/cool-style.md\/ro\/wp-json\/wp\/v2\/types\/product"}],"wp:featuredmedia":[{"embeddable":true,"href":"https:\/\/cool-style.md\/ro\/wp-json\/wp\/v2\/media\/7351"}],"wp:attachment":[{"href":"https:\/\/cool-style.md\/ro\/wp-json\/wp\/v2\/media?parent=7350"}],"wp:term":[{"taxonomy":"product_brand","embeddable":true,"href":"https:\/\/cool-style.md\/ro\/wp-json\/wp\/v2\/product_brand?post=7350"},{"taxonomy":"product_cat","embeddable":true,"href":"https:\/\/cool-style.md\/ro\/wp-json\/wp\/v2\/product_cat?post=7350"},{"taxonomy":"product_tag","embeddable":true,"href":"https:\/\/cool-style.md\/ro\/wp-json\/wp\/v2\/product_tag?post=7350"}],"curies":[{"name":"wp","href":"https:\/\/api.w.org\/{rel}","templated":true}]}}