{"id":7360,"date":"2026-01-07T20:50:07","date_gmt":"2026-01-07T20:50:07","guid":{"rendered":"https:\/\/cool-style.md\/?post_type=product&#038;p=7360"},"modified":"2026-01-07T20:51:03","modified_gmt":"2026-01-07T20:51:03","slug":"nishman-after-shave-2in1-cream-cologne-3-pyrogenous-200ml","status":"publish","type":"product","link":"https:\/\/cool-style.md\/ro\/product\/nishman-after-shave-2in1-cream-cologne-3-pyrogenous-200ml\/","title":{"rendered":"Crem\u0103-colonie dup\u0103 ras 2\u00een1 Nishman After Shave 2in1 Cream Cologne 3 Pyrogenous 200ml"},"content":{"rendered":"<h2><span style=\"font-size: 75%;\">Crem\u0103-colonie dup\u0103 ras Nishman After Shave 2in1 Cream Cologne 3 Pyrogenous<\/span><\/h2>\n<ul>\n<li>Aroma persistenta;<\/li>\n<li>Ideal pentru toate tipurile de piele;<\/li>\n<li>Calmeaz\u0103 pielea \u0219i \u00eemprosp\u0103teaz\u0103;<\/li>\n<li>Are efect antiseptic;<\/li>\n<li>Vindec\u0103 \u0219i calmeaz\u0103 pielea;<\/li>\n<\/ul>\n<p><img decoding=\"async\" class=\" wp-image-1422 alignleft\" src=\"https:\/\/cool-style.md\/wp-content\/uploads\/2022\/01\/Cool-style.md-Nishman-After-Shave-Cream-Cologne-520x400.jpeg\" alt=\"Cool-style.md Nishman After Shave Cream Cologne\" width=\"358\" height=\"275\" srcset=\"https:\/\/cool-style.md\/wp-content\/uploads\/2022\/01\/Cool-style.md-Nishman-After-Shave-Cream-Cologne-520x400.jpeg 520w, https:\/\/cool-style.md\/wp-content\/uploads\/2022\/01\/Cool-style.md-Nishman-After-Shave-Cream-Cologne-510x392.jpeg 510w, https:\/\/cool-style.md\/wp-content\/uploads\/2022\/01\/Cool-style.md-Nishman-After-Shave-Cream-Cologne-1040x800.jpeg 1040w, https:\/\/cool-style.md\/wp-content\/uploads\/2022\/01\/Cool-style.md-Nishman-After-Shave-Cream-Cologne-768x591.jpeg 768w, https:\/\/cool-style.md\/wp-content\/uploads\/2022\/01\/Cool-style.md-Nishman-After-Shave-Cream-Cologne.jpeg 1500w\" sizes=\"(max-width: 358px) 100vw, 358px\" \/>Colonie <a href=\"https:\/\/cool-style.md\/ro\/cosmetice-barbati\/pentru-barbierit\/\">dup\u0103 ras<\/a> <a href=\"https:\/\/nishman.com.tr\/\" target=\"_blank\" rel=\"noopener\">Nishman<\/a> produs cu o formul\u0103 unic\u0103 2 \u00een 1. Crema are o textur\u0103 negras\u0103, p\u0103trunde rapid \u00een piele. Con\u021bine ingrediente naturale active care ajut\u0103 la prevenirea inflama\u021biei, durerii, ro\u0219ea\u021b\u0103 \u0219i ofer\u0103 o senza\u021bie de prospe\u021bime, vindec\u0103 instantaneu pielea.<\/p>\n<p>Crema este \u00eembog\u0103\u021bit\u0103 cu elemente esen\u021biale de alantoin\u0103 &#8211; substan\u021be care catifeleaz\u0103 \u0219i hidrateaz\u0103 pielea, reduc m\u00e2nc\u0103rimile \u0219i descuam\u0103rile. Aceste ingrediente sporesc protec\u021bia pielii prin \u00eembun\u0103t\u0103\u021birea elasticit\u0103\u021bii acesteia, protej\u00e2nd-o de t\u0103ieturile de ras \u0219i mentin\u00e2ndu-o hidratat\u0103 \u0219i protejat\u0103 pe parcursul intregii zile.<\/p>\n<p>Datorit\u0103 combina\u021biei perfecte de mandarin\u0103, bergamot\u0103, violet\u0103 \u0219i mosc, crema de colonie las\u0103 pe piele un miros pl\u0103cut timp de c\u00e2teva ore.<\/p>\n<p><strong>Volum:<\/strong> 200 ml<\/p>\n<p><strong>Mod de utilizare:<\/strong> Freca\u021bi o cantitate mic\u0103 de produs \u00eentre palme \u0219i aplica\u021bi cu mi\u0219c\u0103ri u\u0219oare pe pielea fe\u021bei. Repeta\u021bi dup\u0103 fiecare b\u0103rbierit.<\/p>\n<p><strong>Aten\u021bie:<\/strong> numai pentru uz extern. \u00cen caz de contact cu ochii, cl\u0103ti\u021bi cu mult\u0103 ap\u0103. A nu se lasa la indemana copiilor.<\/p>","protected":false},"excerpt":{"rendered":"<p><span style=\"font-size: 100%;\">Nishman After Shave 2in1 Cream Cologne 3 Pyrogenous calmeaz\u0103, hidrateaz\u0103 \u0219i tonific\u0103 pielea dup\u0103 ras.<\/span><span style=\"font-size: 100%;\"><\/span><\/p>\n","protected":false},"featured_media":7361,"template":"","meta":[],"product_brand":[],"product_cat":[34],"product_tag":[],"class_list":{"0":"post-7360","1":"product","2":"type-product","3":"status-publish","4":"has-post-thumbnail","6":"product_cat-pentru-barbierit","7":"pa_brand-nishman","8":"pa_felul-produsului-tip-colonie","9":"pa_producator-turcia","10":"pa_volum-200ml","12":"first","13":"instock","14":"featured","15":"shipping-taxable","16":"purchasable","17":"product-type-simple"},"_links":{"self":[{"href":"https:\/\/cool-style.md\/ro\/wp-json\/wp\/v2\/product\/7360","targetHints":{"allow":["GET"]}}],"collection":[{"href":"https:\/\/cool-style.md\/ro\/wp-json\/wp\/v2\/product"}],"about":[{"href":"https:\/\/cool-style.md\/ro\/wp-json\/wp\/v2\/types\/product"}],"wp:featuredmedia":[{"embeddable":true,"href":"https:\/\/cool-style.md\/ro\/wp-json\/wp\/v2\/media\/7361"}],"wp:attachment":[{"href":"https:\/\/cool-style.md\/ro\/wp-json\/wp\/v2\/media?parent=7360"}],"wp:term":[{"taxonomy":"product_brand","embeddable":true,"href":"https:\/\/cool-style.md\/ro\/wp-json\/wp\/v2\/product_brand?post=7360"},{"taxonomy":"product_cat","embeddable":true,"href":"https:\/\/cool-style.md\/ro\/wp-json\/wp\/v2\/product_cat?post=7360"},{"taxonomy":"product_tag","embeddable":true,"href":"https:\/\/cool-style.md\/ro\/wp-json\/wp\/v2\/product_tag?post=7360"}],"curies":[{"name":"wp","href":"https:\/\/api.w.org\/{rel}","templated":true}]}}