{"id":7373,"date":"2026-01-07T21:18:18","date_gmt":"2026-01-07T21:18:18","guid":{"rendered":"https:\/\/cool-style.md\/?post_type=product&#038;p=7373"},"modified":"2026-01-07T21:19:38","modified_gmt":"2026-01-07T21:19:38","slug":"nishman-hair-styling-aqua-wax-08-30ml","status":"publish","type":"product","link":"https:\/\/cool-style.md\/ro\/product\/nishman-hair-styling-aqua-wax-08-30ml\/","title":{"rendered":"Cear\u0103 pentru p\u0103r Nishman Hair Styling Aqua Wax 08 30ml"},"content":{"rendered":"<h2><span style=\"font-size: 75%;\">Cear\u0103 pentru p\u0103r Nishman Hair Styling Aqua Wax 08<\/span><\/h2>\n<ul>\n<li>Coafare usoara si rapida;<\/li>\n<li>Potrivit pentru p\u0103r de orice lungime;<\/li>\n<li>Fixare tare;<\/li>\n<li>Ofer\u0103 un aspect natural;<\/li>\n<li>Nu \u00eengreuneaz\u0103 p\u0103rul;<\/li>\n<li>Se spal\u0103 la \u0219amponare.<\/li>\n<\/ul>\n<p><img decoding=\"async\" class=\" wp-image-1261 alignleft\" src=\"https:\/\/cool-style.md\/wp-content\/uploads\/2021\/12\/Cool-style.md-Nishman-Hair-Styling-Aqua-Wax-08-1-521x400.jpg\" alt=\"Cool-style.md Nishman Hair Styling Aqua Wax 08\" width=\"432\" height=\"332\" srcset=\"https:\/\/cool-style.md\/wp-content\/uploads\/2021\/12\/Cool-style.md-Nishman-Hair-Styling-Aqua-Wax-08-1-521x400.jpg 521w, https:\/\/cool-style.md\/wp-content\/uploads\/2021\/12\/Cool-style.md-Nishman-Hair-Styling-Aqua-Wax-08-1-510x392.jpg 510w, https:\/\/cool-style.md\/wp-content\/uploads\/2021\/12\/Cool-style.md-Nishman-Hair-Styling-Aqua-Wax-08-1-768x590.jpg 768w, https:\/\/cool-style.md\/wp-content\/uploads\/2021\/12\/Cool-style.md-Nishman-Hair-Styling-Aqua-Wax-08-1.jpg 785w\" sizes=\"(max-width: 432px) 100vw, 432px\" \/>Cear\u0103 <a href=\"https:\/\/nishman.com.tr\/\" target=\"_blank\" rel=\"noopener\">Nishman<\/a> pe baz\u0103 de ap\u0103 care ajut\u0103 la <a href=\"https:\/\/cool-style.md\/ro\/product-category\/cosmetice-barbati\/coafarea-barbati\/\">modelarea p\u0103rului<\/a>. Nu numai c\u0103 adaug\u0103 str\u0103lucire, dar r\u0103m\u00e2ne \u0219i de lung\u0103 durat\u0103 toat\u0103 ziua. Folosit pentru a ad\u0103uga volum \u0219i pentru a oferi o fixare ultra-\u00eenalt\u0103.<br \/>\nCeara v\u0103 permite s\u0103 v\u0103 men\u021bine\u021bi p\u0103rul sub control toat\u0103 ziua datorit\u0103 performan\u021bei sale ridicate, chiar \u0219i pe p\u0103rul des, pufos \u0219i ondulat.<\/p>\n<p><strong>Aroma:<\/strong> Matte<\/p>\n<p><strong>Fixare:<\/strong> tare<\/p>\n<p><strong>Volum:<\/strong> 30 ml<\/p>\n<p><strong>Mod de utilizare:<\/strong> Freca\u021bi o cantitate mic\u0103 de cear\u0103 \u00eentre palme. Aplica\u021bi uniform pe p\u0103rul curat \u0219i umed \u0219i crea\u021bi forma dorit\u0103.<\/p>\n<p><strong>Aten\u021bie:<\/strong> numai pentru uz extern. \u00cen caz de contact cu ochii, cl\u0103ti\u021bi cu mult\u0103 ap\u0103. A nu se lasa la indemana copiilor.<\/p>","protected":false},"excerpt":{"rendered":"<p><span style=\"font-size: 100%;\">Nishman Hair Styling Aqua Wax 08 v\u0103 va ajuta s\u0103 modela\u021bi cu u\u0219urin\u021b\u0103 orice coafur\u0103.<\/span><span style=\"font-size: 100%;\"><\/span><\/p>\n","protected":false},"featured_media":7374,"template":"","meta":[],"product_brand":[],"product_cat":[30],"product_tag":[],"class_list":{"0":"post-7373","1":"product","2":"type-product","3":"status-publish","4":"has-post-thumbnail","6":"product_cat-coafarea-barbati","7":"pa_brand-nishman","8":"pa_felul-produsului-tip-ceara","9":"pa_fixare-puternica","10":"pa_producator-turcia","11":"pa_volum-30ml","13":"first","14":"instock","15":"featured","16":"shipping-taxable","17":"purchasable","18":"product-type-simple"},"_links":{"self":[{"href":"https:\/\/cool-style.md\/ro\/wp-json\/wp\/v2\/product\/7373","targetHints":{"allow":["GET"]}}],"collection":[{"href":"https:\/\/cool-style.md\/ro\/wp-json\/wp\/v2\/product"}],"about":[{"href":"https:\/\/cool-style.md\/ro\/wp-json\/wp\/v2\/types\/product"}],"wp:featuredmedia":[{"embeddable":true,"href":"https:\/\/cool-style.md\/ro\/wp-json\/wp\/v2\/media\/7374"}],"wp:attachment":[{"href":"https:\/\/cool-style.md\/ro\/wp-json\/wp\/v2\/media?parent=7373"}],"wp:term":[{"taxonomy":"product_brand","embeddable":true,"href":"https:\/\/cool-style.md\/ro\/wp-json\/wp\/v2\/product_brand?post=7373"},{"taxonomy":"product_cat","embeddable":true,"href":"https:\/\/cool-style.md\/ro\/wp-json\/wp\/v2\/product_cat?post=7373"},{"taxonomy":"product_tag","embeddable":true,"href":"https:\/\/cool-style.md\/ro\/wp-json\/wp\/v2\/product_tag?post=7373"}],"curies":[{"name":"wp","href":"https:\/\/api.w.org\/{rel}","templated":true}]}}