{"id":7380,"date":"2026-01-07T21:27:35","date_gmt":"2026-01-07T21:27:35","guid":{"rendered":"https:\/\/cool-style.md\/?post_type=product&#038;p=7380"},"modified":"2026-01-07T21:28:50","modified_gmt":"2026-01-07T21:28:50","slug":"nishman-matte-paste-m1-argan-30ml","status":"publish","type":"product","link":"https:\/\/cool-style.md\/ro\/product\/nishman-matte-paste-m1-argan-30ml\/","title":{"rendered":"Cear\u0103 mat\u0103 pentru p\u0103r Nishman Matte Paste M1 Argan 30ml"},"content":{"rendered":"<h2><span style=\"font-size: 75%;\">Cear\u0103 mat\u0103 pentru p\u0103r Nishman Matte Paste M1 Argan<\/span><\/h2>\n<ul>\n<li>Coafare usoara si rapida;<\/li>\n<li>Potrivit pentru p\u0103r de orice lungime;<\/li>\n<li>Fixare tare;<\/li>\n<li>Ofer\u0103 un aspect natural;<\/li>\n<li>Nu \u00eengreuneaz\u0103 p\u0103rul;<\/li>\n<li>Se spal\u0103 la \u0219amponare.<\/li>\n<\/ul>\n<p><img decoding=\"async\" class=\" wp-image-1326 alignleft\" src=\"https:\/\/cool-style.md\/wp-content\/uploads\/2021\/12\/Cool-style.md-Nishman-Matte-Wax-533x400.jpg\" alt=\"Cool-style.md Nishman Matte Wax\" width=\"290\" height=\"218\" srcset=\"https:\/\/cool-style.md\/wp-content\/uploads\/2021\/12\/Cool-style.md-Nishman-Matte-Wax-533x400.jpg 533w, https:\/\/cool-style.md\/wp-content\/uploads\/2021\/12\/Cool-style.md-Nishman-Matte-Wax-510x383.jpg 510w, https:\/\/cool-style.md\/wp-content\/uploads\/2021\/12\/Cool-style.md-Nishman-Matte-Wax-1067x800.jpg 1067w, https:\/\/cool-style.md\/wp-content\/uploads\/2021\/12\/Cool-style.md-Nishman-Matte-Wax-768x576.jpg 768w, https:\/\/cool-style.md\/wp-content\/uploads\/2021\/12\/Cool-style.md-Nishman-Matte-Wax.jpg 1440w\" sizes=\"(max-width: 290px) 100vw, 290px\" \/>Cear\u0103 <a href=\"https:\/\/nishman.com.tr\/\" target=\"_blank\" rel=\"noopener\">Nishman<\/a> ajut\u0103 la modelarea p\u0103rului. Ofer\u0103 un aspect mat \u0219i o fixare puternic\u0103 care dureaz\u0103 toat\u0103 ziua. \u00cendreapt\u0103 p\u0103rul \u0219i \u00eempiedic\u0103 schimbarea formei acestuia. Nu lipe\u0219te p\u0103rul, ofer\u0103 o piept\u0103nare u\u0219oar\u0103. Potrivit <a href=\"https:\/\/cool-style.md\/ro\/product-category\/cosmetice-barbati\/coafarea-barbati\/\">pentru toate tipurile de p\u0103r<\/a>.<\/p>\n<p><strong>Fixare:<\/strong> tare<\/p>\n<p><strong>Volum:<\/strong> 30 ml<\/p>\n<p><strong>Mod de utilizare:<\/strong> Freca\u021bi o cantitate mic\u0103 de cear\u0103 \u00eentre palme. Aplica\u021bi uniform pe p\u0103rul curat \u0219i umed \u0219i crea\u021bi forma dorit\u0103.<\/p>\n<p><strong>Aten\u021bie:<\/strong> numai pentru uz extern. \u00cen caz de contact cu ochii, cl\u0103ti\u021bi cu mult\u0103 ap\u0103. A nu se lasa la indemana copiilor.<\/p>","protected":false},"excerpt":{"rendered":"<p><span style=\"font-size: 100%;\">Nishman Matte Paste M1 Argan v\u0103 va ajuta s\u0103 modela\u021bi cu u\u0219urin\u021b\u0103 orice coafur\u0103, va oferi p\u0103rului un aspect natural mat.<\/span><span style=\"font-size: 100%;\"><\/span><\/p>\n","protected":false},"featured_media":7381,"template":"","meta":[],"product_brand":[],"product_cat":[30],"product_tag":[],"class_list":{"0":"post-7380","1":"product","2":"type-product","3":"status-publish","4":"has-post-thumbnail","6":"product_cat-coafarea-barbati","7":"pa_brand-nishman","8":"pa_felul-produsului-tip-ceara","9":"pa_fixare-puternica","10":"pa_producator-turcia","11":"pa_volum-30ml","13":"first","14":"instock","15":"featured","16":"shipping-taxable","17":"purchasable","18":"product-type-simple"},"_links":{"self":[{"href":"https:\/\/cool-style.md\/ro\/wp-json\/wp\/v2\/product\/7380","targetHints":{"allow":["GET"]}}],"collection":[{"href":"https:\/\/cool-style.md\/ro\/wp-json\/wp\/v2\/product"}],"about":[{"href":"https:\/\/cool-style.md\/ro\/wp-json\/wp\/v2\/types\/product"}],"wp:featuredmedia":[{"embeddable":true,"href":"https:\/\/cool-style.md\/ro\/wp-json\/wp\/v2\/media\/7381"}],"wp:attachment":[{"href":"https:\/\/cool-style.md\/ro\/wp-json\/wp\/v2\/media?parent=7380"}],"wp:term":[{"taxonomy":"product_brand","embeddable":true,"href":"https:\/\/cool-style.md\/ro\/wp-json\/wp\/v2\/product_brand?post=7380"},{"taxonomy":"product_cat","embeddable":true,"href":"https:\/\/cool-style.md\/ro\/wp-json\/wp\/v2\/product_cat?post=7380"},{"taxonomy":"product_tag","embeddable":true,"href":"https:\/\/cool-style.md\/ro\/wp-json\/wp\/v2\/product_tag?post=7380"}],"curies":[{"name":"wp","href":"https:\/\/api.w.org\/{rel}","templated":true}]}}