{"id":7382,"date":"2026-01-07T21:29:23","date_gmt":"2026-01-07T21:29:23","guid":{"rendered":"https:\/\/cool-style.md\/?post_type=product&#038;p=7382"},"modified":"2026-01-07T21:30:23","modified_gmt":"2026-01-07T21:30:23","slug":"nishman-matte-clay-wax-m2-keratin-30ml","status":"publish","type":"product","link":"https:\/\/cool-style.md\/ro\/product\/nishman-matte-clay-wax-m2-keratin-30ml\/","title":{"rendered":"Cear\u0103 mat\u0103 pentru p\u0103r Nishman Matte Clay Wax M2 Keratin 30ml"},"content":{"rendered":"<h2><span style=\"font-size: 75%;\">Cear\u0103 mat\u0103 pentru p\u0103r Nishman Matte Clay Wax M2 Keratin<\/span><\/h2>\n<ul>\n<li>Coafare usoara si rapida;<\/li>\n<li>Potrivit pentru p\u0103r de orice lungime;<\/li>\n<li>Fixare tare;<\/li>\n<li>Ofer\u0103 un aspect natural;<\/li>\n<li>Nu \u00eengreuneaz\u0103 p\u0103rul;<\/li>\n<li>Se spal\u0103 la \u0219amponare.<\/li>\n<\/ul>\n<p><img decoding=\"async\" class=\" wp-image-1326 alignleft\" src=\"https:\/\/cool-style.md\/wp-content\/uploads\/2021\/12\/Cool-style.md-Nishman-Matte-Wax-533x400.jpg\" alt=\"Cool-style.md Nishman Matte Wax\" width=\"290\" height=\"218\" srcset=\"https:\/\/cool-style.md\/wp-content\/uploads\/2021\/12\/Cool-style.md-Nishman-Matte-Wax-533x400.jpg 533w, https:\/\/cool-style.md\/wp-content\/uploads\/2021\/12\/Cool-style.md-Nishman-Matte-Wax-510x383.jpg 510w, https:\/\/cool-style.md\/wp-content\/uploads\/2021\/12\/Cool-style.md-Nishman-Matte-Wax-1067x800.jpg 1067w, https:\/\/cool-style.md\/wp-content\/uploads\/2021\/12\/Cool-style.md-Nishman-Matte-Wax-768x576.jpg 768w, https:\/\/cool-style.md\/wp-content\/uploads\/2021\/12\/Cool-style.md-Nishman-Matte-Wax.jpg 1440w\" sizes=\"(max-width: 290px) 100vw, 290px\" \/>Cear\u0103 <a href=\"https:\/\/nishman.com.tr\/\" target=\"_blank\" rel=\"noopener\">Nishman<\/a> ajut\u0103 la modelarea p\u0103rului. Fabricat cu ingrediente atent selectate care dau p\u0103rului prinderea puternic\u0103 pentru a crea coafuri stufoase, texturate \u0219i moderne, care rezist\u0103 toat\u0103 ziua.<\/p>\n<p>Este conceput pentru a oferi o fixare ultra-puternic\u0103 \u0219i un aspect nelucitor pe tot parcursul zilei. Con\u021bine un amestec unic \u0219i benefic de argil\u0103, cear\u0103 \u0219i uleiuri pentru a oferi p\u0103rului un aspect natural care poate fi folosit \u00een siguran\u021b\u0103 toat\u0103 ziua. Potrivit <a href=\"https:\/\/cool-style.md\/ro\/product-category\/cosmetice-barbati\/coafarea-barbati\/\">pentru toate tipurile de p\u0103r<\/a>.<\/p>\n<p><strong>Fixare:<\/strong> extra tare<\/p>\n<p><strong>Volum:<\/strong> 30 ml<\/p>\n<p><strong>Mod de utilizare:<\/strong> Freca\u021bi o cantitate mic\u0103 de cear\u0103 \u00eentre palme. Aplica\u021bi uniform pe p\u0103rul curat \u0219i umed \u0219i crea\u021bi forma dorit\u0103.<\/p>\n<p><strong>Aten\u021bie:<\/strong> numai pentru uz extern. \u00cen caz de contact cu ochii, cl\u0103ti\u021bi cu mult\u0103 ap\u0103. A nu se lasa la indemana copiilor.<\/p>","protected":false},"excerpt":{"rendered":"<p><span style=\"font-size: 100%;\">Nishman Matte Clay Wax M2 Keratin v\u0103 va ajuta s\u0103 modela\u021bi cu u\u0219urin\u021b\u0103 orice coafur\u0103, va oferi p\u0103rului un aspect natural mat.<\/span><span style=\"font-size: 100%;\"><\/span><\/p>\n","protected":false},"featured_media":7383,"template":"","meta":[],"product_brand":[],"product_cat":[30],"product_tag":[],"class_list":{"0":"post-7382","1":"product","2":"type-product","3":"status-publish","4":"has-post-thumbnail","6":"product_cat-coafarea-barbati","7":"pa_brand-nishman","8":"pa_felul-produsului-tip-ceara","9":"pa_fixare-extra-puternica","10":"pa_producator-turcia","11":"pa_volum-30ml","13":"first","14":"instock","15":"featured","16":"shipping-taxable","17":"purchasable","18":"product-type-simple"},"_links":{"self":[{"href":"https:\/\/cool-style.md\/ro\/wp-json\/wp\/v2\/product\/7382","targetHints":{"allow":["GET"]}}],"collection":[{"href":"https:\/\/cool-style.md\/ro\/wp-json\/wp\/v2\/product"}],"about":[{"href":"https:\/\/cool-style.md\/ro\/wp-json\/wp\/v2\/types\/product"}],"wp:featuredmedia":[{"embeddable":true,"href":"https:\/\/cool-style.md\/ro\/wp-json\/wp\/v2\/media\/7383"}],"wp:attachment":[{"href":"https:\/\/cool-style.md\/ro\/wp-json\/wp\/v2\/media?parent=7382"}],"wp:term":[{"taxonomy":"product_brand","embeddable":true,"href":"https:\/\/cool-style.md\/ro\/wp-json\/wp\/v2\/product_brand?post=7382"},{"taxonomy":"product_cat","embeddable":true,"href":"https:\/\/cool-style.md\/ro\/wp-json\/wp\/v2\/product_cat?post=7382"},{"taxonomy":"product_tag","embeddable":true,"href":"https:\/\/cool-style.md\/ro\/wp-json\/wp\/v2\/product_tag?post=7382"}],"curies":[{"name":"wp","href":"https:\/\/api.w.org\/{rel}","templated":true}]}}