{"id":7388,"date":"2026-01-07T21:35:03","date_gmt":"2026-01-07T21:35:03","guid":{"rendered":"https:\/\/cool-style.md\/?post_type=product&#038;p=7388"},"modified":"2026-01-07T21:36:36","modified_gmt":"2026-01-07T21:36:36","slug":"nishman-pro-hair-shampoo-200ml","status":"publish","type":"product","link":"https:\/\/cool-style.md\/ro\/product\/nishman-pro-hair-shampoo-200ml\/","title":{"rendered":"\u0218ampon professional pentru p\u0103r Nishman Pro-Hair Shampoo 200ml"},"content":{"rendered":"<h2><span style=\"font-size: 75%;\">\u0218ampon professional pentru p\u0103r <\/span><span style=\"font-size: 75%;\">Nishman Pro-Hair Shampoo <\/span><span style=\"font-size: 75%;\">Keratin Complex<\/span><\/h2>\n<ul>\n<li>Ingrediente naturale;<\/li>\n<li>F\u0103r\u0103 sare \u0219i parabeni;<\/li>\n<li>Cur\u0103\u021b\u0103 \u0219i catifeleaz\u0103 p\u0103rul;<\/li>\n<li>Ofer\u0103 o str\u0103lucire s\u0103n\u0103toas\u0103;<\/li>\n<\/ul>\n<p><span style=\"font-size: 100%;\"><img decoding=\"async\" class=\" wp-image-1075 alignleft\" src=\"https:\/\/cool-style.md\/wp-content\/uploads\/2021\/12\/Cool-style.md-Nishman-Pro-Hair-Shampoo-1250ml-1-400x400.jpg\" alt=\"Cool-style.md Nishman Pro-Hair Shampoo 1250ml\" width=\"358\" height=\"358\" srcset=\"https:\/\/cool-style.md\/wp-content\/uploads\/2021\/12\/Cool-style.md-Nishman-Pro-Hair-Shampoo-1250ml-1-400x400.jpg 400w, https:\/\/cool-style.md\/wp-content\/uploads\/2021\/12\/Cool-style.md-Nishman-Pro-Hair-Shampoo-1250ml-1-300x300.jpg 300w, https:\/\/cool-style.md\/wp-content\/uploads\/2021\/12\/Cool-style.md-Nishman-Pro-Hair-Shampoo-1250ml-1-100x100.jpg 100w, https:\/\/cool-style.md\/wp-content\/uploads\/2021\/12\/Cool-style.md-Nishman-Pro-Hair-Shampoo-1250ml-1-510x510.jpg 510w, https:\/\/cool-style.md\/wp-content\/uploads\/2021\/12\/Cool-style.md-Nishman-Pro-Hair-Shampoo-1250ml-1-280x280.jpg 280w, https:\/\/cool-style.md\/wp-content\/uploads\/2021\/12\/Cool-style.md-Nishman-Pro-Hair-Shampoo-1250ml-1-247x247.jpg 247w, https:\/\/cool-style.md\/wp-content\/uploads\/2021\/12\/Cool-style.md-Nishman-Pro-Hair-Shampoo-1250ml-1.jpg 640w\" sizes=\"(max-width: 358px) 100vw, 358px\" \/><\/span>\u0218amponul <span style=\"font-size: 100%;\"><a href=\"https:\/\/nishman.com.tr\/\" target=\"_blank\" rel=\"noopener\">Nishman<\/a><\/span> cu un complex de keratin\u0103. Ingredientele naturale \u0219i extractele din plante red\u0103 p\u0103rului un aspect s\u0103n\u0103tos, face p\u0103rul moale \u0219i m\u0103t\u0103sos, red\u00e2ndu-i str\u0103lucirea natural\u0103. Prelunge\u0219te efectul de \u00eengrijire complex\u0103 a p\u0103rului cu cheratina. F\u0103r\u0103 sare \u0219i parabeni. Produsul este potrivit <a href=\"https:\/\/cool-style.md\/ro\/cosmetice-barbati\/ingrijirea-par-barbati\/\">toate tipurile de p\u0103r<\/a>, precum \u0219i pentru uz zilnic.<\/p>\n<p><strong>Volum:<\/strong> 200 ml<\/p>\n<p><strong>Mod de utilizare:<\/strong> Aplica\u021bi cantitatea necesar\u0103 de \u0219ampon pe p\u0103rul umed. Maseaz\u0103-\u021bi p\u0103rul p\u00e2n\u0103 se formeaz\u0103 o spum\u0103 groas\u0103, apoi cl\u0103te\u0219te-te cu ap\u0103 cald\u0103. Repeta\u021bi procesul dup\u0103 cum este necesar.<\/p>\n<p><span style=\"font-size: 100%;\"><strong>Aten\u021bie:<\/strong> numai pentru uz extern. \u00cen caz de contact cu ochii, cl\u0103ti\u021bi cu mult\u0103 ap\u0103. A nu se lasa la indemana copiilor.<\/span><\/p>","protected":false},"excerpt":{"rendered":"<p><span style=\"font-size: 100%;\">Nishman Pro-Hair Shampoo cur\u0103\u021b\u0103 \u0219i catifeleaz\u0103 p\u0103rul pentru un aspect s\u0103n\u0103tos \u0219i radiant.<\/span><span style=\"font-size: 100%;\"><\/span><\/p>\n","protected":false},"featured_media":7389,"template":"","meta":[],"product_brand":[],"product_cat":[31],"product_tag":[],"class_list":{"0":"post-7388","1":"product","2":"type-product","3":"status-publish","4":"has-post-thumbnail","6":"product_cat-ingrijirea-par-barbati","7":"pa_brand-nishman","8":"pa_felul-produsului-tip-sampon","9":"pa_producator-turcia","10":"pa_volum-200ml","12":"first","13":"instock","14":"featured","15":"shipping-taxable","16":"purchasable","17":"product-type-simple"},"_links":{"self":[{"href":"https:\/\/cool-style.md\/ro\/wp-json\/wp\/v2\/product\/7388","targetHints":{"allow":["GET"]}}],"collection":[{"href":"https:\/\/cool-style.md\/ro\/wp-json\/wp\/v2\/product"}],"about":[{"href":"https:\/\/cool-style.md\/ro\/wp-json\/wp\/v2\/types\/product"}],"wp:featuredmedia":[{"embeddable":true,"href":"https:\/\/cool-style.md\/ro\/wp-json\/wp\/v2\/media\/7389"}],"wp:attachment":[{"href":"https:\/\/cool-style.md\/ro\/wp-json\/wp\/v2\/media?parent=7388"}],"wp:term":[{"taxonomy":"product_brand","embeddable":true,"href":"https:\/\/cool-style.md\/ro\/wp-json\/wp\/v2\/product_brand?post=7388"},{"taxonomy":"product_cat","embeddable":true,"href":"https:\/\/cool-style.md\/ro\/wp-json\/wp\/v2\/product_cat?post=7388"},{"taxonomy":"product_tag","embeddable":true,"href":"https:\/\/cool-style.md\/ro\/wp-json\/wp\/v2\/product_tag?post=7388"}],"curies":[{"name":"wp","href":"https:\/\/api.w.org\/{rel}","templated":true}]}}