{"id":7392,"date":"2026-01-07T21:39:30","date_gmt":"2026-01-07T21:39:30","guid":{"rendered":"https:\/\/cool-style.md\/?post_type=product&#038;p=7392"},"modified":"2026-01-07T21:40:53","modified_gmt":"2026-01-07T21:40:53","slug":"nishman-pro-hair-conditioner-200ml","status":"publish","type":"product","link":"https:\/\/cool-style.md\/ro\/product\/nishman-pro-hair-conditioner-200ml\/","title":{"rendered":"Balsam professional pentru p\u0103r Nishman Pro-Hair Conditioner 200ml"},"content":{"rendered":"<h2><span style=\"font-size: 75%;\">Balsam professional pentru p\u0103r Nishman Pro-Hair Conditioner Keratin Complex<\/span><\/h2>\n<ul>\n<li>Ingrediente naturale;<\/li>\n<li>F\u0103r\u0103 sare \u0219i parabeni;<\/li>\n<li>Cur\u0103\u021b\u0103 \u0219i catifeleaz\u0103 p\u0103rul;<\/li>\n<li>Faciliteaz\u0103 piept\u0103narea;<\/li>\n<\/ul>\n<p><span style=\"font-size: 100%;\"><img decoding=\"async\" class=\"size-medium wp-image-1085 alignleft\" src=\"https:\/\/cool-style.md\/wp-content\/uploads\/2021\/12\/Cool-style.md-Nishman-Pro-Hair-Conditioner-1250ml-289x400.jpg\" alt=\"Cool-style.md Nishman Pro-Hair Conditioner\" width=\"289\" height=\"400\" srcset=\"https:\/\/cool-style.md\/wp-content\/uploads\/2021\/12\/Cool-style.md-Nishman-Pro-Hair-Conditioner-1250ml-289x400.jpg 289w, https:\/\/cool-style.md\/wp-content\/uploads\/2021\/12\/Cool-style.md-Nishman-Pro-Hair-Conditioner-1250ml-510x705.jpg 510w, https:\/\/cool-style.md\/wp-content\/uploads\/2021\/12\/Cool-style.md-Nishman-Pro-Hair-Conditioner-1250ml-578x800.jpg 578w, https:\/\/cool-style.md\/wp-content\/uploads\/2021\/12\/Cool-style.md-Nishman-Pro-Hair-Conditioner-1250ml.jpg 694w\" sizes=\"(max-width: 289px) 100vw, 289px\" \/><\/span>Balsamul <span style=\"font-size: 100%;\"><a href=\"https:\/\/nishman.com.tr\/\" target=\"_blank\" rel=\"noopener\">Nishman<\/a><\/span> cu un complex de keratin\u0103. Ingredientele naturale \u0219i extractele din plante red\u0103 p\u0103rului un aspect s\u0103n\u0103tos, face p\u0103rul moale \u0219i m\u0103t\u0103sos, red\u00e2ndu-i str\u0103lucirea natural\u0103. Prelunge\u0219te efectul de \u00eengrijire complex\u0103 a p\u0103rului cu cheratina. F\u0103r\u0103 sare \u0219i parabeni. Produsul este potrivit <a href=\"https:\/\/cool-style.md\/ro\/cosmetice-barbati\/ingrijirea-par-barbati\/\">toate tipurile de p\u0103r<\/a>, precum \u0219i pentru uz zilnic.<\/p>\n<p><strong>Volum:<\/strong> 200 ml<\/p>\n<p><strong>Mod de utilizare:<\/strong> Aplicati pe parul curat si umed dupa samponare cu miscari usoare de masaj. Cl\u0103ti\u021bi cu ap\u0103 cald\u0103 dup\u0103 c\u00e2teva minute.<\/p>\n<p><span style=\"font-size: 100%;\"><strong>Aten\u021bie:<\/strong> numai pentru uz extern. \u00cen caz de contact cu ochii, cl\u0103ti\u021bi cu mult\u0103 ap\u0103. A nu se lasa la indemana copiilor.<\/span><\/p>","protected":false},"excerpt":{"rendered":"<p><span style=\"font-size: 100%;\">Nishman Pro-Hair Conditioner Keratin Complex cur\u0103\u021b\u0103 \u0219i catifeleaz\u0103 p\u0103rul pentru un aspect s\u0103n\u0103tos \u0219i radiant.<\/span><span style=\"font-size: 100%;\"><\/span><\/p>\n","protected":false},"featured_media":7393,"template":"","meta":[],"product_brand":[],"product_cat":[31],"product_tag":[],"class_list":{"0":"post-7392","1":"product","2":"type-product","3":"status-publish","4":"has-post-thumbnail","6":"product_cat-ingrijirea-par-barbati","7":"pa_brand-nishman","8":"pa_felul-produsului-tip-balsam","9":"pa_producator-turcia","10":"pa_volum-200ml","12":"first","13":"instock","14":"featured","15":"shipping-taxable","16":"purchasable","17":"product-type-simple"},"_links":{"self":[{"href":"https:\/\/cool-style.md\/ro\/wp-json\/wp\/v2\/product\/7392","targetHints":{"allow":["GET"]}}],"collection":[{"href":"https:\/\/cool-style.md\/ro\/wp-json\/wp\/v2\/product"}],"about":[{"href":"https:\/\/cool-style.md\/ro\/wp-json\/wp\/v2\/types\/product"}],"wp:featuredmedia":[{"embeddable":true,"href":"https:\/\/cool-style.md\/ro\/wp-json\/wp\/v2\/media\/7393"}],"wp:attachment":[{"href":"https:\/\/cool-style.md\/ro\/wp-json\/wp\/v2\/media?parent=7392"}],"wp:term":[{"taxonomy":"product_brand","embeddable":true,"href":"https:\/\/cool-style.md\/ro\/wp-json\/wp\/v2\/product_brand?post=7392"},{"taxonomy":"product_cat","embeddable":true,"href":"https:\/\/cool-style.md\/ro\/wp-json\/wp\/v2\/product_cat?post=7392"},{"taxonomy":"product_tag","embeddable":true,"href":"https:\/\/cool-style.md\/ro\/wp-json\/wp\/v2\/product_tag?post=7392"}],"curies":[{"name":"wp","href":"https:\/\/api.w.org\/{rel}","templated":true}]}}