{"id":7410,"date":"2026-01-08T19:09:35","date_gmt":"2026-01-08T19:09:35","guid":{"rendered":"https:\/\/cool-style.md\/?post_type=product&#038;p=7410"},"modified":"2026-01-08T19:15:03","modified_gmt":"2026-01-08T19:15:03","slug":"nishman-barber-shave-talc","status":"publish","type":"product","link":"https:\/\/cool-style.md\/ro\/product\/nishman-barber-shave-talc\/","title":{"rendered":"Talc calmant dup\u0103 ras Nishman Barber Shave Talc 185gr"},"content":{"rendered":"<h2><span style=\"font-size: 75%;\">Talc calmant dup\u0103 ras Nishman Barber Shave Talc<\/span><a style=\"font-size: 100%;\" href=\"https:\/\/cool-style.md\/wp-content\/uploads\/2024\/05\/Cool-style.md-Immortal-Chaos-Sea-Salt.png\"><br \/>\n<\/a><\/h2>\n<ul>\n<li data-start=\"1834\" data-end=\"1877\">\n<p data-start=\"1836\" data-end=\"1877\">Absoarbe umiditatea \u0219i excesul de sebum;<\/p>\n<\/li>\n<li data-start=\"1878\" data-end=\"1912\">\n<p data-start=\"1880\" data-end=\"1912\">Calmeaz\u0103 pielea dup\u0103 b\u0103rbierit;<\/p>\n<\/li>\n<li data-start=\"1913\" data-end=\"1960\">\n<p data-start=\"1915\" data-end=\"1960\">Reduce disconfortul \u0219i senza\u021bia de lipicios;<\/p>\n<\/li>\n<li data-start=\"1961\" data-end=\"1999\">\n<p data-start=\"1963\" data-end=\"1999\">Ajut\u0103 la \u00eendep\u0103rtarea firelor fine;<\/p>\n<\/li>\n<li data-start=\"2000\" data-end=\"2046\">\n<p data-start=\"2002\" data-end=\"2046\">Potrivit pentru uz profesional \u0219i personal.<\/p>\n<\/li>\n<\/ul>\n<p><span style=\"font-size: 100%;\"><a href=\"https:\/\/cool-style.md\/wp-content\/uploads\/2026\/01\/Cool-style.md-Nishman-Barber-Shave-Talc-.jpg\"><img decoding=\"async\" class=\"size-medium wp-image-7411 alignleft\" src=\"https:\/\/cool-style.md\/wp-content\/uploads\/2026\/01\/Cool-style.md-Nishman-Barber-Shave-Talc--333x400.jpg\" alt=\"Cool-style.md Nishman Barber Shave Talc\" width=\"333\" height=\"400\" srcset=\"https:\/\/cool-style.md\/wp-content\/uploads\/2026\/01\/Cool-style.md-Nishman-Barber-Shave-Talc--333x400.jpg 333w, https:\/\/cool-style.md\/wp-content\/uploads\/2026\/01\/Cool-style.md-Nishman-Barber-Shave-Talc--510x614.jpg 510w, https:\/\/cool-style.md\/wp-content\/uploads\/2026\/01\/Cool-style.md-Nishman-Barber-Shave-Talc-.jpg 665w\" sizes=\"(max-width: 333px) 100vw, 333px\" \/><\/a>Talc <\/span><a href=\"https:\/\/immortal.com.tr\/\" target=\"_blank\" rel=\"noopener\">Immortal<\/a><span style=\"font-size: 100%;\"> &#8211; <\/span>este un talc profesional, creat pentru \u00eengrijirea pielii dup\u0103 <a href=\"https:\/\/cool-style.md\/cosmetice-barbati\/pentru-barbierit\/\">b\u0103rbierit<\/a>. Absoarbe excesul de umiditate, reduce senza\u021bia lipicioas\u0103, calmeaz\u0103 pielea \u0219i ofer\u0103 o stare pl\u0103cut\u0103 de prospe\u021bime \u0219i confort.<\/p>\n<p data-start=\"1653\" data-end=\"1816\">Ajut\u0103 la \u00eendep\u0103rtarea firelor fine de p\u0103r, reduce riscul de irita\u021bii \u0219i las\u0103 pielea mai neted\u0103 \u0219i uscat\u0103. Ideal pentru frizerii profesionale \u0219i pentru uz personal.<\/p>\n<p><span style=\"font-size: 100%;\"><strong>Volum:<\/strong> 185 gr<\/span><\/p>\n<p><span style=\"font-size: 100%;\"><strong>Mod de utilizare: <\/strong><\/span>Dup\u0103 b\u0103rbierit, cur\u0103\u021ba\u021bi \u0219i usca\u021bi u\u0219or pielea. Aplica\u021bi o cantitate mic\u0103 de talc pe palme sau pe pensul\u0103. Distribui\u021bi delicat pe piele. \u00cendep\u0103rta\u021bi excesul, dac\u0103 este necesar.<\/p>\n<p><span style=\"font-size: 100%;\"><strong>Aten\u021bie:<\/strong> numai pentru uz extern. \u00cen caz de contact cu ochii, cl\u0103ti\u021bi cu mult\u0103 ap\u0103. A nu se lasa la indemana copiilor.<\/span><\/p>","protected":false},"excerpt":{"rendered":"<p><span style=\"font-size: 100%;\">Nishman Barber Shave Talc absoarbe umiditatea, calmeaz\u0103 pielea \u0219i ofer\u0103 prospe\u021bime, l\u0103s\u00e2nd tenul uscat \u0219i confortabil.<\/span><span style=\"font-size: 100%;\"><\/span><\/p>\n","protected":false},"featured_media":7412,"template":"","meta":[],"product_brand":[],"product_cat":[34],"product_tag":[],"class_list":{"0":"post-7410","1":"product","2":"type-product","3":"status-publish","4":"has-post-thumbnail","6":"product_cat-pentru-barbierit","7":"pa_brand-nishman","8":"pa_felul-produsului-tip-talc","9":"pa_producator-turcia","10":"pa_volum-185gr","12":"first","13":"instock","14":"featured","15":"shipping-taxable","16":"purchasable","17":"product-type-simple"},"_links":{"self":[{"href":"https:\/\/cool-style.md\/ro\/wp-json\/wp\/v2\/product\/7410","targetHints":{"allow":["GET"]}}],"collection":[{"href":"https:\/\/cool-style.md\/ro\/wp-json\/wp\/v2\/product"}],"about":[{"href":"https:\/\/cool-style.md\/ro\/wp-json\/wp\/v2\/types\/product"}],"wp:featuredmedia":[{"embeddable":true,"href":"https:\/\/cool-style.md\/ro\/wp-json\/wp\/v2\/media\/7412"}],"wp:attachment":[{"href":"https:\/\/cool-style.md\/ro\/wp-json\/wp\/v2\/media?parent=7410"}],"wp:term":[{"taxonomy":"product_brand","embeddable":true,"href":"https:\/\/cool-style.md\/ro\/wp-json\/wp\/v2\/product_brand?post=7410"},{"taxonomy":"product_cat","embeddable":true,"href":"https:\/\/cool-style.md\/ro\/wp-json\/wp\/v2\/product_cat?post=7410"},{"taxonomy":"product_tag","embeddable":true,"href":"https:\/\/cool-style.md\/ro\/wp-json\/wp\/v2\/product_tag?post=7410"}],"curies":[{"name":"wp","href":"https:\/\/api.w.org\/{rel}","templated":true}]}}