{"id":7416,"date":"2026-01-08T19:25:26","date_gmt":"2026-01-08T19:25:26","guid":{"rendered":"https:\/\/cool-style.md\/?post_type=product&#038;p=7416"},"modified":"2026-01-08T19:30:08","modified_gmt":"2026-01-08T19:30:08","slug":"nishman-powder-styling-wax-sea-salt-x5","status":"publish","type":"product","link":"https:\/\/cool-style.md\/ro\/product\/nishman-powder-styling-wax-sea-salt-x5\/","title":{"rendered":"Pudr\u0103 volumizant\u0103 pentru p\u0103r Nishman Powder Styling Wax Sea Salt X5 20gr"},"content":{"rendered":"<h2><span style=\"font-size: 75%;\">Pudr\u0103 volumizant\u0103 Nishman Powder Styling Wax Sea Salt X5<\/span><\/h2>\n<ul>\n<li data-start=\"1909\" data-end=\"1942\">\n<p data-start=\"1911\" data-end=\"1942\">Volum \u0219i textur\u0103 cu efect mat;<\/p>\n<\/li>\n<li data-start=\"1943\" data-end=\"1979\">\n<p data-start=\"1945\" data-end=\"1979\">Sare de mare pentru look \u201ebeach\u201d;<\/p>\n<\/li>\n<li data-start=\"1980\" data-end=\"2010\">\n<p data-start=\"1982\" data-end=\"2010\">Fixare u\u0219oar\u0103, f\u0103r\u0103 lipire;<\/p>\n<\/li>\n<li data-start=\"2011\" data-end=\"2044\">\n<p data-start=\"2013\" data-end=\"2044\">Ofer\u0103 impresia de p\u0103r mai des;<\/p>\n<\/li>\n<li data-start=\"2045\" data-end=\"2087\">\n<p data-start=\"2047\" data-end=\"2087\">Potrivit pentru diferite tipuri de p\u0103r.<\/p>\n<\/li>\n<\/ul>\n<p><a href=\"https:\/\/cool-style.md\/wp-content\/uploads\/2026\/01\/Cool-style.md-Nishman-Powder-Styling-Wax-Sea-Salt-X5-.jpg\"><img decoding=\"async\" class=\"wp-image-7417 alignleft\" src=\"https:\/\/cool-style.md\/wp-content\/uploads\/2026\/01\/Cool-style.md-Nishman-Powder-Styling-Wax-Sea-Salt-X5--279x400.jpg\" alt=\"Cool-style.md Nishman Powder Styling Wax Sea Salt X5\" width=\"255\" height=\"366\" srcset=\"https:\/\/cool-style.md\/wp-content\/uploads\/2026\/01\/Cool-style.md-Nishman-Powder-Styling-Wax-Sea-Salt-X5--279x400.jpg 279w, https:\/\/cool-style.md\/wp-content\/uploads\/2026\/01\/Cool-style.md-Nishman-Powder-Styling-Wax-Sea-Salt-X5-.jpg 464w\" sizes=\"(max-width: 255px) 100vw, 255px\" \/><\/a>Pudra matifiant\u0103 <a href=\"https:\/\/nishman.com.tr\/\" target=\"_blank\" rel=\"noopener\">Nishman<\/a> este un produs inovator ce combin\u0103 avantajele pudrei \u0219i ale cerii pentru volum, textur\u0103 \u0219i efect mat natural. Formula cu sare de mare ofer\u0103 un look lejer, de tip \u201ebeach style\u201d, \u0219i eviden\u021biaz\u0103 firele de p\u0103r.<\/p>\n<p data-start=\"1733\" data-end=\"1891\">Asigur\u0103 control u\u0219or \u0219i fixare flexibil\u0103 f\u0103r\u0103 a \u00eenc\u0103rca p\u0103rul, re\u00eemprosp\u0103teaz\u0103 coafura \u0219i ofer\u0103 un aspect mai bogat. Potrivit pentru uz zilnic \u0219i profesional. Potrivit <a href=\"https:\/\/cool-style.md\/ro\/cosmetice-femei\/ingrijirea-par-femei\/\">pentru toate tipurile de p\u0103r<\/a>, precum \u0219i pentru uz zilnic.<\/p>\n<p><strong>Volum:<\/strong> 20 gr<\/p>\n<p><strong>Fixare:\u00a0<\/strong>medie<\/p>\n<p><span style=\"font-size: 100%;\"><strong>Aten\u021bie:<\/strong> numai pentru uz extern. \u00cen caz de contact cu ochii, cl\u0103ti\u021bi cu mult\u0103 ap\u0103. A nu se lasa la indemana copiilor.<\/span><\/p>","protected":false},"excerpt":{"rendered":"<p><span style=\"font-size: 100%;\">Nishman Powder Styling Wax Sea Salt X5 ofer\u0103 volum, textur\u0103 mat\u0103 \u0219i un efect natural de plaj\u0103, f\u0103r\u0103 a \u00eenc\u0103rca p\u0103rul.<\/span><span style=\"font-size: 100%;\"><\/span><\/p>\n","protected":false},"featured_media":7418,"template":"","meta":[],"product_brand":[],"product_cat":[30],"product_tag":[],"class_list":{"0":"post-7416","1":"product","2":"type-product","3":"status-publish","4":"has-post-thumbnail","6":"product_cat-coafarea-barbati","7":"pa_brand-nishman","8":"pa_felul-produsului-tip-pudra","9":"pa_producator-turcia","10":"pa_volum-20gr","12":"first","13":"instock","14":"featured","15":"shipping-taxable","16":"purchasable","17":"product-type-simple"},"_links":{"self":[{"href":"https:\/\/cool-style.md\/ro\/wp-json\/wp\/v2\/product\/7416","targetHints":{"allow":["GET"]}}],"collection":[{"href":"https:\/\/cool-style.md\/ro\/wp-json\/wp\/v2\/product"}],"about":[{"href":"https:\/\/cool-style.md\/ro\/wp-json\/wp\/v2\/types\/product"}],"wp:featuredmedia":[{"embeddable":true,"href":"https:\/\/cool-style.md\/ro\/wp-json\/wp\/v2\/media\/7418"}],"wp:attachment":[{"href":"https:\/\/cool-style.md\/ro\/wp-json\/wp\/v2\/media?parent=7416"}],"wp:term":[{"taxonomy":"product_brand","embeddable":true,"href":"https:\/\/cool-style.md\/ro\/wp-json\/wp\/v2\/product_brand?post=7416"},{"taxonomy":"product_cat","embeddable":true,"href":"https:\/\/cool-style.md\/ro\/wp-json\/wp\/v2\/product_cat?post=7416"},{"taxonomy":"product_tag","embeddable":true,"href":"https:\/\/cool-style.md\/ro\/wp-json\/wp\/v2\/product_tag?post=7416"}],"curies":[{"name":"wp","href":"https:\/\/api.w.org\/{rel}","templated":true}]}}