{"id":7419,"date":"2026-01-08T19:31:57","date_gmt":"2026-01-08T19:31:57","guid":{"rendered":"https:\/\/cool-style.md\/?post_type=product&#038;p=7419"},"modified":"2026-01-08T19:35:00","modified_gmt":"2026-01-08T19:35:00","slug":"nishman-powder-styling-wax-milky","status":"publish","type":"product","link":"https:\/\/cool-style.md\/ro\/product\/nishman-powder-styling-wax-milky\/","title":{"rendered":"Pudr\u0103 volumizant\u0103 pentru p\u0103r Nishman Powder Styling Wax Milky 20gr"},"content":{"rendered":"<h2><span style=\"font-size: 75%;\">Pudr\u0103 volumizant\u0103 Nishman Powder Styling Wax Milky<\/span><\/h2>\n<ul>\n<li data-start=\"1807\" data-end=\"1833\">Volum natural \u0219i textur\u0103;<\/li>\n<li data-start=\"1836\" data-end=\"1864\">Fixare u\u0219oar\u0103 \u0219i flexibil\u0103;<\/li>\n<li data-start=\"1867\" data-end=\"1899\">Nu \u00eencarc\u0103 \u0219i nu lipe\u0219te p\u0103rul;<\/li>\n<li data-start=\"1902\" data-end=\"1928\">Ofer\u0103 un aspect \u00eengrijit;<\/li>\n<li data-start=\"1931\" data-end=\"1971\">Potrivit pentru diferite tipuri de p\u0103r.<\/li>\n<\/ul>\n<p><a href=\"https:\/\/cool-style.md\/wp-content\/uploads\/2026\/01\/Cool-style.md-Nishman-Powder-Styling-Wax-Milky-.jpg\"><img decoding=\"async\" class=\"wp-image-7420 alignleft\" src=\"https:\/\/cool-style.md\/wp-content\/uploads\/2026\/01\/Cool-style.md-Nishman-Powder-Styling-Wax-Milky--299x400.jpg\" alt=\"Cool-style.md Nishman Powder Styling Wax Milky\" width=\"244\" height=\"326\" srcset=\"https:\/\/cool-style.md\/wp-content\/uploads\/2026\/01\/Cool-style.md-Nishman-Powder-Styling-Wax-Milky--299x400.jpg 299w, https:\/\/cool-style.md\/wp-content\/uploads\/2026\/01\/Cool-style.md-Nishman-Powder-Styling-Wax-Milky-.jpg 461w\" sizes=\"(max-width: 244px) 100vw, 244px\" \/><\/a>Pudra matifiant\u0103 <a href=\"https:\/\/nishman.com.tr\/\" target=\"_blank\" rel=\"noopener\">Nishman<\/a> este un produs de styling lejer, care combin\u0103 avantajele pudrei \u0219i ale cerii pentru volum natural, textur\u0103 \u0219i coafare delicat\u0103. Formula \u201emilky\u201d ofer\u0103 control u\u0219or, reduce efectul de electrizare \u0219i men\u021bine un aspect \u00eengrijit f\u0103r\u0103 rigiditate.<\/p>\n<p data-start=\"1691\" data-end=\"1787\">Este ideal pentru uz zilnic, eviden\u021biaz\u0103 structura p\u0103rului \u0219i ofer\u0103 un look mai plin \u0219i ordonat. Potrivit <a href=\"https:\/\/cool-style.md\/ro\/cosmetice-femei\/ingrijirea-par-femei\/\">pentru toate tipurile de p\u0103r<\/a>, precum \u0219i pentru uz zilnic.<\/p>\n<p><strong>Volum:<\/strong> 20 gr<\/p>\n<p><strong>Fixare:\u00a0<\/strong>medie<\/p>\n<p><span style=\"font-size: 100%;\"><strong>Aten\u021bie:<\/strong> numai pentru uz extern. \u00cen caz de contact cu ochii, cl\u0103ti\u021bi cu mult\u0103 ap\u0103. A nu se lasa la indemana copiilor.<\/span><\/p>","protected":false},"excerpt":{"rendered":"<p><span style=\"font-size: 100%;\">Nishman Powder Styling Wax Milky ofer\u0103 volum, textur\u0103 mat\u0103 \u0219i un efect natural de plaj\u0103, f\u0103r\u0103 a \u00eenc\u0103rca p\u0103rul.<\/span><span style=\"font-size: 100%;\"><\/span><\/p>\n","protected":false},"featured_media":7421,"template":"","meta":[],"product_brand":[],"product_cat":[30],"product_tag":[],"class_list":{"0":"post-7419","1":"product","2":"type-product","3":"status-publish","4":"has-post-thumbnail","6":"product_cat-coafarea-barbati","7":"pa_brand-nishman","8":"pa_felul-produsului-tip-pudra","9":"pa_producator-turcia","10":"pa_volum-20gr","12":"first","13":"instock","14":"featured","15":"shipping-taxable","16":"purchasable","17":"product-type-simple"},"_links":{"self":[{"href":"https:\/\/cool-style.md\/ro\/wp-json\/wp\/v2\/product\/7419","targetHints":{"allow":["GET"]}}],"collection":[{"href":"https:\/\/cool-style.md\/ro\/wp-json\/wp\/v2\/product"}],"about":[{"href":"https:\/\/cool-style.md\/ro\/wp-json\/wp\/v2\/types\/product"}],"wp:featuredmedia":[{"embeddable":true,"href":"https:\/\/cool-style.md\/ro\/wp-json\/wp\/v2\/media\/7421"}],"wp:attachment":[{"href":"https:\/\/cool-style.md\/ro\/wp-json\/wp\/v2\/media?parent=7419"}],"wp:term":[{"taxonomy":"product_brand","embeddable":true,"href":"https:\/\/cool-style.md\/ro\/wp-json\/wp\/v2\/product_brand?post=7419"},{"taxonomy":"product_cat","embeddable":true,"href":"https:\/\/cool-style.md\/ro\/wp-json\/wp\/v2\/product_cat?post=7419"},{"taxonomy":"product_tag","embeddable":true,"href":"https:\/\/cool-style.md\/ro\/wp-json\/wp\/v2\/product_tag?post=7419"}],"curies":[{"name":"wp","href":"https:\/\/api.w.org\/{rel}","templated":true}]}}