{"id":7422,"date":"2026-01-08T19:36:48","date_gmt":"2026-01-08T19:36:48","guid":{"rendered":"https:\/\/cool-style.md\/?post_type=product&#038;p=7422"},"modified":"2026-01-08T19:40:45","modified_gmt":"2026-01-08T19:40:45","slug":"nishman-powder-styling-wax-gumgum-p1","status":"publish","type":"product","link":"https:\/\/cool-style.md\/ro\/product\/nishman-powder-styling-wax-gumgum-p1\/","title":{"rendered":"Pudr\u0103 volumizant\u0103 pentru p\u0103r Nishman Powder Styling Wax Gumgum P1 30gr"},"content":{"rendered":"<h2><span style=\"font-size: 75%;\">Pudr\u0103 volumizant\u0103 Nishman Powder Styling Wax Gumgum P1<\/span><\/h2>\n<ul>\n<li data-start=\"1782\" data-end=\"1808\">Volum \u0219i textur\u0103 instant;<\/li>\n<li data-start=\"1811\" data-end=\"1839\">Fixare u\u0219oar\u0103, f\u0103r\u0103 lipire;<\/li>\n<li data-start=\"1842\" data-end=\"1865\">Re\u00eemprosp\u0103teaz\u0103 p\u0103rul;<\/li>\n<li data-start=\"1868\" data-end=\"1912\">Potrivit pentru stiluri rapide \u0219i creative;<\/li>\n<li data-start=\"1915\" data-end=\"1946\">Pentru diferite tipuri de p\u0103r.<\/li>\n<\/ul>\n<p><a href=\"https:\/\/cool-style.md\/wp-content\/uploads\/2026\/01\/Cool-style.md-Nishman-Powder-Styling-Wax-Gumgum-P1.jpg\"><img decoding=\"async\" class=\"wp-image-7423 alignleft\" src=\"https:\/\/cool-style.md\/wp-content\/uploads\/2026\/01\/Cool-style.md-Nishman-Powder-Styling-Wax-Gumgum-P1-400x400.jpg\" alt=\"Cool-style.md Nishman Powder Styling Wax Gumgum P1\" width=\"266\" height=\"266\" srcset=\"https:\/\/cool-style.md\/wp-content\/uploads\/2026\/01\/Cool-style.md-Nishman-Powder-Styling-Wax-Gumgum-P1-400x400.jpg 400w, https:\/\/cool-style.md\/wp-content\/uploads\/2026\/01\/Cool-style.md-Nishman-Powder-Styling-Wax-Gumgum-P1-800x800.jpg 800w, https:\/\/cool-style.md\/wp-content\/uploads\/2026\/01\/Cool-style.md-Nishman-Powder-Styling-Wax-Gumgum-P1-280x280.jpg 280w, https:\/\/cool-style.md\/wp-content\/uploads\/2026\/01\/Cool-style.md-Nishman-Powder-Styling-Wax-Gumgum-P1-768x768.jpg 768w, https:\/\/cool-style.md\/wp-content\/uploads\/2026\/01\/Cool-style.md-Nishman-Powder-Styling-Wax-Gumgum-P1-300x300.jpg 300w, https:\/\/cool-style.md\/wp-content\/uploads\/2026\/01\/Cool-style.md-Nishman-Powder-Styling-Wax-Gumgum-P1-510x510.jpg 510w, https:\/\/cool-style.md\/wp-content\/uploads\/2026\/01\/Cool-style.md-Nishman-Powder-Styling-Wax-Gumgum-P1-100x100.jpg 100w, https:\/\/cool-style.md\/wp-content\/uploads\/2026\/01\/Cool-style.md-Nishman-Powder-Styling-Wax-Gumgum-P1.jpg 894w\" sizes=\"(max-width: 266px) 100vw, 266px\" \/><\/a>Pudra matifiant\u0103 <a href=\"https:\/\/nishman.com.tr\/\" target=\"_blank\" rel=\"noopener\">Nishman<\/a> este un produs modern de styling ce \u00eembin\u0103 lejeritatea pudrei cu controlul cerii. Ofer\u0103 volum instant la r\u0103d\u0103cin\u0103, define\u0219te textura \u0219i ajut\u0103 la crearea unor coafuri flexibile, cu aspect natural.<\/p>\n<p data-start=\"1629\" data-end=\"1762\">Nu \u00eencarc\u0103 p\u0103rul, reduce aspectul gras \u0219i permite re\u00eemprosp\u0103tarea coafurii pe parcursul zilei. Ideal pentru uz zilnic \u0219i profesional. Potrivit <a href=\"https:\/\/cool-style.md\/ro\/cosmetice-femei\/ingrijirea-par-femei\/\">pentru toate tipurile de p\u0103r<\/a>, precum \u0219i pentru uz zilnic.<\/p>\n<p><strong>Volum:<\/strong> 30 gr<\/p>\n<p><strong>Fixare:\u00a0<\/strong>medie<\/p>\n<p><span style=\"font-size: 100%;\"><strong>Aten\u021bie:<\/strong> numai pentru uz extern. \u00cen caz de contact cu ochii, cl\u0103ti\u021bi cu mult\u0103 ap\u0103. A nu se lasa la indemana copiilor.<\/span><\/p>","protected":false},"excerpt":{"rendered":"<p><span style=\"font-size: 100%;\">Nishman Powder Styling Wax Gumgum P1 ofer\u0103 volum, textur\u0103 mat\u0103 \u0219i un efect natural de plaj\u0103, f\u0103r\u0103 a \u00eenc\u0103rca p\u0103rul.<\/span><span style=\"font-size: 100%;\"><\/span><\/p>\n","protected":false},"featured_media":7425,"template":"","meta":[],"product_brand":[],"product_cat":[30],"product_tag":[],"class_list":{"0":"post-7422","1":"product","2":"type-product","3":"status-publish","4":"has-post-thumbnail","6":"product_cat-coafarea-barbati","7":"pa_brand-nishman","8":"pa_felul-produsului-tip-pudra","9":"pa_producator-turcia","10":"pa_volum-30gr","12":"first","13":"instock","14":"featured","15":"shipping-taxable","16":"purchasable","17":"product-type-simple"},"_links":{"self":[{"href":"https:\/\/cool-style.md\/ro\/wp-json\/wp\/v2\/product\/7422","targetHints":{"allow":["GET"]}}],"collection":[{"href":"https:\/\/cool-style.md\/ro\/wp-json\/wp\/v2\/product"}],"about":[{"href":"https:\/\/cool-style.md\/ro\/wp-json\/wp\/v2\/types\/product"}],"wp:featuredmedia":[{"embeddable":true,"href":"https:\/\/cool-style.md\/ro\/wp-json\/wp\/v2\/media\/7425"}],"wp:attachment":[{"href":"https:\/\/cool-style.md\/ro\/wp-json\/wp\/v2\/media?parent=7422"}],"wp:term":[{"taxonomy":"product_brand","embeddable":true,"href":"https:\/\/cool-style.md\/ro\/wp-json\/wp\/v2\/product_brand?post=7422"},{"taxonomy":"product_cat","embeddable":true,"href":"https:\/\/cool-style.md\/ro\/wp-json\/wp\/v2\/product_cat?post=7422"},{"taxonomy":"product_tag","embeddable":true,"href":"https:\/\/cool-style.md\/ro\/wp-json\/wp\/v2\/product_tag?post=7422"}],"curies":[{"name":"wp","href":"https:\/\/api.w.org\/{rel}","templated":true}]}}