{"id":7426,"date":"2026-01-08T19:41:17","date_gmt":"2026-01-08T19:41:17","guid":{"rendered":"https:\/\/cool-style.md\/?post_type=product&#038;p=7426"},"modified":"2026-01-08T19:44:41","modified_gmt":"2026-01-08T19:44:41","slug":"nishman-barber-styling-powder-x1","status":"publish","type":"product","link":"https:\/\/cool-style.md\/ro\/product\/nishman-barber-styling-powder-x1\/","title":{"rendered":"Pudr\u0103 volumizant\u0103 pentru p\u0103r Nishman Barber Styling Powder X1 30gr"},"content":{"rendered":"<h2><span style=\"font-size: 75%;\">Pudr\u0103 volumizant\u0103 Nishman Barber Styling Powder X1<\/span><\/h2>\n<ul>\n<li data-start=\"1653\" data-end=\"1680\">Volum instant la r\u0103d\u0103cin\u0103;<\/li>\n<li data-start=\"1683\" data-end=\"1706\">Efect mat, f\u0103r\u0103 luciu;<\/li>\n<li data-start=\"1709\" data-end=\"1741\">Textur\u0103 u\u0219oar\u0103, f\u0103r\u0103 \u00eenc\u0103rcare;<\/li>\n<li data-start=\"1744\" data-end=\"1767\">Re\u00eemprosp\u0103teaz\u0103 p\u0103rul;<\/li>\n<li data-start=\"1770\" data-end=\"1815\">Potrivit\u0103 pentru uz profesional \u0219i personal.<\/li>\n<\/ul>\n<p><a href=\"https:\/\/cool-style.md\/wp-content\/uploads\/2026\/01\/Cool-style.md-Nishman-Barber-Styling-Powder-X1-.jpg\"><img decoding=\"async\" class=\" wp-image-7427 alignleft\" src=\"https:\/\/cool-style.md\/wp-content\/uploads\/2026\/01\/Cool-style.md-Nishman-Barber-Styling-Powder-X1--320x400.jpg\" alt=\"Cool-style.md Nishman Barber Styling Powder X1\" width=\"278\" height=\"348\" srcset=\"https:\/\/cool-style.md\/wp-content\/uploads\/2026\/01\/Cool-style.md-Nishman-Barber-Styling-Powder-X1--320x400.jpg 320w, https:\/\/cool-style.md\/wp-content\/uploads\/2026\/01\/Cool-style.md-Nishman-Barber-Styling-Powder-X1--640x800.jpg 640w, https:\/\/cool-style.md\/wp-content\/uploads\/2026\/01\/Cool-style.md-Nishman-Barber-Styling-Powder-X1--768x960.jpg 768w, https:\/\/cool-style.md\/wp-content\/uploads\/2026\/01\/Cool-style.md-Nishman-Barber-Styling-Powder-X1--510x638.jpg 510w, https:\/\/cool-style.md\/wp-content\/uploads\/2026\/01\/Cool-style.md-Nishman-Barber-Styling-Powder-X1-.jpg 1080w\" sizes=\"(max-width: 278px) 100vw, 278px\" \/><\/a>Pudra matifiant\u0103 <a href=\"https:\/\/nishman.com.tr\/\" target=\"_blank\" rel=\"noopener\">Nishman<\/a> este o pudr\u0103 profesional\u0103 creat\u0103 pentru frizerii \u0219i pentru uz personal. Ofer\u0103 volum instant la r\u0103d\u0103cin\u0103, define\u0219te textura \u0219i asigur\u0103 un efect mat natural, f\u0103r\u0103 a \u00eenc\u0103rca p\u0103rul.<\/p>\n<p data-start=\"1532\" data-end=\"1633\">Ajut\u0103 la modelarea rapid\u0103 a coafurii, re\u00eemprosp\u0103teaz\u0103 stylingul \u0219i ofer\u0103 p\u0103rului un aspect mai bogat. Potrivit <a href=\"https:\/\/cool-style.md\/ro\/cosmetice-femei\/ingrijirea-par-femei\/\">pentru toate tipurile de p\u0103r<\/a>, precum \u0219i pentru uz zilnic.<\/p>\n<p><strong>Volum:<\/strong> 30 gr<\/p>\n<p><strong>Fixare:\u00a0<\/strong>medie<\/p>\n<p><span style=\"font-size: 100%;\"><strong>Aten\u021bie:<\/strong> numai pentru uz extern. \u00cen caz de contact cu ochii, cl\u0103ti\u021bi cu mult\u0103 ap\u0103. A nu se lasa la indemana copiilor.<\/span><\/p>","protected":false},"excerpt":{"rendered":"<p><span style=\"font-size: 100%;\">Nishman Barber Styling Powder X1 ofer\u0103 volum, textur\u0103 mat\u0103 \u0219i ajut\u0103 la crearea unei coafuri u\u0219oare \u0219i durabile.<\/span><span style=\"font-size: 100%;\"><\/span><\/p>\n","protected":false},"featured_media":7428,"template":"","meta":[],"product_brand":[],"product_cat":[30],"product_tag":[],"class_list":{"0":"post-7426","1":"product","2":"type-product","3":"status-publish","4":"has-post-thumbnail","6":"product_cat-coafarea-barbati","7":"pa_brand-nishman","8":"pa_felul-produsului-tip-pudra","9":"pa_producator-turcia","10":"pa_volum-30gr","12":"first","13":"instock","14":"featured","15":"shipping-taxable","16":"purchasable","17":"product-type-simple"},"_links":{"self":[{"href":"https:\/\/cool-style.md\/ro\/wp-json\/wp\/v2\/product\/7426","targetHints":{"allow":["GET"]}}],"collection":[{"href":"https:\/\/cool-style.md\/ro\/wp-json\/wp\/v2\/product"}],"about":[{"href":"https:\/\/cool-style.md\/ro\/wp-json\/wp\/v2\/types\/product"}],"wp:featuredmedia":[{"embeddable":true,"href":"https:\/\/cool-style.md\/ro\/wp-json\/wp\/v2\/media\/7428"}],"wp:attachment":[{"href":"https:\/\/cool-style.md\/ro\/wp-json\/wp\/v2\/media?parent=7426"}],"wp:term":[{"taxonomy":"product_brand","embeddable":true,"href":"https:\/\/cool-style.md\/ro\/wp-json\/wp\/v2\/product_brand?post=7426"},{"taxonomy":"product_cat","embeddable":true,"href":"https:\/\/cool-style.md\/ro\/wp-json\/wp\/v2\/product_cat?post=7426"},{"taxonomy":"product_tag","embeddable":true,"href":"https:\/\/cool-style.md\/ro\/wp-json\/wp\/v2\/product_tag?post=7426"}],"curies":[{"name":"wp","href":"https:\/\/api.w.org\/{rel}","templated":true}]}}