{"id":7429,"date":"2026-01-08T19:46:32","date_gmt":"2026-01-08T19:46:32","guid":{"rendered":"https:\/\/cool-style.md\/?post_type=product&#038;p=7429"},"modified":"2026-01-08T19:51:06","modified_gmt":"2026-01-08T19:51:06","slug":"nishman-hair-texture-powder-wax","status":"publish","type":"product","link":"https:\/\/cool-style.md\/ro\/product\/nishman-hair-texture-powder-wax\/","title":{"rendered":"Pudr\u0103 volumizant\u0103 pentru p\u0103r Nishman Hair Texture Powder Wax 27gr"},"content":{"rendered":"<h2><span style=\"font-size: 75%;\">Pudr\u0103 volumizant\u0103 Nishman Hair Texture Powder Wax<\/span><\/h2>\n<ul>\n<li data-start=\"1803\" data-end=\"1838\">Volum instant \u0219i textur\u0103 definit\u0103;<\/li>\n<li data-start=\"1841\" data-end=\"1864\">Efect mat, f\u0103r\u0103 luciu;<\/li>\n<li data-start=\"1867\" data-end=\"1883\">Formul\u0103 lejer\u0103;<\/li>\n<li data-start=\"1886\" data-end=\"1909\">Re\u00eemprosp\u0103teaz\u0103 p\u0103rul;<\/li>\n<li data-start=\"1912\" data-end=\"1957\">Potrivit\u0103 pentru uz profesional \u0219i personal.<\/li>\n<\/ul>\n<p><a href=\"https:\/\/cool-style.md\/wp-content\/uploads\/2026\/01\/Cool-style.md-Nishman-Hair-Texture-Powder.jpg\"><img decoding=\"async\" class=\"wp-image-7431 alignleft\" src=\"https:\/\/cool-style.md\/wp-content\/uploads\/2026\/01\/Cool-style.md-Nishman-Hair-Texture-Powder-276x400.jpg\" alt=\"Cool-style.md Nishman Hair Texture Powder Wax\" width=\"229\" height=\"332\" srcset=\"https:\/\/cool-style.md\/wp-content\/uploads\/2026\/01\/Cool-style.md-Nishman-Hair-Texture-Powder-276x400.jpg 276w, https:\/\/cool-style.md\/wp-content\/uploads\/2026\/01\/Cool-style.md-Nishman-Hair-Texture-Powder.jpg 465w\" sizes=\"(max-width: 229px) 100vw, 229px\" \/><\/a>Pudra matifiant\u0103 <a href=\"https:\/\/nishman.com.tr\/\" target=\"_blank\" rel=\"noopener\">Nishman<\/a> este o pudr\u0103 profesional\u0103 pentru definirea texturii, volum instant \u0219i efect mat. Formula u\u0219oar\u0103 ridic\u0103 p\u0103rul de la r\u0103d\u0103cin\u0103, eviden\u021biaz\u0103 \u0219uvi\u021bele \u0219i ofer\u0103 coafurii un aspect modern \u0219i dinamic.<\/p>\n<p data-start=\"1629\" data-end=\"1783\">Nu \u00eencarc\u0103 p\u0103rul, reduce excesul de sebum \u0219i permite re\u00eemprosp\u0103tarea rapid\u0103 a stylingului pe parcursul zilei. Ideal\u0103 pentru coafuri structurate \u0219i lejere. Potrivit <a href=\"https:\/\/cool-style.md\/ro\/cosmetice-femei\/ingrijirea-par-femei\/\">pentru toate tipurile de p\u0103r<\/a>, precum \u0219i pentru uz zilnic.<\/p>\n<p><strong>Volum:<\/strong> 27 gr<\/p>\n<p><strong>Fixare:\u00a0<\/strong>medie<\/p>\n<p><span style=\"font-size: 100%;\"><strong>Aten\u021bie:<\/strong> numai pentru uz extern. \u00cen caz de contact cu ochii, cl\u0103ti\u021bi cu mult\u0103 ap\u0103. A nu se lasa la indemana copiilor.<\/span><\/p>","protected":false},"excerpt":{"rendered":"<p><span style=\"font-size: 100%;\">Nishman Hair Texture Powder Wax ofer\u0103 volum instant, textur\u0103 mat\u0103 \u0219i un look modern, f\u0103r\u0103 a \u00eenc\u0103rca p\u0103rul.<\/span><span style=\"font-size: 100%;\"><\/span><\/p>\n","protected":false},"featured_media":7430,"template":"","meta":[],"product_brand":[],"product_cat":[30],"product_tag":[],"class_list":{"0":"post-7429","1":"product","2":"type-product","3":"status-publish","4":"has-post-thumbnail","6":"product_cat-coafarea-barbati","7":"pa_brand-nishman","8":"pa_felul-produsului-tip-pudra","9":"pa_producator-turcia","10":"pa_volum-27gr","12":"first","13":"instock","14":"featured","15":"shipping-taxable","16":"purchasable","17":"product-type-simple"},"_links":{"self":[{"href":"https:\/\/cool-style.md\/ro\/wp-json\/wp\/v2\/product\/7429","targetHints":{"allow":["GET"]}}],"collection":[{"href":"https:\/\/cool-style.md\/ro\/wp-json\/wp\/v2\/product"}],"about":[{"href":"https:\/\/cool-style.md\/ro\/wp-json\/wp\/v2\/types\/product"}],"wp:featuredmedia":[{"embeddable":true,"href":"https:\/\/cool-style.md\/ro\/wp-json\/wp\/v2\/media\/7430"}],"wp:attachment":[{"href":"https:\/\/cool-style.md\/ro\/wp-json\/wp\/v2\/media?parent=7429"}],"wp:term":[{"taxonomy":"product_brand","embeddable":true,"href":"https:\/\/cool-style.md\/ro\/wp-json\/wp\/v2\/product_brand?post=7429"},{"taxonomy":"product_cat","embeddable":true,"href":"https:\/\/cool-style.md\/ro\/wp-json\/wp\/v2\/product_cat?post=7429"},{"taxonomy":"product_tag","embeddable":true,"href":"https:\/\/cool-style.md\/ro\/wp-json\/wp\/v2\/product_tag?post=7429"}],"curies":[{"name":"wp","href":"https:\/\/api.w.org\/{rel}","templated":true}]}}