{"id":7432,"date":"2026-01-08T19:52:23","date_gmt":"2026-01-08T19:52:23","guid":{"rendered":"https:\/\/cool-style.md\/?post_type=product&#038;p=7432"},"modified":"2026-01-08T19:57:17","modified_gmt":"2026-01-08T19:57:17","slug":"nishman-hair-styling-sea-salt-foam-wax","status":"publish","type":"product","link":"https:\/\/cool-style.md\/ro\/product\/nishman-hair-styling-sea-salt-foam-wax\/","title":{"rendered":"Cear\u0103-spum\u0103 cu sare de mare pentru aranjarea p\u0103rului Nishman Hair Styling Sea Salt Foam Wax 150ml"},"content":{"rendered":"<h2><span style=\"font-size: 75%;\">Cear\u0103-spum\u0103 pentru aranjarea p\u0103rului Nishman Hair Styling Sea Salt Foam Wax<\/span><\/h2>\n<ul>\n<li data-start=\"1911\" data-end=\"1942\">Volum \u0219i textur\u0103 cu efect mat;<\/li>\n<li data-start=\"1945\" data-end=\"1988\">Look \u201ebeach style\u201d datorit\u0103 s\u0103rii de mare;<\/li>\n<li data-start=\"1991\" data-end=\"2019\">Fixare u\u0219oar\u0103, f\u0103r\u0103 lipire;<\/li>\n<li data-start=\"2022\" data-end=\"2063\">Re\u00eemprosp\u0103teaz\u0103 \u0219i ofer\u0103 aspect natural;<\/li>\n<li data-start=\"2066\" data-end=\"2105\">Potrivit pentru toate tipurile de p\u0103r.<\/li>\n<\/ul>\n<p><span style=\"font-size: 100%;\"><a href=\"https:\/\/cool-style.md\/wp-content\/uploads\/2026\/01\/Cool-style.md-Nishman-Sea-Salt-Foam-Wax.jpg\"><img decoding=\"async\" class=\" wp-image-7434 alignleft\" src=\"https:\/\/cool-style.md\/wp-content\/uploads\/2026\/01\/Cool-style.md-Nishman-Sea-Salt-Foam-Wax-270x400.jpg\" alt=\"Cool-style.md Nishman Hair Styling Sea Salt Foam Wax\" width=\"205\" height=\"304\" srcset=\"https:\/\/cool-style.md\/wp-content\/uploads\/2026\/01\/Cool-style.md-Nishman-Sea-Salt-Foam-Wax-270x400.jpg 270w, https:\/\/cool-style.md\/wp-content\/uploads\/2026\/01\/Cool-style.md-Nishman-Sea-Salt-Foam-Wax.jpg 464w\" sizes=\"(max-width: 205px) 100vw, 205px\" \/><\/a>Cear\u0103-spum\u0103 <a href=\"https:\/\/nishman.com.tr\/\" target=\"_blank\" rel=\"noopener\">Nishman<\/a> <\/span>este un produs inovator care combin\u0103 u\u0219urin\u021ba spumei cu controlul cerii \u0219i efectul s\u0103rii de mare. Ofer\u0103 volum, textur\u0103 \u0219i un look lejer \u201ebeach style\u201d cu efect mat.<\/p>\n<p data-start=\"1738\" data-end=\"1891\">Asigur\u0103 fixare natural\u0103, nu \u00eencarc\u0103 p\u0103rul \u0219i ajut\u0103 la men\u021binerea coafurii pe tot parcursul zilei. Ideal pentru uz zilnic \u0219i pentru frizerii profesionale. <span style=\"font-size: 100%;\">Potrivit <\/span><a style=\"font-size: 100%;\" href=\"https:\/\/cool-style.md\/ro\/product-category\/cosmetice-barbati\/coafarea-barbati\/\">pentru toate tipurile de p\u0103r<\/a><span style=\"font-size: 100%;\">.<\/span><\/p>\n<p><span style=\"font-size: 100%;\"><strong>Fixare:<\/strong> tare<\/span><\/p>\n<p><span style=\"font-size: 100%;\"><strong>Volum:<\/strong> 150 ml<\/span><\/p>\n<p><span style=\"font-size: 100%;\"><strong>Mod de utilizare:<\/strong> Freca\u021bi o cantitate mic\u0103 de cear\u0103 \u00eentre palme. Aplica\u021bi uniform pe p\u0103rul curat \u0219i umed \u0219i crea\u021bi forma dorit\u0103.<\/span><\/p>\n<p><span style=\"font-size: 100%;\"><strong>Aten\u021bie:<\/strong> numai pentru uz extern. \u00cen caz de contact cu ochii, cl\u0103ti\u021bi cu mult\u0103 ap\u0103. A nu se lasa la indemana copiilor.<\/span><\/p>","protected":false},"excerpt":{"rendered":"<p><span style=\"font-size: 100%;\">Nishman Hair Styling Sea Salt Foam Wax ofer\u0103 volum, textur\u0103 \u0219i efect mat pentru un look natural de tip \u201ebeach style\u201d.<\/span><span style=\"font-size: 100%;\"><\/span><\/p>\n","protected":false},"featured_media":7433,"template":"","meta":[],"product_brand":[],"product_cat":[30],"product_tag":[],"class_list":{"0":"post-7432","1":"product","2":"type-product","3":"status-publish","4":"has-post-thumbnail","6":"product_cat-coafarea-barbati","7":"pa_brand-nishman","8":"pa_felul-produsului-tip-ceara","9":"pa_fixare-puternica","10":"pa_producator-turcia","11":"pa_volum-150ml","13":"first","14":"instock","15":"featured","16":"shipping-taxable","17":"purchasable","18":"product-type-simple"},"_links":{"self":[{"href":"https:\/\/cool-style.md\/ro\/wp-json\/wp\/v2\/product\/7432","targetHints":{"allow":["GET"]}}],"collection":[{"href":"https:\/\/cool-style.md\/ro\/wp-json\/wp\/v2\/product"}],"about":[{"href":"https:\/\/cool-style.md\/ro\/wp-json\/wp\/v2\/types\/product"}],"wp:featuredmedia":[{"embeddable":true,"href":"https:\/\/cool-style.md\/ro\/wp-json\/wp\/v2\/media\/7433"}],"wp:attachment":[{"href":"https:\/\/cool-style.md\/ro\/wp-json\/wp\/v2\/media?parent=7432"}],"wp:term":[{"taxonomy":"product_brand","embeddable":true,"href":"https:\/\/cool-style.md\/ro\/wp-json\/wp\/v2\/product_brand?post=7432"},{"taxonomy":"product_cat","embeddable":true,"href":"https:\/\/cool-style.md\/ro\/wp-json\/wp\/v2\/product_cat?post=7432"},{"taxonomy":"product_tag","embeddable":true,"href":"https:\/\/cool-style.md\/ro\/wp-json\/wp\/v2\/product_tag?post=7432"}],"curies":[{"name":"wp","href":"https:\/\/api.w.org\/{rel}","templated":true}]}}