{"id":7447,"date":"2026-01-08T20:23:02","date_gmt":"2026-01-08T20:23:02","guid":{"rendered":"https:\/\/cool-style.md\/?post_type=product&#038;p=7447"},"modified":"2026-01-08T20:26:44","modified_gmt":"2026-01-08T20:26:44","slug":"nishman-spider-wax-s4-argan","status":"publish","type":"product","link":"https:\/\/cool-style.md\/ro\/product\/nishman-spider-wax-s4-argan\/","title":{"rendered":"Cear\u0103 pentru p\u0103r cu efect de p\u00e2nz\u0103 Nishman Spider Wax S4 Argan 150ml"},"content":{"rendered":"<h2><span style=\"font-size: 75%;\">Cear\u0103 pentru p\u0103r cu efect de p\u00e2nz\u0103 Nishman Spider Wax S4 Argan <\/span><\/h2>\n<ul>\n<li data-start=\"2244\" data-end=\"2289\">Fixare puternic\u0103 \u0219i control asupra stilului;<\/li>\n<li data-start=\"2292\" data-end=\"2332\">Eviden\u021biaz\u0103 textura \u0219i separ\u0103 \u0219uvi\u021bele;<\/li>\n<li data-start=\"2335\" data-end=\"2388\">\u00cembog\u0103\u021bit\u0103 cu ulei de argan pentru hr\u0103nire \u0219i luciu;<\/li>\n<li data-start=\"2391\" data-end=\"2423\">Nu \u00eenc\u0103rc\u0103 \u0219i nu lipe\u0219te p\u0103rul;<\/li>\n<li data-start=\"2426\" data-end=\"2471\">Potrivit\u0103 pentru uz profesional \u0219i personal.<\/li>\n<\/ul>\n<p><a href=\"https:\/\/cool-style.md\/wp-content\/uploads\/2026\/01\/Cool-style.md-Nishman-Spider-Wax-S4-Argan-150ml-.jpg\"><img decoding=\"async\" class=\"wp-image-7448 alignleft\" src=\"https:\/\/cool-style.md\/wp-content\/uploads\/2026\/01\/Cool-style.md-Nishman-Spider-Wax-S4-Argan-150ml--400x400.jpg\" alt=\"Cool-style.md Nishman Spider Wax S4 Argan 150ml\" width=\"271\" height=\"271\" srcset=\"https:\/\/cool-style.md\/wp-content\/uploads\/2026\/01\/Cool-style.md-Nishman-Spider-Wax-S4-Argan-150ml--400x400.jpg 400w, https:\/\/cool-style.md\/wp-content\/uploads\/2026\/01\/Cool-style.md-Nishman-Spider-Wax-S4-Argan-150ml--800x800.jpg 800w, https:\/\/cool-style.md\/wp-content\/uploads\/2026\/01\/Cool-style.md-Nishman-Spider-Wax-S4-Argan-150ml--280x280.jpg 280w, https:\/\/cool-style.md\/wp-content\/uploads\/2026\/01\/Cool-style.md-Nishman-Spider-Wax-S4-Argan-150ml--768x768.jpg 768w, https:\/\/cool-style.md\/wp-content\/uploads\/2026\/01\/Cool-style.md-Nishman-Spider-Wax-S4-Argan-150ml--300x300.jpg 300w, https:\/\/cool-style.md\/wp-content\/uploads\/2026\/01\/Cool-style.md-Nishman-Spider-Wax-S4-Argan-150ml--510x510.jpg 510w, https:\/\/cool-style.md\/wp-content\/uploads\/2026\/01\/Cool-style.md-Nishman-Spider-Wax-S4-Argan-150ml--100x100.jpg 100w, https:\/\/cool-style.md\/wp-content\/uploads\/2026\/01\/Cool-style.md-Nishman-Spider-Wax-S4-Argan-150ml-.jpg 1500w\" sizes=\"(max-width: 271px) 100vw, 271px\" \/><\/a>Cear\u0103 <a href=\"https:\/\/nishman.com.tr\/\" target=\"_blank\" rel=\"noopener\">Nishman<\/a> este o cear\u0103 de coafare de \u00eenalt\u0103 calitate, \u00een form\u0103 \u201espider\u201d, \u00eembog\u0103\u021bit\u0103 cu ulei de argan pentru hr\u0103nirea p\u0103rului \u0219i fixare intens\u0103. Formula ofer\u0103 textur\u0103 definit\u0103, separare clar\u0103 a \u0219uvi\u021belor \u0219i fixare durabil\u0103 f\u0103r\u0103 lipire.<\/p>\n<p data-start=\"2054\" data-end=\"2224\">Uleiul de argan confer\u0103 p\u0103rului netezime, hidratare \u0219i un luciu suplimentar, protej\u00e2nd \u00een acela\u0219i timp \u00eempotriva usc\u0103rii. Perfect\u0103 pentru coafuri creative \u0219i structurate. Potrivit <a href=\"https:\/\/cool-style.md\/ro\/product-category\/cosmetice-barbati\/coafarea-barbati\/\">pentru toate tipurile de p\u0103r<\/a>, este posibil\u0103 utilizarea zilnic\u0103.<\/p>\n<p><strong>Fixare:<\/strong> tare<\/p>\n<p><strong>Volum:<\/strong> 150 ml<\/p>\n<p><strong>Mod de utilizare:<\/strong> Freca\u021bi o cantitate mic\u0103 de cear\u0103 \u00eentre palme. Aplica\u021bi uniform pe p\u0103rul curat \u0219i umed \u0219i crea\u021bi forma dorit\u0103.<\/p>\n<p><strong>Aten\u021bie:<\/strong> numai pentru uz extern. \u00cen caz de contact cu ochii, cl\u0103ti\u021bi cu mult\u0103 ap\u0103. A nu se lasa la indemana copiilor.<\/p>","protected":false},"excerpt":{"rendered":"<p><span style=\"font-size: 100%;\">Nishman Spider Wax S4 Argan ofer\u0103 fixare puternic\u0103, textur\u0103 definit\u0103 \u0219i hr\u0103nire cu ulei de argan, \u00eentr-un parfum delicat.<\/span><span style=\"font-size: 100%;\"><\/span><\/p>\n","protected":false},"featured_media":7449,"template":"","meta":[],"product_brand":[],"product_cat":[30],"product_tag":[],"class_list":{"0":"post-7447","1":"product","2":"type-product","3":"status-publish","4":"has-post-thumbnail","6":"product_cat-coafarea-barbati","7":"pa_brand-nishman","8":"pa_felul-produsului-tip-ceara","9":"pa_fixare-puternica","10":"pa_producator-turcia","11":"pa_volum-150ml","13":"first","14":"instock","15":"featured","16":"shipping-taxable","17":"purchasable","18":"product-type-simple"},"_links":{"self":[{"href":"https:\/\/cool-style.md\/ro\/wp-json\/wp\/v2\/product\/7447","targetHints":{"allow":["GET"]}}],"collection":[{"href":"https:\/\/cool-style.md\/ro\/wp-json\/wp\/v2\/product"}],"about":[{"href":"https:\/\/cool-style.md\/ro\/wp-json\/wp\/v2\/types\/product"}],"wp:featuredmedia":[{"embeddable":true,"href":"https:\/\/cool-style.md\/ro\/wp-json\/wp\/v2\/media\/7449"}],"wp:attachment":[{"href":"https:\/\/cool-style.md\/ro\/wp-json\/wp\/v2\/media?parent=7447"}],"wp:term":[{"taxonomy":"product_brand","embeddable":true,"href":"https:\/\/cool-style.md\/ro\/wp-json\/wp\/v2\/product_brand?post=7447"},{"taxonomy":"product_cat","embeddable":true,"href":"https:\/\/cool-style.md\/ro\/wp-json\/wp\/v2\/product_cat?post=7447"},{"taxonomy":"product_tag","embeddable":true,"href":"https:\/\/cool-style.md\/ro\/wp-json\/wp\/v2\/product_tag?post=7447"}],"curies":[{"name":"wp","href":"https:\/\/api.w.org\/{rel}","templated":true}]}}