{"id":7487,"date":"2026-01-11T13:03:42","date_gmt":"2026-01-11T13:03:42","guid":{"rendered":"https:\/\/cool-style.md\/?post_type=product&#038;p=7487"},"modified":"2026-01-11T13:15:28","modified_gmt":"2026-01-11T13:15:28","slug":"nishman-aqua-hair-styling-matte-wax-m10","status":"publish","type":"product","link":"https:\/\/cool-style.md\/ro\/product\/nishman-aqua-hair-styling-matte-wax-m10\/","title":{"rendered":"Cear\u0103 mat\u0103 pentru p\u0103r Nishman Aqua Hair Styling Matte Wax M10 150ml"},"content":{"rendered":"<h2><span style=\"font-size: 75%;\">Cear\u0103 mat\u0103 pentru p\u0103r Nishman Aqua Hair Styling Matte Wax M10<\/span><\/h2>\n<ul>\n<li data-start=\"2142\" data-end=\"2183\">Finish mat \u2014 coafuri moderne f\u0103r\u0103 luciu;<\/li>\n<li data-start=\"2186\" data-end=\"2213\">Fixare sigur\u0103 \u0219i durabil\u0103;<\/li>\n<li data-start=\"2216\" data-end=\"2264\">Textur\u0103 u\u0219oar\u0103 pe baz\u0103 de ap\u0103 \u2014 f\u0103r\u0103 \u00eenc\u0103rcare;<\/li>\n<li data-start=\"2267\" data-end=\"2318\">Potrivit\u0103 pentru stiluri texturate \u0219i structurate;<\/li>\n<li data-start=\"2321\" data-end=\"2361\">Ideal\u0103 pentru uz profesional \u0219i personal.<\/li>\n<\/ul>\n<p><span style=\"font-size: 100%;\"><a href=\"https:\/\/cool-style.md\/wp-content\/uploads\/2026\/01\/Cool-style.md-Nishman-Aqua-Hair-Styling-Matte-Wax-M10.jpg\"><img decoding=\"async\" class=\"wp-image-7488 alignleft\" src=\"https:\/\/cool-style.md\/wp-content\/uploads\/2026\/01\/Cool-style.md-Nishman-Aqua-Hair-Styling-Matte-Wax-M10-400x400.jpg\" alt=\"Cool-style.md Nishman Aqua Hair Styling Matte Wax M10\" width=\"244\" height=\"244\" srcset=\"https:\/\/cool-style.md\/wp-content\/uploads\/2026\/01\/Cool-style.md-Nishman-Aqua-Hair-Styling-Matte-Wax-M10-400x400.jpg 400w, https:\/\/cool-style.md\/wp-content\/uploads\/2026\/01\/Cool-style.md-Nishman-Aqua-Hair-Styling-Matte-Wax-M10-800x800.jpg 800w, https:\/\/cool-style.md\/wp-content\/uploads\/2026\/01\/Cool-style.md-Nishman-Aqua-Hair-Styling-Matte-Wax-M10-280x280.jpg 280w, https:\/\/cool-style.md\/wp-content\/uploads\/2026\/01\/Cool-style.md-Nishman-Aqua-Hair-Styling-Matte-Wax-M10-768x768.jpg 768w, https:\/\/cool-style.md\/wp-content\/uploads\/2026\/01\/Cool-style.md-Nishman-Aqua-Hair-Styling-Matte-Wax-M10-300x300.jpg 300w, https:\/\/cool-style.md\/wp-content\/uploads\/2026\/01\/Cool-style.md-Nishman-Aqua-Hair-Styling-Matte-Wax-M10-510x510.jpg 510w, https:\/\/cool-style.md\/wp-content\/uploads\/2026\/01\/Cool-style.md-Nishman-Aqua-Hair-Styling-Matte-Wax-M10-100x100.jpg 100w, https:\/\/cool-style.md\/wp-content\/uploads\/2026\/01\/Cool-style.md-Nishman-Aqua-Hair-Styling-Matte-Wax-M10.jpg 894w\" sizes=\"(max-width: 244px) 100vw, 244px\" \/><\/a>Cear\u0103 <a href=\"https:\/\/nishman.com.tr\/\" target=\"_blank\" rel=\"noopener\">Nishman<\/a> <\/span>este o cear\u0103 profesional\u0103 pe baz\u0103 de ap\u0103, cu efect mat \u0219i fixare fiabil\u0103, creat\u0103 pentru coafuri moderne, structurate, f\u0103r\u0103 luciu. Ofer\u0103 textur\u0103 pronun\u021bat\u0103, volum la r\u0103d\u0103cin\u0103 \u0219i modelare controlat\u0103, p\u0103str\u00e2nd p\u0103rul u\u0219or \u0219i flexibil.<\/p>\n<p data-start=\"2042\" data-end=\"2122\">Se distribuie u\u0219or, nu lipe\u0219te \u0219i permite ajustarea coafurii pe parcursul zilei. <span style=\"font-size: 100%;\">Potrivit <a href=\"https:\/\/cool-style.md\/ro\/product-category\/cosmetice-barbati\/coafarea-barbati\/\">pentru toate tipurile de p\u0103r<\/a>.<\/span><\/p>\n<p><span style=\"font-size: 100%;\"><strong>Fixare:<\/strong>\u00a0tare<\/span><\/p>\n<p><span style=\"font-size: 100%;\"><strong>Volum:<\/strong> 150 ml<\/span><\/p>\n<p><span style=\"font-size: 100%;\"><strong>Mod de utilizare:<\/strong> Freca\u021bi o cantitate mic\u0103 de cear\u0103 \u00eentre palme. Aplica\u021bi uniform pe p\u0103rul curat \u0219i umed \u0219i crea\u021bi forma dorit\u0103.<\/span><\/p>\n<p><span style=\"font-size: 100%;\"><strong>Aten\u021bie:<\/strong> numai pentru uz extern. \u00cen caz de contact cu ochii, cl\u0103ti\u021bi cu mult\u0103 ap\u0103. A nu se lasa la indemana copiilor.<\/span><\/p>","protected":false},"excerpt":{"rendered":"<p><span style=\"font-size: 100%;\">Nishman Aqua Hair Styling Matte Wax M10 ofer\u0103 finish mat, fixare fiabil\u0103 \u0219i textur\u0103, f\u0103r\u0103 a \u00eenc\u0103rca p\u0103rul.<\/span><span style=\"font-size: 100%;\"><\/span><\/p>\n","protected":false},"featured_media":7489,"template":"","meta":[],"product_brand":[],"product_cat":[30],"product_tag":[],"class_list":{"0":"post-7487","1":"product","2":"type-product","3":"status-publish","4":"has-post-thumbnail","6":"product_cat-coafarea-barbati","7":"pa_brand-nishman","8":"pa_felul-produsului-tip-ceara","9":"pa_fixare-puternica","10":"pa_producator-turcia","11":"pa_volum-150ml","13":"first","14":"instock","15":"featured","16":"shipping-taxable","17":"purchasable","18":"product-type-simple"},"_links":{"self":[{"href":"https:\/\/cool-style.md\/ro\/wp-json\/wp\/v2\/product\/7487","targetHints":{"allow":["GET"]}}],"collection":[{"href":"https:\/\/cool-style.md\/ro\/wp-json\/wp\/v2\/product"}],"about":[{"href":"https:\/\/cool-style.md\/ro\/wp-json\/wp\/v2\/types\/product"}],"wp:featuredmedia":[{"embeddable":true,"href":"https:\/\/cool-style.md\/ro\/wp-json\/wp\/v2\/media\/7489"}],"wp:attachment":[{"href":"https:\/\/cool-style.md\/ro\/wp-json\/wp\/v2\/media?parent=7487"}],"wp:term":[{"taxonomy":"product_brand","embeddable":true,"href":"https:\/\/cool-style.md\/ro\/wp-json\/wp\/v2\/product_brand?post=7487"},{"taxonomy":"product_cat","embeddable":true,"href":"https:\/\/cool-style.md\/ro\/wp-json\/wp\/v2\/product_cat?post=7487"},{"taxonomy":"product_tag","embeddable":true,"href":"https:\/\/cool-style.md\/ro\/wp-json\/wp\/v2\/product_tag?post=7487"}],"curies":[{"name":"wp","href":"https:\/\/api.w.org\/{rel}","templated":true}]}}