{"id":7492,"date":"2026-01-11T13:16:20","date_gmt":"2026-01-11T13:16:20","guid":{"rendered":"https:\/\/cool-style.md\/?post_type=product&#038;p=7492"},"modified":"2026-01-11T13:20:11","modified_gmt":"2026-01-11T13:20:11","slug":"nishman-aqua-hair-styling-matte-wax-m12","status":"publish","type":"product","link":"https:\/\/cool-style.md\/ro\/product\/nishman-aqua-hair-styling-matte-wax-m12\/","title":{"rendered":"Cear\u0103 mat\u0103 pentru p\u0103r Nishman Aqua Hair Styling Matte Wax M12 100ml"},"content":{"rendered":"<h2><span style=\"font-size: 75%;\">Cear\u0103 mat\u0103 pentru p\u0103r Nishman Pliable Matte M9 Strong Fixing<\/span><\/h2>\n<ul>\n<li data-start=\"2256\" data-end=\"2298\">Finish mat \u2014 look modern f\u0103r\u0103 str\u0103lucire;<\/li>\n<li data-start=\"2301\" data-end=\"2359\">Fixare medie spre puternic\u0103 \u2014 control fiabil al coafurii;<\/li>\n<li data-start=\"2362\" data-end=\"2393\">Textur\u0103 u\u0219oar\u0103 pe baz\u0103 de ap\u0103;<\/li>\n<li data-start=\"2396\" data-end=\"2428\">Eviden\u021biaz\u0103 textura \u0219i volumul;<\/li>\n<li data-start=\"2431\" data-end=\"2474\">Potrivit pentru coafuri moderne \u0219i urbane.<\/li>\n<\/ul>\n<p><span style=\"font-size: 100%;\"><a href=\"https:\/\/cool-style.md\/wp-content\/uploads\/2026\/01\/Cool-style.md-Nishman-Aqua-Hair-Styling-Matte-Wax-M12-.jpg\"><img decoding=\"async\" class=\"wp-image-7493 alignleft\" src=\"https:\/\/cool-style.md\/wp-content\/uploads\/2026\/01\/Cool-style.md-Nishman-Aqua-Hair-Styling-Matte-Wax-M12--274x400.jpg\" alt=\"Cool-style.md Nishman Aqua Hair Styling Matte Wax M12\" width=\"196\" height=\"286\" srcset=\"https:\/\/cool-style.md\/wp-content\/uploads\/2026\/01\/Cool-style.md-Nishman-Aqua-Hair-Styling-Matte-Wax-M12--274x400.jpg 274w, https:\/\/cool-style.md\/wp-content\/uploads\/2026\/01\/Cool-style.md-Nishman-Aqua-Hair-Styling-Matte-Wax-M12-.jpg 463w\" sizes=\"(max-width: 196px) 100vw, 196px\" \/><\/a>Cear\u0103 <a href=\"https:\/\/nishman.com.tr\/\" target=\"_blank\" rel=\"noopener\">Nishman<\/a> <\/span>este o cear\u0103 profesional\u0103 pe baz\u0103 de ap\u0103, cu finish mat \u0219i <strong data-start=\"1963\" data-end=\"1994\">fixare medie spre puternic\u0103<\/strong>, ideal\u0103 pentru coafuri structurate, definite \u0219i cu aspect natural, f\u0103r\u0103 luciu. Ofer\u0103 control asupra formei \u0219i texturii p\u0103rului, men\u021bin\u00e2ndu-l u\u0219or \u0219i flexibil.<\/p>\n<p data-start=\"2155\" data-end=\"2236\">Produsul se aplic\u0103 u\u0219or, nu lipe\u0219te firele \u0219i ofer\u0103 un aspect modern \u0219i \u00eengrijit. <span style=\"font-size: 100%;\">Potrivit <a href=\"https:\/\/cool-style.md\/ro\/product-category\/cosmetice-barbati\/coafarea-barbati\/\">pentru toate tipurile de p\u0103r<\/a>.<\/span><\/p>\n<p><span style=\"font-size: 100%;\"><strong>Fixare:<\/strong> tare<\/span><\/p>\n<p><span style=\"font-size: 100%;\"><strong>Volum:<\/strong> 100 ml<\/span><\/p>\n<p><span style=\"font-size: 100%;\"><strong>Mod de utilizare:<\/strong> Freca\u021bi o cantitate mic\u0103 de cear\u0103 \u00eentre palme. Aplica\u021bi uniform pe p\u0103rul curat \u0219i umed \u0219i crea\u021bi forma dorit\u0103.<\/span><\/p>\n<p><span style=\"font-size: 100%;\"><strong>Aten\u021bie:<\/strong> numai pentru uz extern. \u00cen caz de contact cu ochii, cl\u0103ti\u021bi cu mult\u0103 ap\u0103. A nu se lasa la indemana copiilor.<\/span><\/p>","protected":false},"excerpt":{"rendered":"<p><span style=\"font-size: 100%;\">Nishman Aqua Hair Styling Matte Wax M12 &#8211; cear\u0103 cu efect mat \u0219i fixare medie-puternic\u0103 pentru textur\u0103 definit\u0103 \u0219i styling controlat.<\/span><span style=\"font-size: 100%;\"><\/span><\/p>\n","protected":false},"featured_media":7494,"template":"","meta":[],"product_brand":[],"product_cat":[30],"product_tag":[],"class_list":{"0":"post-7492","1":"product","2":"type-product","3":"status-publish","4":"has-post-thumbnail","6":"product_cat-coafarea-barbati","7":"pa_brand-nishman","8":"pa_felul-produsului-tip-ceara","9":"pa_fixare-puternica","10":"pa_producator-turcia","11":"pa_volum-100ml","13":"first","14":"instock","15":"featured","16":"shipping-taxable","17":"purchasable","18":"product-type-simple"},"_links":{"self":[{"href":"https:\/\/cool-style.md\/ro\/wp-json\/wp\/v2\/product\/7492","targetHints":{"allow":["GET"]}}],"collection":[{"href":"https:\/\/cool-style.md\/ro\/wp-json\/wp\/v2\/product"}],"about":[{"href":"https:\/\/cool-style.md\/ro\/wp-json\/wp\/v2\/types\/product"}],"wp:featuredmedia":[{"embeddable":true,"href":"https:\/\/cool-style.md\/ro\/wp-json\/wp\/v2\/media\/7494"}],"wp:attachment":[{"href":"https:\/\/cool-style.md\/ro\/wp-json\/wp\/v2\/media?parent=7492"}],"wp:term":[{"taxonomy":"product_brand","embeddable":true,"href":"https:\/\/cool-style.md\/ro\/wp-json\/wp\/v2\/product_brand?post=7492"},{"taxonomy":"product_cat","embeddable":true,"href":"https:\/\/cool-style.md\/ro\/wp-json\/wp\/v2\/product_cat?post=7492"},{"taxonomy":"product_tag","embeddable":true,"href":"https:\/\/cool-style.md\/ro\/wp-json\/wp\/v2\/product_tag?post=7492"}],"curies":[{"name":"wp","href":"https:\/\/api.w.org\/{rel}","templated":true}]}}