{"id":7495,"date":"2026-01-11T13:21:32","date_gmt":"2026-01-11T13:21:32","guid":{"rendered":"https:\/\/cool-style.md\/?post_type=product&#038;p=7495"},"modified":"2026-01-11T13:26:08","modified_gmt":"2026-01-11T13:26:08","slug":"nishman-hair-styling-fibre-paste-pomade-f2","status":"publish","type":"product","link":"https:\/\/cool-style.md\/ro\/product\/nishman-hair-styling-fibre-paste-pomade-f2\/","title":{"rendered":"Crem\u0103 mat\u0103 pentru p\u0103r Nishman Hair Styling Fibre Paste Pomade F2 100ml"},"content":{"rendered":"<h2><span style=\"font-size: 75%;\">Crem\u0103 mat\u0103 pentru p\u0103r Nishman Hair Styling Fibre Paste Pomade F2<\/span><\/h2>\n<ul>\n<li data-start=\"2440\" data-end=\"2484\">Fixare medie-puternic\u0103 cu control flexibil;<\/li>\n<li data-start=\"2487\" data-end=\"2516\">Textur\u0103 \u0219i volum accentuate;<\/li>\n<li data-start=\"2519\" data-end=\"2551\">Nu lipe\u0219te \u0219i nu \u00eencarc\u0103 p\u0103rul;<\/li>\n<li data-start=\"2554\" data-end=\"2610\">Posibilitate de ajustare a coafurii pe parcursul zilei;<\/li>\n<li data-start=\"2613\" data-end=\"2661\">Perfect\u0103 pentru coafuri structurate \u0219i moderne.<\/li>\n<\/ul>\n<p><a href=\"https:\/\/cool-style.md\/wp-content\/uploads\/2026\/01\/Cool-style.md-Nishman-Hair-Styling-Fibre-Paste-Pomade-F2.jpg\"><img decoding=\"async\" class=\"wp-image-7496 alignleft\" src=\"https:\/\/cool-style.md\/wp-content\/uploads\/2026\/01\/Cool-style.md-Nishman-Hair-Styling-Fibre-Paste-Pomade-F2-400x400.jpg\" alt=\"Cool-style.md Nishman Hair Styling Fibre Paste Pomade F2\" width=\"248\" height=\"248\" srcset=\"https:\/\/cool-style.md\/wp-content\/uploads\/2026\/01\/Cool-style.md-Nishman-Hair-Styling-Fibre-Paste-Pomade-F2-400x400.jpg 400w, https:\/\/cool-style.md\/wp-content\/uploads\/2026\/01\/Cool-style.md-Nishman-Hair-Styling-Fibre-Paste-Pomade-F2-800x800.jpg 800w, https:\/\/cool-style.md\/wp-content\/uploads\/2026\/01\/Cool-style.md-Nishman-Hair-Styling-Fibre-Paste-Pomade-F2-280x280.jpg 280w, https:\/\/cool-style.md\/wp-content\/uploads\/2026\/01\/Cool-style.md-Nishman-Hair-Styling-Fibre-Paste-Pomade-F2-768x768.jpg 768w, https:\/\/cool-style.md\/wp-content\/uploads\/2026\/01\/Cool-style.md-Nishman-Hair-Styling-Fibre-Paste-Pomade-F2-300x300.jpg 300w, https:\/\/cool-style.md\/wp-content\/uploads\/2026\/01\/Cool-style.md-Nishman-Hair-Styling-Fibre-Paste-Pomade-F2-510x510.jpg 510w, https:\/\/cool-style.md\/wp-content\/uploads\/2026\/01\/Cool-style.md-Nishman-Hair-Styling-Fibre-Paste-Pomade-F2-100x100.jpg 100w, https:\/\/cool-style.md\/wp-content\/uploads\/2026\/01\/Cool-style.md-Nishman-Hair-Styling-Fibre-Paste-Pomade-F2.jpg 1500w\" sizes=\"(max-width: 248px) 100vw, 248px\" \/><\/a>Cear\u0103 <a href=\"https:\/\/nishman.com.tr\/\" target=\"_blank\" rel=\"noopener\">Nishman<\/a> este o past\u0103-pomad\u0103 profesional\u0103 cu fibr\u0103, ce ofer\u0103 textur\u0103, control flexibil \u0219i fixare sigur\u0103 f\u0103r\u0103 lipire. Produsul este ideal pentru coafuri moderne structurate, cu textur\u0103 definit\u0103 \u0219i un finish natural, fie mat, fie u\u0219or str\u0103lucitor \u00een func\u021bie de aplicare.<\/p>\n<p data-start=\"2299\" data-end=\"2420\">Formula fiberoas\u0103 confer\u0103 densitate \u0219i volum, ajut\u00e2nd la modelarea stilurilor complexe pentru un look dinamic \u0219i ordonat. Potrivit <a href=\"https:\/\/cool-style.md\/ro\/product-category\/cosmetice-barbati\/coafarea-barbati\/\">pentru toate tipurile de p\u0103r<\/a><\/p>\n<p><strong>Fixare:<\/strong> tare<\/p>\n<p><strong>Volum:<\/strong> 100 ml<\/p>\n<p><strong>Mod de utilizare:<\/strong> Freca\u021bi o cantitate mic\u0103 de cear\u0103 \u00eentre palme. Aplica\u021bi uniform pe p\u0103rul curat \u0219i umed \u0219i crea\u021bi forma dorit\u0103.<\/p>\n<p><strong>Aten\u021bie:<\/strong> numai pentru uz extern. \u00cen caz de contact cu ochii, cl\u0103ti\u021bi cu mult\u0103 ap\u0103. A nu se lasa la indemana copiilor.<\/p>","protected":false},"excerpt":{"rendered":"<p><span style=\"font-size: 100%;\">Nishman Hair Styling Fibre Paste Pomade F2 ofer\u0103 textur\u0103 definit\u0103, fixare mediu-puternic\u0103 \u0219i volum pentru coafuri moderne f\u0103r\u0103 lipire.<\/span><span style=\"font-size: 100%;\"><\/span><\/p>\n","protected":false},"featured_media":7497,"template":"","meta":[],"product_brand":[],"product_cat":[30],"product_tag":[],"class_list":{"0":"post-7495","1":"product","2":"type-product","3":"status-publish","4":"has-post-thumbnail","6":"product_cat-coafarea-barbati","7":"pa_brand-nishman","8":"pa_felul-produsului-tip-ceara","9":"pa_fixare-puternica","10":"pa_producator-turcia","11":"pa_volum-100ml","13":"first","14":"instock","15":"featured","16":"shipping-taxable","17":"purchasable","18":"product-type-simple"},"_links":{"self":[{"href":"https:\/\/cool-style.md\/ro\/wp-json\/wp\/v2\/product\/7495","targetHints":{"allow":["GET"]}}],"collection":[{"href":"https:\/\/cool-style.md\/ro\/wp-json\/wp\/v2\/product"}],"about":[{"href":"https:\/\/cool-style.md\/ro\/wp-json\/wp\/v2\/types\/product"}],"wp:featuredmedia":[{"embeddable":true,"href":"https:\/\/cool-style.md\/ro\/wp-json\/wp\/v2\/media\/7497"}],"wp:attachment":[{"href":"https:\/\/cool-style.md\/ro\/wp-json\/wp\/v2\/media?parent=7495"}],"wp:term":[{"taxonomy":"product_brand","embeddable":true,"href":"https:\/\/cool-style.md\/ro\/wp-json\/wp\/v2\/product_brand?post=7495"},{"taxonomy":"product_cat","embeddable":true,"href":"https:\/\/cool-style.md\/ro\/wp-json\/wp\/v2\/product_cat?post=7495"},{"taxonomy":"product_tag","embeddable":true,"href":"https:\/\/cool-style.md\/ro\/wp-json\/wp\/v2\/product_tag?post=7495"}],"curies":[{"name":"wp","href":"https:\/\/api.w.org\/{rel}","templated":true}]}}