{"id":7512,"date":"2026-01-11T18:53:41","date_gmt":"2026-01-11T18:53:41","guid":{"rendered":"https:\/\/cool-style.md\/?post_type=product&#038;p=7512"},"modified":"2026-01-11T18:58:33","modified_gmt":"2026-01-11T18:58:33","slug":"nishman-hair-shampoo-anti-hairloss","status":"publish","type":"product","link":"https:\/\/cool-style.md\/ro\/product\/nishman-hair-shampoo-anti-hairloss\/","title":{"rendered":"\u0218ampon anti-c\u0103dere a p\u0103rului Nishman Hair Shampoo Anti-Hairloss 480ml"},"content":{"rendered":"<h2><span style=\"font-size: 75%;\">\u0218ampon anti-c\u0103dere a p\u0103rului Nishman Hair Shampoo Anti-Hairloss<\/span><\/h2>\n<ul>\n<li data-start=\"2692\" data-end=\"2807\">Reduce c\u0103derea p\u0103rului \u0219i \u00eent\u0103re\u0219te firele de la r\u0103d\u0103cini p\u00e2n\u0103 la v\u00e2rfuri;<\/li>\n<li data-start=\"2810\" data-end=\"2892\">Stimuleaz\u0103 cre\u0219terea s\u0103n\u0103toas\u0103 a p\u0103rului;<\/li>\n<li data-start=\"2895\" data-end=\"2983\">Hr\u0103ne\u0219te \u0219i repar\u0103 p\u0103rul fragil sau deteriorat;<\/li>\n<li data-start=\"2986\" data-end=\"3087\">Potrivit pentru cur\u0103\u021bare zilnic\u0103 a tuturor tipurilor de p\u0103r;<\/li>\n<li data-start=\"3090\" data-end=\"3165\">Confer\u0103 volum \u0219i vitalitate p\u0103rului.<\/li>\n<\/ul>\n<p><span style=\"font-size: 100%;\"><a href=\"https:\/\/cool-style.md\/wp-content\/uploads\/2026\/01\/Cool-style.md-NISHMAN-HAIR-SHAMPOO.jpg\"><img decoding=\"async\" class=\" wp-image-7511 alignleft\" src=\"https:\/\/cool-style.md\/wp-content\/uploads\/2026\/01\/Cool-style.md-NISHMAN-HAIR-SHAMPOO-244x400.jpg\" alt=\"Cool-style.md NISHMAN HAIR SHAMPOO\" width=\"217\" height=\"356\" srcset=\"https:\/\/cool-style.md\/wp-content\/uploads\/2026\/01\/Cool-style.md-NISHMAN-HAIR-SHAMPOO-244x400.jpg 244w, https:\/\/cool-style.md\/wp-content\/uploads\/2026\/01\/Cool-style.md-NISHMAN-HAIR-SHAMPOO.jpg 460w\" sizes=\"(max-width: 217px) 100vw, 217px\" \/><\/a><\/span>\u0218amponul <span style=\"font-size: 100%;\"><a href=\"https:\/\/nishman.com.tr\/\" target=\"_blank\" rel=\"noopener\">Nishman<\/a><\/span> este un \u0219ampon profesional conceput pentru a reduce c\u0103derea p\u0103rului \u0219i a sus\u021bine cre\u0219terea s\u0103n\u0103toas\u0103. Cur\u0103\u021b\u0103 delicat scalpul \u0219i p\u0103rul, \u00eent\u0103re\u0219te r\u0103d\u0103cinile \u0219i hr\u0103ne\u0219te fibra capilar\u0103, conferind p\u0103rului un aspect mai dens \u0219i mai puternic. Produsul este potrivit <a href=\"https:\/\/cool-style.md\/ro\/cosmetice-barbati\/ingrijirea-par-barbati\/\">toate tipurile de p\u0103r<\/a>, precum \u0219i pentru uz zilnic.<\/p>\n<p><strong>Volum:<\/strong> 480 ml<\/p>\n<p><strong>Mod de utilizare:<\/strong> Aplica\u021bi cantitatea necesar\u0103 de \u0219ampon pe p\u0103rul umed. Maseaz\u0103-\u021bi p\u0103rul p\u00e2n\u0103 se formeaz\u0103 o spum\u0103 groas\u0103, apoi cl\u0103te\u0219te-te cu ap\u0103 cald\u0103. Repeta\u021bi procesul dup\u0103 cum este necesar.<\/p>\n<p><span style=\"font-size: 100%;\"><strong>Aten\u021bie:<\/strong> numai pentru uz extern. \u00cen caz de contact cu ochii, cl\u0103ti\u021bi cu mult\u0103 ap\u0103. A nu se lasa la indemana copiilor.<\/span><\/p>","protected":false},"excerpt":{"rendered":"<p><span style=\"font-size: 100%;\">Nishman Hair Shampoo Anti-Hairloss reduce c\u0103derea p\u0103rului, \u00eent\u0103re\u0219te r\u0103d\u0103cinile \u0219i stimuleaz\u0103 cre\u0219terea pentru un p\u0103r mai s\u0103n\u0103tos \u0219i puternic.<\/span><span style=\"font-size: 100%;\"><\/span><\/p>\n","protected":false},"featured_media":7513,"template":"","meta":[],"product_brand":[],"product_cat":[31],"product_tag":[],"class_list":{"0":"post-7512","1":"product","2":"type-product","3":"status-publish","4":"has-post-thumbnail","6":"product_cat-ingrijirea-par-barbati","7":"pa_brand-nishman","8":"pa_felul-produsului-tip-sampon","9":"pa_producator-turcia","10":"pa_volum-480ml","12":"first","13":"instock","14":"featured","15":"shipping-taxable","16":"purchasable","17":"product-type-simple"},"_links":{"self":[{"href":"https:\/\/cool-style.md\/ro\/wp-json\/wp\/v2\/product\/7512","targetHints":{"allow":["GET"]}}],"collection":[{"href":"https:\/\/cool-style.md\/ro\/wp-json\/wp\/v2\/product"}],"about":[{"href":"https:\/\/cool-style.md\/ro\/wp-json\/wp\/v2\/types\/product"}],"wp:featuredmedia":[{"embeddable":true,"href":"https:\/\/cool-style.md\/ro\/wp-json\/wp\/v2\/media\/7513"}],"wp:attachment":[{"href":"https:\/\/cool-style.md\/ro\/wp-json\/wp\/v2\/media?parent=7512"}],"wp:term":[{"taxonomy":"product_brand","embeddable":true,"href":"https:\/\/cool-style.md\/ro\/wp-json\/wp\/v2\/product_brand?post=7512"},{"taxonomy":"product_cat","embeddable":true,"href":"https:\/\/cool-style.md\/ro\/wp-json\/wp\/v2\/product_cat?post=7512"},{"taxonomy":"product_tag","embeddable":true,"href":"https:\/\/cool-style.md\/ro\/wp-json\/wp\/v2\/product_tag?post=7512"}],"curies":[{"name":"wp","href":"https:\/\/api.w.org\/{rel}","templated":true}]}}