{"id":7516,"date":"2026-01-11T19:07:04","date_gmt":"2026-01-11T19:07:04","guid":{"rendered":"https:\/\/cool-style.md\/?post_type=product&#038;p=7516"},"modified":"2026-01-11T19:25:47","modified_gmt":"2026-01-11T19:25:47","slug":"nishman-shaving-gel-5-energizing","status":"publish","type":"product","link":"https:\/\/cool-style.md\/ro\/product\/nishman-shaving-gel-5-energizing\/","title":{"rendered":"Gel pentru ras Nishman Shaving Gel 5 Energizing 1500ml"},"content":{"rendered":"<h2><span style=\"font-size: 75%;\">Gel pentru ras Nishman Shaving Gel 5 Energizing<\/span><\/h2>\n<ul>\n<li data-start=\"2725\" data-end=\"2852\">B\u0103rbierit confortabil f\u0103r\u0103 irita\u0163ii datorit\u0103 formulei transparente \u0219i non-spumoase.<\/li>\n<li data-start=\"2855\" data-end=\"2962\">Strat protector \u00eentre piele \u0219i lam\u0103 pentru siguran\u021b\u0103 sporit\u0103.<\/li>\n<li data-start=\"2965\" data-end=\"3053\">Hidratare intens\u0103 \u00een timpul b\u0103rbieritului.<\/li>\n<li data-start=\"3056\" data-end=\"3156\">Potrivit pentru toate tipurile de piele \u0219i p\u0103r facial.<\/li>\n<li data-start=\"3159\" data-end=\"3260\">Permite conturarea liniei b\u0103rbii \u015fi must\u0103\u0163ii cu precizie.<\/li>\n<\/ul>\n<p><a href=\"https:\/\/cool-style.md\/wp-content\/uploads\/2026\/01\/Cool-style.md-Nishman-Shaving-Gel-5-Energizing-1500ml-.png\"><img decoding=\"async\" class=\"wp-image-7518 alignleft\" src=\"https:\/\/cool-style.md\/wp-content\/uploads\/2026\/01\/Cool-style.md-Nishman-Shaving-Gel-5-Energizing-1500ml--400x400.png\" alt=\"Cool-style.md Nishman Shaving Gel 5 Energizing 1500ml\" width=\"300\" height=\"300\" srcset=\"https:\/\/cool-style.md\/wp-content\/uploads\/2026\/01\/Cool-style.md-Nishman-Shaving-Gel-5-Energizing-1500ml--400x400.png 400w, https:\/\/cool-style.md\/wp-content\/uploads\/2026\/01\/Cool-style.md-Nishman-Shaving-Gel-5-Energizing-1500ml--280x280.png 280w, https:\/\/cool-style.md\/wp-content\/uploads\/2026\/01\/Cool-style.md-Nishman-Shaving-Gel-5-Energizing-1500ml--300x300.png 300w, https:\/\/cool-style.md\/wp-content\/uploads\/2026\/01\/Cool-style.md-Nishman-Shaving-Gel-5-Energizing-1500ml--100x100.png 100w, https:\/\/cool-style.md\/wp-content\/uploads\/2026\/01\/Cool-style.md-Nishman-Shaving-Gel-5-Energizing-1500ml-.png 500w\" sizes=\"(max-width: 300px) 100vw, 300px\" \/><\/a>Gel <a href=\"https:\/\/cool-style.md\/ro\/cosmetice-barbati\/pentru-barbierit\/\">pentru ras<\/a> <a href=\"https:\/\/nishman.com.tr\/\" target=\"_blank\" rel=\"noopener\">Nishman<\/a> este un gel transparent energizant, care creeaz\u0103 o pelicul\u0103 protectoare \u00eentre lama aparatului \u0219i piele, pentru o b\u0103rbierire confortabil\u0103 \u0219i neted\u0103. Formula non-bule permite s\u0103 vezi exact unde ai trecut lama \u0219i \u00ee\u021bi ofer\u0103 control precis pentru conturarea b\u0103rbii sau must\u0103\u0163ii. Gelul reduce frecarea, previne t\u0103ieturile \u0219i irita\u021biile, hidrateaz\u0103 pielea \u0219i ofer\u0103 o senza\u021bie revigorant\u0103.<\/p>\n<p><strong>Volum:<\/strong> 1500 ml<\/p>\n<p><strong>Mod de utilizare:<\/strong> Aplica\u021bi gelul pe pielea umed\u0103 a fe\u021bei. Masa\u021bi u\u0219or, apoi b\u0103rbiere\u021bi. Cl\u0103ti\u021bi cu ap\u0103 cald\u0103.<\/p>\n<p><strong>Aten\u021bie:<\/strong> numai pentru uz extern. \u00cen caz de contact cu ochii, cl\u0103ti\u021bi cu mult\u0103 ap\u0103. A nu se lasa la indemana copiilor.<\/p>","protected":false},"excerpt":{"rendered":"<p><span style=\"font-size: 100%;\">Nishman Shaving Gel 5 Energizing asigur\u0103 o b\u0103rbierire neted\u0103 \u0219i confortabil\u0103, cu protec\u021bie pentru piele, hidratare \u0219i arom\u0103 proasp\u0103t\u0103.<\/span><span style=\"font-size: 100%;\"><\/span><\/p>\n","protected":false},"featured_media":7519,"template":"","meta":[],"product_brand":[],"product_cat":[34],"product_tag":[],"class_list":{"0":"post-7516","1":"product","2":"type-product","3":"status-publish","4":"has-post-thumbnail","6":"product_cat-pentru-barbierit","7":"pa_brand-nishman","8":"pa_felul-produsului-gel-de-ras","9":"pa_producator-turcia","10":"pa_volum-1500ml","12":"first","13":"instock","14":"featured","15":"shipping-taxable","16":"purchasable","17":"product-type-simple"},"_links":{"self":[{"href":"https:\/\/cool-style.md\/ro\/wp-json\/wp\/v2\/product\/7516","targetHints":{"allow":["GET"]}}],"collection":[{"href":"https:\/\/cool-style.md\/ro\/wp-json\/wp\/v2\/product"}],"about":[{"href":"https:\/\/cool-style.md\/ro\/wp-json\/wp\/v2\/types\/product"}],"wp:featuredmedia":[{"embeddable":true,"href":"https:\/\/cool-style.md\/ro\/wp-json\/wp\/v2\/media\/7519"}],"wp:attachment":[{"href":"https:\/\/cool-style.md\/ro\/wp-json\/wp\/v2\/media?parent=7516"}],"wp:term":[{"taxonomy":"product_brand","embeddable":true,"href":"https:\/\/cool-style.md\/ro\/wp-json\/wp\/v2\/product_brand?post=7516"},{"taxonomy":"product_cat","embeddable":true,"href":"https:\/\/cool-style.md\/ro\/wp-json\/wp\/v2\/product_cat?post=7516"},{"taxonomy":"product_tag","embeddable":true,"href":"https:\/\/cool-style.md\/ro\/wp-json\/wp\/v2\/product_tag?post=7516"}],"curies":[{"name":"wp","href":"https:\/\/api.w.org\/{rel}","templated":true}]}}