{"id":7520,"date":"2026-01-11T19:25:58","date_gmt":"2026-01-11T19:25:58","guid":{"rendered":"https:\/\/cool-style.md\/?post_type=product&#038;p=7520"},"modified":"2026-01-11T19:29:03","modified_gmt":"2026-01-11T19:29:03","slug":"nishman-shaving-gel-6-easy-shave","status":"publish","type":"product","link":"https:\/\/cool-style.md\/ro\/product\/nishman-shaving-gel-6-easy-shave\/","title":{"rendered":"Gel pentru ras Nishman Shaving Gel 6 Easy Shave 1500ml"},"content":{"rendered":"<h2><span style=\"font-size: 75%;\">Gel pentru ras Nishman Shaving Gel 6 Easy Shave<\/span><\/h2>\n<ul>\n<li data-start=\"2894\" data-end=\"2985\">Gel transparent pentru vizibilitate perfect\u0103.<\/li>\n<li data-start=\"2988\" data-end=\"3097\">Alunecare lin\u0103 a lamei \u2014 reduce riscul de irita\u021bii \u0219i t\u0103ieturi.<\/li>\n<li data-start=\"3100\" data-end=\"3187\">Hidratare profund\u0103 datorit\u0103 glicerinului.<\/li>\n<li data-start=\"3190\" data-end=\"3287\">\u00cenmoaie firele de p\u0103r \u2014 optimal pentru barb\u0103 dens\u0103.<\/li>\n<li data-start=\"3290\" data-end=\"3394\">Potrivit pentru toate tipurile de piele, inclusiv sensibil\u0103.<\/li>\n<\/ul>\n<p><a href=\"https:\/\/cool-style.md\/wp-content\/uploads\/2026\/01\/Cool-style.md-Nishman-Shaving-Gel-6-Easy-Shave-1500ml-.jpg\"><img decoding=\"async\" class=\"wp-image-7521 alignleft\" src=\"https:\/\/cool-style.md\/wp-content\/uploads\/2026\/01\/Cool-style.md-Nishman-Shaving-Gel-6-Easy-Shave-1500ml--400x400.jpg\" alt=\"Cool-style.md Nishman Shaving Gel 6 Easy Shave 1500ml\" width=\"300\" height=\"300\" srcset=\"https:\/\/cool-style.md\/wp-content\/uploads\/2026\/01\/Cool-style.md-Nishman-Shaving-Gel-6-Easy-Shave-1500ml--400x400.jpg 400w, https:\/\/cool-style.md\/wp-content\/uploads\/2026\/01\/Cool-style.md-Nishman-Shaving-Gel-6-Easy-Shave-1500ml--280x280.jpg 280w, https:\/\/cool-style.md\/wp-content\/uploads\/2026\/01\/Cool-style.md-Nishman-Shaving-Gel-6-Easy-Shave-1500ml--300x300.jpg 300w, https:\/\/cool-style.md\/wp-content\/uploads\/2026\/01\/Cool-style.md-Nishman-Shaving-Gel-6-Easy-Shave-1500ml--100x100.jpg 100w, https:\/\/cool-style.md\/wp-content\/uploads\/2026\/01\/Cool-style.md-Nishman-Shaving-Gel-6-Easy-Shave-1500ml-.jpg 500w\" sizes=\"(max-width: 300px) 100vw, 300px\" \/><\/a>Gel <a href=\"https:\/\/cool-style.md\/ro\/cosmetice-barbati\/pentru-barbierit\/\">pentru ras<\/a> <a href=\"https:\/\/nishman.com.tr\/\" target=\"_blank\" rel=\"noopener\">Nishman<\/a> este un gel profesional transparent pentru b\u0103rbierit confortabil \u0219i precis, potrivit at\u00e2t b\u0103rba\u021bilor, c\u00e2t \u0219i femeilor. Formula sa se \u00eentinde u\u0219or pe piele, creeaz\u0103 un strat protector \u00eentre lam\u0103 \u0219i piele, \u00eenmoaie firele de p\u0103r \u0219i asigur\u0103 o alunecare f\u0103r\u0103 efort a lamei. Transparen\u021ba gelului permite controlul exact al zonei de b\u0103rbierit, util mai ales la trasarea contururilor. Gelul <strong data-start=\"2768\" data-end=\"2785\">nu face spum\u0103<\/strong> \u0219i hidrateaz\u0103 intens pe parcursul b\u0103rbieritului.<\/p>\n<p><strong>Volum:<\/strong> 1500 ml<\/p>\n<p><strong>Mod de utilizare:<\/strong> Aplica\u021bi gelul pe pielea umed\u0103 a fe\u021bei. Masa\u021bi u\u0219or, apoi b\u0103rbiere\u021bi. Cl\u0103ti\u021bi cu ap\u0103 cald\u0103.<\/p>\n<p><strong>Aten\u021bie:<\/strong> numai pentru uz extern. \u00cen caz de contact cu ochii, cl\u0103ti\u021bi cu mult\u0103 ap\u0103. A nu se lasa la indemana copiilor.<\/p>","protected":false},"excerpt":{"rendered":"<p><span style=\"font-size: 100%;\">Nishman Shaving Gel 6 Easy Shave ofer\u0103 alunecare u\u0219oar\u0103, hidratare profund\u0103 \u0219i control precis al b\u0103rbieritului, f\u0103r\u0103 irita\u021bii.<\/span><span style=\"font-size: 100%;\"><\/span><\/p>\n","protected":false},"featured_media":7522,"template":"","meta":[],"product_brand":[],"product_cat":[34],"product_tag":[],"class_list":{"0":"post-7520","1":"product","2":"type-product","3":"status-publish","4":"has-post-thumbnail","6":"product_cat-pentru-barbierit","7":"pa_brand-nishman","8":"pa_felul-produsului-gel-de-ras","9":"pa_producator-turcia","10":"pa_volum-1500ml","12":"first","13":"instock","14":"featured","15":"shipping-taxable","16":"purchasable","17":"product-type-simple"},"_links":{"self":[{"href":"https:\/\/cool-style.md\/ro\/wp-json\/wp\/v2\/product\/7520","targetHints":{"allow":["GET"]}}],"collection":[{"href":"https:\/\/cool-style.md\/ro\/wp-json\/wp\/v2\/product"}],"about":[{"href":"https:\/\/cool-style.md\/ro\/wp-json\/wp\/v2\/types\/product"}],"wp:featuredmedia":[{"embeddable":true,"href":"https:\/\/cool-style.md\/ro\/wp-json\/wp\/v2\/media\/7522"}],"wp:attachment":[{"href":"https:\/\/cool-style.md\/ro\/wp-json\/wp\/v2\/media?parent=7520"}],"wp:term":[{"taxonomy":"product_brand","embeddable":true,"href":"https:\/\/cool-style.md\/ro\/wp-json\/wp\/v2\/product_brand?post=7520"},{"taxonomy":"product_cat","embeddable":true,"href":"https:\/\/cool-style.md\/ro\/wp-json\/wp\/v2\/product_cat?post=7520"},{"taxonomy":"product_tag","embeddable":true,"href":"https:\/\/cool-style.md\/ro\/wp-json\/wp\/v2\/product_tag?post=7520"}],"curies":[{"name":"wp","href":"https:\/\/api.w.org\/{rel}","templated":true}]}}