{"id":7528,"date":"2026-01-11T19:49:15","date_gmt":"2026-01-11T19:49:15","guid":{"rendered":"https:\/\/cool-style.md\/?post_type=product&#038;p=7528"},"modified":"2026-01-11T20:01:47","modified_gmt":"2026-01-11T20:01:47","slug":"nishman-milly-clutch-razor-holder-thick-black","status":"publish","type":"product","link":"https:\/\/cool-style.md\/ro\/product\/nishman-milly-clutch-razor-holder-thick-black\/","title":{"rendered":"Brici pentru barb\u0103 Nishman Milly Clutch Razor Holder Thick Black"},"content":{"rendered":"<h2 style=\"text-align: left;\">Brici pentru barb\u0103 Nishman Milly Clutch Razor Holder Thick Black<\/h2>\n<ul>\n<li data-start=\"3026\" data-end=\"3084\">Corp robust din o\u021bel inoxidabil gros \u2014 durabil \u0219i stabil;<\/li>\n<li data-start=\"3087\" data-end=\"3139\">M\u00e2ner ergonomic din r\u0103\u0219in\u0103 \u2014 prindere confortabil\u0103;<\/li>\n<li data-start=\"3142\" data-end=\"3199\">Mecanism rapid de schimbare a lamei \u2014 eficient \u0219i comod;<\/li>\n<li data-start=\"3202\" data-end=\"3258\">Design cu deschidere par\u021bial\u0103 pentru vizibilitate bun\u0103;<\/li>\n<li data-start=\"3261\" data-end=\"3319\">V\u00e2rfuri rotunjite pentru confort \u00een timpul b\u0103rbieritului;<\/li>\n<li data-start=\"3322\" data-end=\"3404\">Compatibil cu lame duble (nu sunt incluse).<\/li>\n<\/ul>\n<p><strong data-start=\"2589\" data-end=\"2620\"><a href=\"https:\/\/nishman.com.tr\/\" target=\"_blank\" rel=\"noopener\">Nishman<\/a> 104-SP22<\/strong> \u2013 este un este un <a href=\"https:\/\/cool-style.md\/ro\/accesorii\/\">suport<\/a> de \u00eenalt\u0103 calitate pentru lame duble proiectat at\u00e2t pentru barbieri profesioni\u0219ti, c\u00e2t \u0219i pentru utilizare acas\u0103. Combin\u0103 un corp robust din o\u021bel inoxidabil gros cu un m\u00e2ner ergonomic din r\u0103\u0219in\u0103 u\u0219oar\u0103 pentru control, confort \u0219i durabilitate superioare.<\/p>\n<p data-start=\"2772\" data-end=\"2995\">Mecanismul s\u0103u cu arc puternic faciliteaz\u0103 schimbarea rapid\u0103 a lamei, iar designul cu deschidere par\u021bial\u0103 ofer\u0103 vizibilitate clar\u0103 asupra zonei de b\u0103rbierit, sporind precizia.<\/p>\n<p data-start=\"3333\" data-end=\"3367\"><strong>Recomand\u0103ri de \u00eentre\u021binere:<\/strong><\/p>\n<ul>\n<li data-start=\"3370\" data-end=\"3446\">\u0218terge\u021bi suportul cu o c\u00e2rp\u0103 moale pentru a \u00eendep\u0103rta umezeala sau praful.<\/li>\n<li data-start=\"3449\" data-end=\"3511\">Evita\u021bi expunerea prelungit\u0103 la ap\u0103 pentru a p\u0103stra finisajul.<\/li>\n<\/ul>\n<p><span style=\"font-size: 100%;\"><\/span><\/p>","protected":false},"excerpt":{"rendered":"<p><span style=\"font-size: 100%;\">Nishman Milly Clutch Razor Holder Thick Black &#8211; suport ergonomic din o\u021bel inoxidabil pentru lame duble, cu prindere confortabil\u0103 \u0219i schimbare rapid\u0103 a lamei pentru b\u0103rbierit precis.<\/span><span style=\"font-size: 100%;\"><\/span><\/p>\n","protected":false},"featured_media":7529,"template":"","meta":[],"product_brand":[],"product_cat":[29,132],"product_tag":[],"class_list":{"0":"post-7528","1":"product","2":"type-product","3":"status-publish","4":"has-post-thumbnail","6":"product_cat-accesorii","7":"product_cat-diverse-accesorii","8":"pa_brand-nishman","9":"pa_felul-produsului-aparat-de-ras","10":"pa_producator-turcia","12":"first","13":"instock","14":"featured","15":"shipping-taxable","16":"purchasable","17":"product-type-simple"},"_links":{"self":[{"href":"https:\/\/cool-style.md\/ro\/wp-json\/wp\/v2\/product\/7528","targetHints":{"allow":["GET"]}}],"collection":[{"href":"https:\/\/cool-style.md\/ro\/wp-json\/wp\/v2\/product"}],"about":[{"href":"https:\/\/cool-style.md\/ro\/wp-json\/wp\/v2\/types\/product"}],"wp:featuredmedia":[{"embeddable":true,"href":"https:\/\/cool-style.md\/ro\/wp-json\/wp\/v2\/media\/7529"}],"wp:attachment":[{"href":"https:\/\/cool-style.md\/ro\/wp-json\/wp\/v2\/media?parent=7528"}],"wp:term":[{"taxonomy":"product_brand","embeddable":true,"href":"https:\/\/cool-style.md\/ro\/wp-json\/wp\/v2\/product_brand?post=7528"},{"taxonomy":"product_cat","embeddable":true,"href":"https:\/\/cool-style.md\/ro\/wp-json\/wp\/v2\/product_cat?post=7528"},{"taxonomy":"product_tag","embeddable":true,"href":"https:\/\/cool-style.md\/ro\/wp-json\/wp\/v2\/product_tag?post=7528"}],"curies":[{"name":"wp","href":"https:\/\/api.w.org\/{rel}","templated":true}]}}