{"id":7535,"date":"2026-01-11T20:22:55","date_gmt":"2026-01-11T20:22:55","guid":{"rendered":"https:\/\/cool-style.md\/?post_type=product&#038;p=7535"},"modified":"2026-01-11T20:27:24","modified_gmt":"2026-01-11T20:27:24","slug":"nishman-showerscrab-honey-peach","status":"publish","type":"product","link":"https:\/\/cool-style.md\/ro\/product\/nishman-showerscrab-honey-peach\/","title":{"rendered":"Gel de du\u0219 Nishman Shower&#038;Scrab Honey Peach 480ml"},"content":{"rendered":"<h2><span style=\"font-size: 75%;\">Gel de du\u0219 Nishman Shower&amp;Scrab Honey Peach<\/span><\/h2>\n<ul>\n<li data-start=\"2776\" data-end=\"2868\">Dublu efect: cur\u0103\u021bare delicat\u0103 + exfoliere u\u0219oar\u0103.<\/li>\n<li data-start=\"2871\" data-end=\"2956\">Particule fine care exfoliaz\u0103 f\u0103r\u0103 iritare.<\/li>\n<li data-start=\"2959\" data-end=\"3041\">Potrivit pentru toate tipurile de piele.<\/li>\n<li data-start=\"3044\" data-end=\"3129\">Ofer\u0103 senza\u021bia de piele moale \u0219i proasp\u0103t\u0103.<\/li>\n<li data-start=\"3132\" data-end=\"3207\">Arom\u0103 pl\u0103cut\u0103 de miere cu piersic\u0103.<\/li>\n<\/ul>\n<p><strong data-start=\"708\" data-end=\"737\"><a href=\"https:\/\/cool-style.md\/wp-content\/uploads\/2025\/06\/Cool-style.md-Nishman-Shower-Scrab.jpg\"><img decoding=\"async\" class=\" wp-image-7530 alignleft\" src=\"https:\/\/cool-style.md\/wp-content\/uploads\/2025\/06\/Cool-style.md-Nishman-Shower-Scrab-364x400.jpg\" alt=\"Cool-style.md Nishman Shower &amp; Scrab\" width=\"300\" height=\"330\" srcset=\"https:\/\/cool-style.md\/wp-content\/uploads\/2025\/06\/Cool-style.md-Nishman-Shower-Scrab-364x400.jpg 364w, https:\/\/cool-style.md\/wp-content\/uploads\/2025\/06\/Cool-style.md-Nishman-Shower-Scrab-510x560.jpg 510w, https:\/\/cool-style.md\/wp-content\/uploads\/2025\/06\/Cool-style.md-Nishman-Shower-Scrab.jpg 614w\" sizes=\"(max-width: 300px) 100vw, 300px\" \/><\/a><a href=\"https:\/\/nishman.com.tr\/\" target=\"_blank\" rel=\"noopener\">Nishman<\/a> gel-scrub\u00a0<\/strong>este un produs 2\u202f\u00een\u202f1 pentru du\u0219 care combin\u0103 un <a href=\"https:\/\/cool-style.md\/ro\/felul-produsului\/gel-de-dus\/\"><strong data-start=\"2257\" data-end=\"2288\">gel de cur\u0103\u021bare pentru corp<\/strong><\/a>\u00a0cu un <strong data-start=\"2295\" data-end=\"2347\">scrub delicat pentru exfolierea celulelor moarte<\/strong> ale pielii. Particulele fine de scrub las\u0103 pielea curat\u0103, neted\u0103 \u0219i catifelat\u0103, f\u0103r\u0103 senza\u021bia de usc\u0103ciune sau irita\u021bii. Formula este potrivit\u0103 pentru toate tipurile de piele \u0219i pentru utilizare zilnic\u0103.<\/p>\n<p data-start=\"2591\" data-end=\"2745\">Aroma dulce \u0219i fructat\u0103 de <strong data-start=\"2618\" data-end=\"2639\">miere \u0219i piersic\u0103<\/strong> \u00eembin\u0103 pl\u0103cut senza\u021bia de prospe\u021bime \u0219i relaxare \u00een timpul du\u0219ului.<\/p>\n<p><strong>Arom\u0103:<\/strong> miere, piersic\u0103<\/p>\n<p><strong>Volum:<\/strong> 480ml<\/p>\n<p><strong data-start=\"1127\" data-end=\"1148\">Mod de utilizare: <\/strong><span class=\"relative -mx-px my-[-0.2rem] rounded px-px py-[0.2rem] transition-colors duration-100 ease-in-out\">Aplica\u021bi o cantitate mic\u0103 de produs pe p\u0103rul \u0219i corpul umed, masa\u021bi p\u00e2n\u0103 la formarea spumei, apoi cl\u0103ti\u021bi bine cu ap\u0103.<\/span><\/p>\n<p><span style=\"font-size: 100%;\"><strong>Aten\u021bie:<\/strong> numai pentru uz extern. \u00cen caz de contact cu ochii, cl\u0103ti\u021bi cu mult\u0103 ap\u0103. A nu se lasa la indemana copiilor.<\/span><\/p>","protected":false},"excerpt":{"rendered":"<p><span style=\"font-size: 100%;\">Nishman Shower&amp;Scrab Honey Peach cur\u0103\u021b\u0103 \u0219i exfoliaz\u0103 delicat pielea, l\u0103s\u00e2nd o senza\u021bie de prospe\u021bime \u0219i un parfum dulce de miere \u0219i piersic\u0103.<\/span><span style=\"font-size: 100%;\"><\/span><\/p>\n","protected":false},"featured_media":7536,"template":"","meta":[],"product_brand":[],"product_cat":[31,33,200],"product_tag":[],"class_list":{"0":"post-7535","1":"product","2":"type-product","3":"status-publish","4":"has-post-thumbnail","6":"product_cat-ingrijirea-par-barbati","7":"product_cat-ingrijirea-fetei","8":"product_cat-ingrijirea-fata-corp","9":"pa_brand-nishman","10":"pa_felul-produsului-gel-de-dus","11":"pa_felul-produsului-tip-scrub","12":"pa_producator-turcia","13":"pa_volum-480ml","15":"first","16":"instock","17":"featured","18":"shipping-taxable","19":"purchasable","20":"product-type-simple"},"_links":{"self":[{"href":"https:\/\/cool-style.md\/ro\/wp-json\/wp\/v2\/product\/7535","targetHints":{"allow":["GET"]}}],"collection":[{"href":"https:\/\/cool-style.md\/ro\/wp-json\/wp\/v2\/product"}],"about":[{"href":"https:\/\/cool-style.md\/ro\/wp-json\/wp\/v2\/types\/product"}],"wp:featuredmedia":[{"embeddable":true,"href":"https:\/\/cool-style.md\/ro\/wp-json\/wp\/v2\/media\/7536"}],"wp:attachment":[{"href":"https:\/\/cool-style.md\/ro\/wp-json\/wp\/v2\/media?parent=7535"}],"wp:term":[{"taxonomy":"product_brand","embeddable":true,"href":"https:\/\/cool-style.md\/ro\/wp-json\/wp\/v2\/product_brand?post=7535"},{"taxonomy":"product_cat","embeddable":true,"href":"https:\/\/cool-style.md\/ro\/wp-json\/wp\/v2\/product_cat?post=7535"},{"taxonomy":"product_tag","embeddable":true,"href":"https:\/\/cool-style.md\/ro\/wp-json\/wp\/v2\/product_tag?post=7535"}],"curies":[{"name":"wp","href":"https:\/\/api.w.org\/{rel}","templated":true}]}}