{"id":7575,"date":"2026-01-12T21:19:21","date_gmt":"2026-01-12T21:19:21","guid":{"rendered":"https:\/\/cool-style.md\/?post_type=product&#038;p=7575"},"modified":"2026-01-12T21:26:59","modified_gmt":"2026-01-12T21:26:59","slug":"jrl-hair-dryer-suport","status":"publish","type":"product","link":"https:\/\/cool-style.md\/ro\/product\/jrl-hair-dryer-suport\/","title":{"rendered":"Suport pentru usc\u0103tor de p\u0103r JRL Hair Dryer Suport"},"content":{"rendered":"<h2 style=\"text-align: center;\">Suport pentru usc\u0103tor de p\u0103r JRL Hair Dryer Suport<\/h2>\n<p><span style=\"font-size: 100%;\"><a href=\"https:\/\/cool-style.md\/wp-content\/uploads\/2026\/01\/Cool-styl.md-JRL-Hair-Dryer-Suport.webp\"><img decoding=\"async\" class=\"wp-image-7579 alignleft\" src=\"https:\/\/cool-style.md\/wp-content\/uploads\/2026\/01\/Cool-styl.md-JRL-Hair-Dryer-Suport-400x400.webp\" alt=\"Cool-styl.md JRL Hair Dryer Suport\" width=\"250\" height=\"250\" srcset=\"https:\/\/cool-style.md\/wp-content\/uploads\/2026\/01\/Cool-styl.md-JRL-Hair-Dryer-Suport-400x400.webp 400w, https:\/\/cool-style.md\/wp-content\/uploads\/2026\/01\/Cool-styl.md-JRL-Hair-Dryer-Suport-800x800.webp 800w, https:\/\/cool-style.md\/wp-content\/uploads\/2026\/01\/Cool-styl.md-JRL-Hair-Dryer-Suport-280x280.webp 280w, https:\/\/cool-style.md\/wp-content\/uploads\/2026\/01\/Cool-styl.md-JRL-Hair-Dryer-Suport-768x768.webp 768w, https:\/\/cool-style.md\/wp-content\/uploads\/2026\/01\/Cool-styl.md-JRL-Hair-Dryer-Suport-1536x1536.webp 1536w, https:\/\/cool-style.md\/wp-content\/uploads\/2026\/01\/Cool-styl.md-JRL-Hair-Dryer-Suport-300x300.webp 300w, https:\/\/cool-style.md\/wp-content\/uploads\/2026\/01\/Cool-styl.md-JRL-Hair-Dryer-Suport-510x510.webp 510w, https:\/\/cool-style.md\/wp-content\/uploads\/2026\/01\/Cool-styl.md-JRL-Hair-Dryer-Suport-100x100.webp 100w, https:\/\/cool-style.md\/wp-content\/uploads\/2026\/01\/Cool-styl.md-JRL-Hair-Dryer-Suport.webp 1920w\" sizes=\"(max-width: 250px) 100vw, 250px\" \/><\/a><\/span><\/p>\n<p data-start=\"2238\" data-end=\"2624\"><strong data-start=\"2238\" data-end=\"2284\"><a href=\"https:\/\/www.jrlusa.com\/\" target=\"_blank\" rel=\"noopener\">JRL<\/a>-NA0065<\/strong> este un accesoriu profesionist pentru <strong data-start=\"2323\" data-end=\"2382\"><a href=\"https:\/\/cool-style.md\/felul-produsului\/suport\/\">fixarea<\/a> \u0219i depozitarea usc\u0103torului de p\u0103r JRL Forte PRO<\/strong> \u00een timpul utiliz\u0103rii. Acest suport stabil men\u021bine ordinea pe masa de lucru, elibereaz\u0103 m\u00e2inile stilistului \u0219i reduce riscul de c\u0103dere a aparatelor, fiind ideal at\u00e2t pentru salon, c\u00e2t \u0219i pentru uz casnic.<\/p>\n<p data-start=\"2626\" data-end=\"2844\">Designul robust \u0219i ergonomic permite pozi\u021bionarea \u00een siguran\u021b\u0103 a usc\u0103torului, prevenind supra\u00eenc\u0103lzirea \u00eentre utiliz\u0103ri \u0219i \u00eembun\u0103t\u0103\u021bind confortul \u00een timpul procesului de styling.<\/p>\n<ul>\n<li data-start=\"2869\" data-end=\"3002\"><strong data-start=\"2872\" data-end=\"2909\">Depozitare practic\u0103 a usc\u0103torului<\/strong> \u2014 suportul asigur\u0103 fixarea ferm\u0103 a dispozitivului.<\/li>\n<li data-start=\"3005\" data-end=\"3114\"><strong data-start=\"3009\" data-end=\"3040\">Protec\u021bie pentru echipament<\/strong> \u2014 previne c\u0103derile accidentale.<\/li>\n<li data-start=\"3117\" data-end=\"3234\"><strong data-start=\"3120\" data-end=\"3153\">Reduce riscul supra\u00eenc\u0103lzirii<\/strong> \u2014 pozi\u021bionarea optimizeaz\u0103 ventilarea.<\/li>\n<li data-start=\"3237\" data-end=\"3350\"><strong data-start=\"3240\" data-end=\"3252\">Versatil<\/strong> \u2014 potrivit pentru saloane, barbershop-uri \u0219i uz casnic.<\/li>\n<li data-start=\"3353\" data-end=\"3468\"><strong data-start=\"3356\" data-end=\"3386\">Montaj \u0219i utilizare simple<\/strong> \u2014 se integreaz\u0103 u\u0219or \u00een spa\u021biul de lucru.<\/li>\n<\/ul>\n<p><span style=\"font-size: 100%;\"><\/span><\/p>","protected":false},"excerpt":{"rendered":"<p><span style=\"font-size: 100%;\">JRL Hair Dryer Suport &#8211; ofer\u0103 fixare sigur\u0103 pentru usc\u0103tor \u0219i men\u021bine ordinea \u0219i protec\u021bia echipamentului.<\/span><span style=\"font-size: 100%;\"><\/span><\/p>\n","protected":false},"featured_media":7578,"template":"","meta":[],"product_brand":[],"product_cat":[29,132],"product_tag":[],"class_list":{"0":"post-7575","1":"product","2":"type-product","3":"status-publish","4":"has-post-thumbnail","6":"product_cat-accesorii","7":"product_cat-diverse-accesorii","8":"pa_brand-jrl-professional","9":"pa_felul-produsului-suport","10":"pa_producator-china","12":"first","13":"instock","14":"featured","15":"shipping-taxable","16":"purchasable","17":"product-type-simple"},"_links":{"self":[{"href":"https:\/\/cool-style.md\/ro\/wp-json\/wp\/v2\/product\/7575","targetHints":{"allow":["GET"]}}],"collection":[{"href":"https:\/\/cool-style.md\/ro\/wp-json\/wp\/v2\/product"}],"about":[{"href":"https:\/\/cool-style.md\/ro\/wp-json\/wp\/v2\/types\/product"}],"wp:featuredmedia":[{"embeddable":true,"href":"https:\/\/cool-style.md\/ro\/wp-json\/wp\/v2\/media\/7578"}],"wp:attachment":[{"href":"https:\/\/cool-style.md\/ro\/wp-json\/wp\/v2\/media?parent=7575"}],"wp:term":[{"taxonomy":"product_brand","embeddable":true,"href":"https:\/\/cool-style.md\/ro\/wp-json\/wp\/v2\/product_brand?post=7575"},{"taxonomy":"product_cat","embeddable":true,"href":"https:\/\/cool-style.md\/ro\/wp-json\/wp\/v2\/product_cat?post=7575"},{"taxonomy":"product_tag","embeddable":true,"href":"https:\/\/cool-style.md\/ro\/wp-json\/wp\/v2\/product_tag?post=7575"}],"curies":[{"name":"wp","href":"https:\/\/api.w.org\/{rel}","templated":true}]}}