{"id":7601,"date":"2026-01-12T22:14:45","date_gmt":"2026-01-12T22:14:45","guid":{"rendered":"https:\/\/cool-style.md\/?post_type=product&#038;p=7601"},"modified":"2026-01-12T22:21:38","modified_gmt":"2026-01-12T22:21:38","slug":"jrl-barber-brush-25mm","status":"publish","type":"product","link":"https:\/\/cool-style.md\/ro\/product\/jrl-barber-brush-25mm\/","title":{"rendered":"Perie de coafat p\u0103rul JRL Barber Brush 25mm"},"content":{"rendered":"<p><span style=\"font-size: 75%;\"><\/span><\/p>\n<h2><span style=\"font-size: 75%;\">Perie de coafat p\u0103rul JRL Barber Brush 25mm<\/span><\/h2>\n<div>\n<p><a href=\"https:\/\/cool-style.md\/wp-content\/uploads\/2026\/01\/Cool-style.md-JRL-Barber-Brush-.jpg\"><img decoding=\"async\" class=\" wp-image-7598 alignleft\" src=\"https:\/\/cool-style.md\/wp-content\/uploads\/2026\/01\/Cool-style.md-JRL-Barber-Brush--280x400.jpg\" alt=\"Cool-style.md JRL Barber Brush\" width=\"222\" height=\"317\" srcset=\"https:\/\/cool-style.md\/wp-content\/uploads\/2026\/01\/Cool-style.md-JRL-Barber-Brush--280x400.jpg 280w, https:\/\/cool-style.md\/wp-content\/uploads\/2026\/01\/Cool-style.md-JRL-Barber-Brush-.jpg 466w\" sizes=\"(max-width: 222px) 100vw, 222px\" \/><\/a>Peria termic\u0103 de la produc\u0103torul <a href=\"https:\/\/www.jrlusa.com\/\" target=\"_blank\" rel=\"noopener\">JRL Professional<\/a> este un <a href=\"https:\/\/www.jrlusa.com\/\" target=\"_blank\" rel=\"noopener\">accesoriu<\/a> necesar pentru orice salon. Este o perie profesional\u0103 creat\u0103 pentru a \u00eendep\u0103rta rapid \u0219i delicat firele de p\u0103r de pe g\u00e2t, fa\u021b\u0103 \u0219i umeri dup\u0103 tuns sau b\u0103rbierit. Perii moi, dar rezisten\u021bi, cur\u0103\u021b\u0103 eficient f\u0103r\u0103 a irita pielea, fiind potrivi\u021bi chiar \u0219i pentru pielea sensibil\u0103.<\/p>\n<p data-start=\"1738\" data-end=\"1908\">Este un accesoriu indispensabil \u00een barbershop-uri \u0219i saloane, oferind un finisaj curat \u0219i \u00eengrijit fiec\u0103rei proceduri. M\u00e2nerul ergonomic asigur\u0103 confort \u0219i control maxim.<\/p>\n<h3 data-start=\"1915\" data-end=\"1930\">Avantaje:<\/h3>\n<ul data-start=\"1932\" data-end=\"2217\">\n<li data-start=\"1932\" data-end=\"1992\">\n<p data-start=\"1934\" data-end=\"1992\"><strong data-start=\"1937\" data-end=\"1949\">Peri moi<\/strong> \u2014 protejeaz\u0103 pielea \u0219i previn irita\u021biile<\/p>\n<\/li>\n<li data-start=\"1993\" data-end=\"2039\">\n<p data-start=\"1995\" data-end=\"2039\"><strong data-start=\"1998\" data-end=\"2037\">\u00cendep\u0103rteaz\u0103 eficient firele t\u0103iate<\/strong><\/p>\n<\/li>\n<li data-start=\"2040\" data-end=\"2090\">\n<p data-start=\"2042\" data-end=\"2090\"><strong data-start=\"2044\" data-end=\"2063\">M\u00e2ner ergonomic<\/strong> \u2014 utilizare confortabil\u0103<\/p>\n<\/li>\n<li data-start=\"2091\" data-end=\"2130\">\n<p data-start=\"2093\" data-end=\"2130\"><strong data-start=\"2096\" data-end=\"2128\">Ideal\u0103 pentru uz profesional<\/strong><\/p>\n<\/li>\n<li data-start=\"2131\" data-end=\"2170\">\n<p data-start=\"2133\" data-end=\"2170\"><strong data-start=\"2137\" data-end=\"2168\">U\u0219or de cur\u0103\u021bat \u0219i igienic\u0103<\/strong><\/p>\n<\/li>\n<li data-start=\"2171\" data-end=\"2217\">\n<p data-start=\"2173\" data-end=\"2217\"><strong data-start=\"2176\" data-end=\"2217\">Ofer\u0103 un finisaj curat \u0219i profesional<\/strong><\/p>\n<\/li>\n<\/ul>\n<ul>\n<li><strong>Diametru:<\/strong> 25 mm.<\/li>\n<\/ul>\n<\/div>","protected":false},"excerpt":{"rendered":"<p><span style=\"font-size: 100%;\">JRL Barber Brush 25mm &#8211; perie profesional\u0103 cu peri moi pentru \u00eendep\u0103rtarea delicat\u0103 a firelor de p\u0103r de pe g\u00e2t, fa\u021b\u0103 \u0219i umeri.<\/span><span style=\"font-size: 100%;\"><\/span><\/p>\n","protected":false},"featured_media":7602,"template":"","meta":[],"product_brand":[],"product_cat":[29,131],"product_tag":[],"class_list":{"0":"post-7601","1":"product","2":"type-product","3":"status-publish","4":"has-post-thumbnail","6":"product_cat-accesorii","7":"product_cat-piepteni-si-perii","8":"pa_brand-jrl-professional","9":"pa_felul-produsului-tip-pieptene","10":"pa_felul-produsului-tip-perie","11":"pa_producator-china","13":"first","14":"instock","15":"shipping-taxable","16":"purchasable","17":"product-type-simple"},"_links":{"self":[{"href":"https:\/\/cool-style.md\/ro\/wp-json\/wp\/v2\/product\/7601","targetHints":{"allow":["GET"]}}],"collection":[{"href":"https:\/\/cool-style.md\/ro\/wp-json\/wp\/v2\/product"}],"about":[{"href":"https:\/\/cool-style.md\/ro\/wp-json\/wp\/v2\/types\/product"}],"wp:featuredmedia":[{"embeddable":true,"href":"https:\/\/cool-style.md\/ro\/wp-json\/wp\/v2\/media\/7602"}],"wp:attachment":[{"href":"https:\/\/cool-style.md\/ro\/wp-json\/wp\/v2\/media?parent=7601"}],"wp:term":[{"taxonomy":"product_brand","embeddable":true,"href":"https:\/\/cool-style.md\/ro\/wp-json\/wp\/v2\/product_brand?post=7601"},{"taxonomy":"product_cat","embeddable":true,"href":"https:\/\/cool-style.md\/ro\/wp-json\/wp\/v2\/product_cat?post=7601"},{"taxonomy":"product_tag","embeddable":true,"href":"https:\/\/cool-style.md\/ro\/wp-json\/wp\/v2\/product_tag?post=7601"}],"curies":[{"name":"wp","href":"https:\/\/api.w.org\/{rel}","templated":true}]}}