{"id":7603,"date":"2026-01-12T22:17:00","date_gmt":"2026-01-12T22:17:00","guid":{"rendered":"https:\/\/cool-style.md\/?post_type=product&#038;p=7603"},"modified":"2026-01-12T22:23:13","modified_gmt":"2026-01-12T22:23:13","slug":"jrl-face-mask","status":"publish","type":"product","link":"https:\/\/cool-style.md\/ro\/product\/jrl-face-mask\/","title":{"rendered":"Masc\u0103 de protec\u021bie JRL Face Mask"},"content":{"rendered":"<p><span style=\"font-size: 75%;\"><\/span><\/p>\n<h2><span style=\"font-size: 75%;\">Masc\u0103 de protec\u021bie JRL Face Mask<\/span><\/h2>\n<div>\n<p>Peria termic\u0103 de la produc\u0103torul <a href=\"https:\/\/www.jrlusa.com\/\" target=\"_blank\" rel=\"noopener\">JRL Professional<\/a> este un <a href=\"https:\/\/www.jrlusa.com\/\" target=\"_blank\" rel=\"noopener\">accesoriu<\/a> necesar pentru orice salon. Este un produs comod \u0219i fiabil destinat protej\u0103rii c\u0103ilor respiratorii \u00een via\u021ba de zi cu zi. Realizat\u0103 din material moale \u0219i hipoalergenic, masca asigur\u0103 respira\u021bie confortabil\u0103, reduce riscul irita\u021biilor skinului \u0219i ofer\u0103 o barier\u0103 eficient\u0103 \u00eempotriva prafului, aerosolilor \u0219i particulelor fine. Ideal\u0103 pentru angaja\u021bii din saloane, clien\u021bi \u0219i pentru uz public.<\/p>\n<p data-start=\"1997\" data-end=\"2168\">Forma ergonomic\u0103 \u0219i elementele elastice asigur\u0103 o potrivire bun\u0103 pe fa\u021b\u0103 f\u0103r\u0103 disconfort, iar materialul respirabil permite purtarea \u00eendelungat\u0103 f\u0103r\u0103 senza\u021bie de sufocare.<\/p>\n<h3 data-start=\"2175\" data-end=\"2190\">Avantaje:<\/h3>\n<ul data-start=\"2192\" data-end=\"2556\">\n<li data-start=\"2192\" data-end=\"2251\">\n<p data-start=\"2194\" data-end=\"2251\"><strong data-start=\"2197\" data-end=\"2232\">Material hipoalergenic \u0219i moale<\/strong> \u2014 confort sporit<\/p>\n<\/li>\n<li data-start=\"2252\" data-end=\"2305\">\n<p data-start=\"2254\" data-end=\"2305\"><strong data-start=\"2258\" data-end=\"2303\">Protec\u021bie eficient\u0103 a c\u0103ilor respiratorii<\/strong><\/p>\n<\/li>\n<li data-start=\"2306\" data-end=\"2359\">\n<p data-start=\"2308\" data-end=\"2359\"><strong data-start=\"2311\" data-end=\"2331\">Design ergonomic<\/strong> \u2014 se muleaz\u0103 bine pe fa\u021b\u0103<\/p>\n<\/li>\n<li data-start=\"2360\" data-end=\"2419\">\n<p data-start=\"2362\" data-end=\"2419\"><strong data-start=\"2365\" data-end=\"2396\">Benzi elastice confortabile<\/strong> \u2014 nu apas\u0103 pe urechi<\/p>\n<\/li>\n<li data-start=\"2420\" data-end=\"2483\">\n<p data-start=\"2422\" data-end=\"2483\"><strong data-start=\"2425\" data-end=\"2447\">U\u0219or de \u00eentre\u021binut<\/strong> \u2014 reutilizabil\u0103 \u0219i u\u0219or de sp\u0103lat<\/p>\n<\/li>\n<li data-start=\"2484\" data-end=\"2556\">\n<p data-start=\"2486\" data-end=\"2556\"><strong data-start=\"2490\" data-end=\"2514\">Utilizare universal\u0103<\/strong> \u2014 pentru salon, strad\u0103, transport \u0219i cas\u0103<\/p>\n<\/li>\n<\/ul>\n<\/div>","protected":false},"excerpt":{"rendered":"<p><span style=\"font-size: 100%;\">JRL Face Mask &#8211; masc\u0103 reutilizabil\u0103, hipoalergenic\u0103 \u0219i confortabil\u0103 pentru protec\u021bia sigur\u0103 a c\u0103ilor respiratorii.<\/span><span style=\"font-size: 100%;\"><\/span><\/p>\n","protected":false},"featured_media":7604,"template":"","meta":[],"product_brand":[],"product_cat":[29,132],"product_tag":[],"class_list":{"0":"post-7603","1":"product","2":"type-product","3":"status-publish","4":"has-post-thumbnail","6":"product_cat-accesorii","7":"product_cat-diverse-accesorii","8":"pa_brand-jrl-professional","9":"pa_felul-produsului-tip-masca","10":"pa_producator-china","12":"first","13":"instock","14":"shipping-taxable","15":"purchasable","16":"product-type-simple"},"_links":{"self":[{"href":"https:\/\/cool-style.md\/ro\/wp-json\/wp\/v2\/product\/7603","targetHints":{"allow":["GET"]}}],"collection":[{"href":"https:\/\/cool-style.md\/ro\/wp-json\/wp\/v2\/product"}],"about":[{"href":"https:\/\/cool-style.md\/ro\/wp-json\/wp\/v2\/types\/product"}],"wp:featuredmedia":[{"embeddable":true,"href":"https:\/\/cool-style.md\/ro\/wp-json\/wp\/v2\/media\/7604"}],"wp:attachment":[{"href":"https:\/\/cool-style.md\/ro\/wp-json\/wp\/v2\/media?parent=7603"}],"wp:term":[{"taxonomy":"product_brand","embeddable":true,"href":"https:\/\/cool-style.md\/ro\/wp-json\/wp\/v2\/product_brand?post=7603"},{"taxonomy":"product_cat","embeddable":true,"href":"https:\/\/cool-style.md\/ro\/wp-json\/wp\/v2\/product_cat?post=7603"},{"taxonomy":"product_tag","embeddable":true,"href":"https:\/\/cool-style.md\/ro\/wp-json\/wp\/v2\/product_tag?post=7603"}],"curies":[{"name":"wp","href":"https:\/\/api.w.org\/{rel}","templated":true}]}}