{"id":7606,"date":"2026-01-12T22:30:34","date_gmt":"2026-01-12T22:30:34","guid":{"rendered":"https:\/\/cool-style.md\/?post_type=product&#038;p=7606"},"modified":"2026-01-12T22:31:51","modified_gmt":"2026-01-12T22:31:51","slug":"jrl-spray-bottle-jrl-jc00375","status":"publish","type":"product","link":"https:\/\/cool-style.md\/ro\/product\/jrl-spray-bottle-jrl-jc00375\/","title":{"rendered":"Pulverizator automat negru JRL Spray Bottle JRL-JC00375"},"content":{"rendered":"<h2><span style=\"font-size: 75%;\">Pulverizator automat JRL Spray Bottle JRL-JC00375<\/span><\/h2>\n<div>\n<div>\n<p>Pulverizator practic de la produc\u0103torul <a href=\"https:\/\/www.jrlusa.com\/\" target=\"_blank\" rel=\"noopener\">JRL Professional<\/a> este un <a href=\"https:\/\/cool-style.md\/ru\/accesorii\/\">accesoriu<\/a> indispensabil pentru orice stilist. Este un pulverizator profesional modern, conceput pentru utilizare intensiv\u0103 \u00een saloane \u0219i barbershop-uri. Ofer\u0103 un <strong data-start=\"1756\" data-end=\"1778\">jet fin, tip cea\u021b\u0103<\/strong>, care umeze\u0219te uniform p\u0103rul f\u0103r\u0103 a-l \u00eembiba.<\/p>\n<p data-start=\"1826\" data-end=\"2060\">Mecanismul automat produce <strong data-start=\"1853\" data-end=\"1898\">pulverizare continu\u0103 cu o singur\u0103 ap\u0103sare<\/strong>, reduc\u00e2nd oboseala m\u00e2inii \u0219i cresc\u00e2nd eficien\u021ba muncii. Este ideal pentru tuns, coafat, preg\u0103tirea p\u0103rului pentru b\u0103rbierit \u0219i aplicarea produselor de \u00eengrijire.<\/p>\n<h3 data-start=\"2067\" data-end=\"2082\">Avantaje:<\/h3>\n<ul data-start=\"2084\" data-end=\"2370\">\n<li data-start=\"2084\" data-end=\"2124\">\n<p data-start=\"2086\" data-end=\"2124\"><strong data-start=\"2090\" data-end=\"2122\">Pulverizare fin\u0103 \u0219i uniform\u0103<\/strong><\/p>\n<\/li>\n<li data-start=\"2125\" data-end=\"2169\">\n<p data-start=\"2127\" data-end=\"2169\"><strong data-start=\"2130\" data-end=\"2150\">Mecanism automat<\/strong> \u2014 spray continuu<\/p>\n<\/li>\n<li data-start=\"2170\" data-end=\"2206\">\n<p data-start=\"2172\" data-end=\"2206\"><strong data-start=\"2174\" data-end=\"2204\">Confort sporit pentru m\u00e2n\u0103<\/strong><\/p>\n<\/li>\n<li data-start=\"2207\" data-end=\"2245\">\n<p data-start=\"2209\" data-end=\"2245\"><strong data-start=\"2212\" data-end=\"2243\">Ideal pentru uz profesional<\/strong><\/p>\n<\/li>\n<li data-start=\"2246\" data-end=\"2295\">\n<p data-start=\"2248\" data-end=\"2295\"><strong data-start=\"2251\" data-end=\"2293\">Compatibil cu ap\u0103 \u0219i solu\u021bii cosmetice<\/strong><\/p>\n<\/li>\n<li data-start=\"2296\" data-end=\"2330\">\n<p data-start=\"2298\" data-end=\"2330\"><strong data-start=\"2302\" data-end=\"2328\">Construc\u021bie rezistent\u0103<\/strong><\/p>\n<\/li>\n<li data-start=\"2331\" data-end=\"2370\">\n<p data-start=\"2333\" data-end=\"2370\"><strong data-start=\"2336\" data-end=\"2370\">Control precis al pulveriz\u0103rii<\/strong><\/p>\n<\/li>\n<\/ul>\n<\/div>\n<div><strong>Culoare:<\/strong> negru<\/div>\n<div><strong>Capacitate:<\/strong> 150 ml<\/div>\n<\/div>","protected":false},"excerpt":{"rendered":"<p><span style=\"font-size: 100%;\">JRL Spray Bottle JRL-JC00375 &#8211; spray profesional cu cea\u021b\u0103 fin\u0103 pentru umezirea uniform\u0103 a p\u0103rului \u00een salon \u0219i barbershop.<\/span><\/p>\n","protected":false},"featured_media":7607,"template":"","meta":[],"product_brand":[],"product_cat":[29,132],"product_tag":[],"class_list":{"0":"post-7606","1":"product","2":"type-product","3":"status-publish","4":"has-post-thumbnail","6":"product_cat-accesorii","7":"product_cat-diverse-accesorii","8":"pa_brand-jrl-professional","9":"pa_felul-produsului-pulverizator","10":"pa_producator-china","12":"first","13":"instock","14":"featured","15":"shipping-taxable","16":"purchasable","17":"product-type-simple"},"_links":{"self":[{"href":"https:\/\/cool-style.md\/ro\/wp-json\/wp\/v2\/product\/7606","targetHints":{"allow":["GET"]}}],"collection":[{"href":"https:\/\/cool-style.md\/ro\/wp-json\/wp\/v2\/product"}],"about":[{"href":"https:\/\/cool-style.md\/ro\/wp-json\/wp\/v2\/types\/product"}],"wp:featuredmedia":[{"embeddable":true,"href":"https:\/\/cool-style.md\/ro\/wp-json\/wp\/v2\/media\/7607"}],"wp:attachment":[{"href":"https:\/\/cool-style.md\/ro\/wp-json\/wp\/v2\/media?parent=7606"}],"wp:term":[{"taxonomy":"product_brand","embeddable":true,"href":"https:\/\/cool-style.md\/ro\/wp-json\/wp\/v2\/product_brand?post=7606"},{"taxonomy":"product_cat","embeddable":true,"href":"https:\/\/cool-style.md\/ro\/wp-json\/wp\/v2\/product_cat?post=7606"},{"taxonomy":"product_tag","embeddable":true,"href":"https:\/\/cool-style.md\/ro\/wp-json\/wp\/v2\/product_tag?post=7606"}],"curies":[{"name":"wp","href":"https:\/\/api.w.org\/{rel}","templated":true}]}}